{"id":419926,"date":"2023-08-25T10:50:50","date_gmt":"2023-08-25T08:50:50","guid":{"rendered":"https:\/\/lucacastelli.com\/prodotto\/akku-exzenterschleifer-m18bos125-0\/"},"modified":"2025-06-29T08:11:59","modified_gmt":"2025-06-29T06:11:59","slug":"akku-exzenterschleifer-m18bos125-0","status":"publish","type":"product","link":"https:\/\/lucacastelli.com\/fr\/produit\/akku-exzenterschleifer-m18bos125-0\/","title":{"rendered":"Akku Exzenterschleifer M18BOS125-0"},"content":{"rendered":"<p>14 000 \u00e0 24 000 coups de meulage par le moteur haute performance Milwaukee\u00ae permettent d\u2019am\u00e9liorer l\u2019enl\u00e8vement de mati\u00e8re<br \/>\n\u00c9lectronique REDLINK\u2122 &#8211; la protection contre les surcharges de la machine et de la batterie assure une longue dur\u00e9e de vie<br \/>\nPr\u00e9s\u00e9lection de la vitesse \u00e0 6 niveaux pour un taux d\u2019enl\u00e8vement de mati\u00e8re sp\u00e9cifique au mat\u00e9riau<br \/>\nBac \u00e0 poussi\u00e8re avec filtre int\u00e9gr\u00e9<br \/>\nChangement de meule simple<br \/>\nNe p\u00e8se que 1,6 kg<br \/>\nL\u2019adaptateur fourni s\u2019adapte \u00e0 tous les aspirateurs Milwaukee<br \/>\nLa batterie REDLITHIUM-ION\u2122 offre une conception parfaitement calibr\u00e9e, une \u00e9lectronique avanc\u00e9e et une alimentation sans perte pour une dur\u00e9e de vie de l\u2019outil plus longue et plus longue que les mod\u00e8les pr\u00e9c\u00e9dents<br \/>\n100&nbsp;% compatible avec Milwaukee\u00ae M18\u2122<br \/>\nCaract\u00e9ristiques techniques&nbsp;:<\/p>\n<p>Batterie lithium-ion<br \/>\nPoids avec batterie (kg) 1,6<br \/>\nVitesse \u00e0 vide (min-1) 12 000<br \/>\nTaille du disque de pon\u00e7age \/ du papier abrasif (mm) 125<br \/>\nDiam\u00e8tre du circuit oscillant (mm) 2,4<br \/>\nVitesse de vibration (min-1) 14 000 &#8211; 24 000<br \/>\nTension (V) 18<br \/>\nContenu de la livraison :<br \/>\n sans batterie, sans sac \u00e0 outils, sans chargeur, sac \u00e0 poussi\u00e8re, adaptateur d\u2019aspiration,  Adaptateur d\u2019extension, 2 x papier de verre<\/p>\n","protected":false},"excerpt":{"rendered":"<p>14 000 \u00e0 24 000 coups de meulage par le moteur haute performance Milwaukee\u00ae permettent d\u2019am\u00e9liorer l\u2019enl\u00e8vement de mati\u00e8re \u00c9lectronique<\/p>\n","protected":false},"featured_media":57187,"template":"","meta":{"_seopress_robots_primary_cat":"","_seopress_titles_title":"","_seopress_titles_desc":"","_seopress_robots_index":""},"product_brand":[3658],"product_cat":[1453,1549,167],"product_tag":[],"class_list":{"0":"post-419926","1":"product","2":"type-product","3":"status-publish","4":"has-post-thumbnail","6":"product_brand-milwaukee-fr","7":"product_cat-autres-appareils","8":"product_cat-brosses","9":"product_cat-machines","11":"first","12":"onbackorder","13":"shipping-taxable","14":"purchasable","15":"product-type-simple"},"_links":{"self":[{"href":"https:\/\/lucacastelli.com\/fr\/wp-json\/wp\/v2\/product\/419926","targetHints":{"allow":["GET"]}}],"collection":[{"href":"https:\/\/lucacastelli.com\/fr\/wp-json\/wp\/v2\/product"}],"about":[{"href":"https:\/\/lucacastelli.com\/fr\/wp-json\/wp\/v2\/types\/product"}],"wp:featuredmedia":[{"embeddable":true,"href":"https:\/\/lucacastelli.com\/fr\/wp-json\/wp\/v2\/media\/57187"}],"wp:attachment":[{"href":"https:\/\/lucacastelli.com\/fr\/wp-json\/wp\/v2\/media?parent=419926"}],"wp:term":[{"taxonomy":"product_brand","embeddable":true,"href":"https:\/\/lucacastelli.com\/fr\/wp-json\/wp\/v2\/product_brand?post=419926"},{"taxonomy":"product_cat","embeddable":true,"href":"https:\/\/lucacastelli.com\/fr\/wp-json\/wp\/v2\/product_cat?post=419926"},{"taxonomy":"product_tag","embeddable":true,"href":"https:\/\/lucacastelli.com\/fr\/wp-json\/wp\/v2\/product_tag?post=419926"}],"curies":[{"name":"wp","href":"https:\/\/api.w.org\/{rel}","templated":true}]}}