{"id":419923,"date":"2023-07-17T18:48:47","date_gmt":"2023-07-17T16:48:47","guid":{"rendered":"https:\/\/lucacastelli.com\/prodotto\/akku-kombihammer-m18blhx-0x\/"},"modified":"2025-06-29T08:11:58","modified_gmt":"2025-06-29T06:11:58","slug":"akku-kombihammer-m18blhx-0x","status":"publish","type":"product","link":"https:\/\/lucacastelli.com\/fr\/produit\/akku-kombihammer-m18blhx-0x\/","title":{"rendered":"Akku-Kombihammer M18BLHX-0X"},"content":{"rendered":"<p>Perceuse Milwaukee avec 4 modes de fonctionnement : rotopercussion, burinage, rotation et position neutre pour l\u2019orientation du burin.<\/p>\n<p>L\u2019axe avec le syst\u00e8me FIXTEC permet un changement sans cl\u00e9.<\/p>\n<p>D\u00e9tail du produit&nbsp;:<\/p>\n<p>Article&nbsp;: 4933478891<br \/>\n\u00c9nergie d\u2019impact&nbsp;: 2,3 J<br \/>\nFr\u00e9quence d\u2019impact&nbsp;: 0-4900 coups \/ min<br \/>\nCapuchon de per\u00e7age maximum bois \/ m\u00e9tal \/ b\u00e9ton&nbsp;: 26 \/ 13 \/ 26 mm<br \/>\nVibration de per\u00e7age&nbsp;: 8,9 m\/s\u00b2<br \/>\nVibration de burinage&nbsp;: 9,5 m \/ s\u00b2<br \/>\nType de batterie&nbsp;: Li-ion<br \/>\nTension&nbsp;: 18 V<br \/>\nBo\u00eete de vitesses en m\u00e9tal<br \/>\nCompatible avec l\u2019unit\u00e9 d\u2019aspiration M18 CDEX<br \/>\nSans batterie<br \/>\nPrix par pi\u00e8ce.<\/p>\n<p>N.B.&nbsp;: BATTERIE NON INCLUSE ET \u00c0 COMMANDER S\u00c9PAR\u00c9MENT.<\/p>\n","protected":false},"excerpt":{"rendered":"<p>Perceuse Milwaukee avec 4 modes de fonctionnement : rotopercussion, burinage, rotation et position neutre pour l\u2019orientation du burin. L\u2019axe avec<\/p>\n","protected":false},"featured_media":57143,"template":"","meta":{"_seopress_robots_primary_cat":"","_seopress_titles_title":"","_seopress_titles_desc":"","_seopress_robots_index":""},"product_brand":[3407],"product_cat":[29,514,549],"product_tag":[],"class_list":{"0":"post-419923","1":"product","2":"type-product","3":"status-publish","4":"has-post-thumbnail","6":"product_brand-milwaukee","7":"product_cat-macchinari","8":"product_cat-altri-dispositivi","9":"product_cat-trapani-e-avvitatori","11":"first","12":"onbackorder","13":"shipping-taxable","14":"purchasable","15":"product-type-simple"},"_links":{"self":[{"href":"https:\/\/lucacastelli.com\/fr\/wp-json\/wp\/v2\/product\/419923","targetHints":{"allow":["GET"]}}],"collection":[{"href":"https:\/\/lucacastelli.com\/fr\/wp-json\/wp\/v2\/product"}],"about":[{"href":"https:\/\/lucacastelli.com\/fr\/wp-json\/wp\/v2\/types\/product"}],"wp:featuredmedia":[{"embeddable":true,"href":"https:\/\/lucacastelli.com\/fr\/wp-json\/wp\/v2\/media\/57143"}],"wp:attachment":[{"href":"https:\/\/lucacastelli.com\/fr\/wp-json\/wp\/v2\/media?parent=419923"}],"wp:term":[{"taxonomy":"product_brand","embeddable":true,"href":"https:\/\/lucacastelli.com\/fr\/wp-json\/wp\/v2\/product_brand?post=419923"},{"taxonomy":"product_cat","embeddable":true,"href":"https:\/\/lucacastelli.com\/fr\/wp-json\/wp\/v2\/product_cat?post=419923"},{"taxonomy":"product_tag","embeddable":true,"href":"https:\/\/lucacastelli.com\/fr\/wp-json\/wp\/v2\/product_tag?post=419923"}],"curies":[{"name":"wp","href":"https:\/\/api.w.org\/{rel}","templated":true}]}}