{"id":419916,"date":"2023-07-17T18:47:19","date_gmt":"2023-07-17T16:47:19","guid":{"rendered":"https:\/\/lucacastelli.com\/prodotto\/akku-bohrschrauber-m18bdd-202x\/"},"modified":"2025-06-29T08:11:45","modified_gmt":"2025-06-29T06:11:45","slug":"akku-bohrschrauber-m18bdd-202x","status":"publish","type":"product","link":"https:\/\/lucacastelli.com\/fr\/produit\/akku-bohrschrauber-m18bdd-202x\/","title":{"rendered":"Akku-Bohrschrauber M18BDD-202X"},"content":{"rendered":"<p>Fonctionnalit\u00e9s:<\/p>\n<p>Moteur \u00e0 4 p\u00f4les pour une puissance maximale dans un design compact<br \/>\n\u00c9lectronique REDLINK\u2122 avec protection contre les surcharges dans la machine et la batterie<br \/>\nCarter de bo\u00eete de vitesses m\u00e9tallique robuste pour une puissance maximale et une longue dur\u00e9e de vie<br \/>\nMandrin rapide en m\u00e9tal de 13 mm avec verrouillage du mandrin<br \/>\nR\u00e9glage du couple \u00e0 17 niveaux et \u00e9tape de per\u00e7age<br \/>\nSurveillance d\u2019une seule cellule pour une dur\u00e9e de vie optimale de la batterie et une longue dur\u00e9e de vie de la batterie<br \/>\nIndicateur de charge<br \/>\nde la batterie \u00c9clairage LED de la zone de travail<br \/>\nLa batterie lithium-ion REDLITHIUM\u2122 offre une conception parfaitement calibr\u00e9e, une \u00e9lectronique avanc\u00e9e et une alimentation sans perte pour une dur\u00e9e de vie plus longue et une dur\u00e9e de vie plus longue de l\u2019embout.<br \/>\nPuissance d\u00e9livr\u00e9e pour une dur\u00e9e de vie et une durabilit\u00e9 plus longues que les mod\u00e8les pr\u00e9c\u00e9dents.<br \/>\n100&nbsp;% compatible avec la gamme de produits MILWAUKEE-M18\u00ae\u2122.<\/p>\n<p>Caract\u00e9ristiques techniques&nbsp;:<\/p>\n<p>Vitesse de ralenti en 1\u00e8re vitesse (min-1) 0 &#8211; 450<br \/>\nVitesse de ralenti en 2\u00e8me vitesse (min-1) 0 &#8211; 1800<br \/>\nPlage de serrage du mandrin (mm) 13<br \/>\n\u00d8 max. de la m\u00e8che dans le bois (mm) 38<br \/>\n\u00d8 max. du per\u00e7age dans le bois (mm) 38 \u00d8 du per\u00e7age dans l\u2019acier (mm) 13<br \/>\nCouple max. Couple (Nm) 50<br \/>\nPoids avec batterie (kg) 1,8  <\/p>\n<p>La livraison comprend :<\/p>\n<p>2 x 2.0Ah<br \/>\nBatteries M12-18C<br \/>\nChargeur Box HD<br \/>\nClip de ceinture<\/p>\n","protected":false},"excerpt":{"rendered":"<p>Fonctionnalit\u00e9s: Moteur \u00e0 4 p\u00f4les pour une puissance maximale dans un design compact \u00c9lectronique REDLINK\u2122 avec protection contre les surcharges<\/p>\n","protected":false},"featured_media":57128,"template":"","meta":{"_seopress_robots_primary_cat":"","_seopress_titles_title":"","_seopress_titles_desc":"","_seopress_robots_index":""},"product_brand":[3658],"product_cat":[1453,167,1552],"product_tag":[],"class_list":{"0":"post-419916","1":"product","2":"type-product","3":"status-publish","4":"has-post-thumbnail","6":"product_brand-milwaukee-fr","7":"product_cat-autres-appareils","8":"product_cat-machines","9":"product_cat-perceuses-et-tournevis","11":"first","12":"onbackorder","13":"shipping-taxable","14":"purchasable","15":"product-type-simple"},"_links":{"self":[{"href":"https:\/\/lucacastelli.com\/fr\/wp-json\/wp\/v2\/product\/419916","targetHints":{"allow":["GET"]}}],"collection":[{"href":"https:\/\/lucacastelli.com\/fr\/wp-json\/wp\/v2\/product"}],"about":[{"href":"https:\/\/lucacastelli.com\/fr\/wp-json\/wp\/v2\/types\/product"}],"wp:featuredmedia":[{"embeddable":true,"href":"https:\/\/lucacastelli.com\/fr\/wp-json\/wp\/v2\/media\/57128"}],"wp:attachment":[{"href":"https:\/\/lucacastelli.com\/fr\/wp-json\/wp\/v2\/media?parent=419916"}],"wp:term":[{"taxonomy":"product_brand","embeddable":true,"href":"https:\/\/lucacastelli.com\/fr\/wp-json\/wp\/v2\/product_brand?post=419916"},{"taxonomy":"product_cat","embeddable":true,"href":"https:\/\/lucacastelli.com\/fr\/wp-json\/wp\/v2\/product_cat?post=419916"},{"taxonomy":"product_tag","embeddable":true,"href":"https:\/\/lucacastelli.com\/fr\/wp-json\/wp\/v2\/product_tag?post=419916"}],"curies":[{"name":"wp","href":"https:\/\/api.w.org\/{rel}","templated":true}]}}