{"id":419914,"date":"2023-07-17T18:34:16","date_gmt":"2023-07-17T16:34:16","guid":{"rendered":"https:\/\/lucacastelli.com\/prodotto\/akku-bohrhammer-m18bh-0\/"},"modified":"2025-06-29T08:11:38","modified_gmt":"2025-06-29T06:11:38","slug":"akku-bohrhammer-m18bh-0","status":"publish","type":"product","link":"https:\/\/lucacastelli.com\/fr\/produit\/akku-bohrhammer-m18bh-0\/","title":{"rendered":"Akku-Bohrhammer M18BH-0"},"content":{"rendered":"<p>La combinaison id\u00e9ale de puissance et de maniabilit\u00e9 avec une \u00e9nergie d\u2019impact de 1,2 Jule pour un poids<br \/>\nde seulement 2,5 kg Un moteur \u00e0 4 p\u00f4les pour une puissance maximale dans un design compact<br \/>\nLa protection \u00e9lectronique contre les surcharges REDLINK\u2122 de la machine et de la batterie assure une longue dur\u00e9e de vie.<br \/>\nREDBATTERIE lithium-ion\u2122 avec surveillance \u00e0 cellule unique pour une longue autonomie et une longue dur\u00e9e de vie de la batterie<br \/>\nCourse droite-gauche et but\u00e9e d\u2019impact<br \/>\nOptimis\u00e9 pour des diam\u00e8tres de per\u00e7age de 4 \u00e0 10 mm, maximum 16 mm<br \/>\nM\u00e9canisme de percussion \u00e9lectropneumatique<br \/>\nDiam\u00e8tre du col de serrage de 43 mm, compatible avec le syst\u00e8me d\u2019extraction de batterie M12 DE<br \/>\nIndicateur de charge de la batterie<br \/>\n\u00c9clairage LED de la zone de travail<br \/>\nSyst\u00e8me 100&nbsp;% compatible avec Milwaukee\u00ae M18\u2122<br \/>\nInclus : poign\u00e9e suppl\u00e9mentaire, but\u00e9e de profondeur de forage<br \/>\nCaract\u00e9ristiques techniques&nbsp;:<\/p>\n<p>Batterie lithium-ion<br \/>\nCapacit\u00e9 de la batterie (Ah) 4.0<br \/>\nNombre de piles fournies 2<br \/>\nLivr\u00e9 dans une mallette de transport<br \/>\nPoids avec batterie (kg) 2,5<br \/>\nChargeur (temps de charge) 80 min<br \/>\nVitesse \u00e0 vide (min-1) 0 &#8211; 1300<br \/>\nDiam\u00e8tre maximum du foret dans le b\u00e9ton (mm) Diam\u00e8tre de per\u00e7age dans le b\u00e9ton (mm) 16<br \/>\nDiam\u00e8tre maximum de per\u00e7age dans le bois Diam\u00e8tre de per\u00e7age dans le bois (mm) 16<br \/>\nDiam\u00e8tre maximum de per\u00e7age dans l\u2019acier (mm) Diam\u00e8tre de per\u00e7age dans l\u2019acier (mm) 10<br \/>\nVitesse d\u2019impact maximale (min-1) Vitesse d\u2019impact (min-1) 7000<br \/>\nOptimis\u00e9 pour le diam\u00e8tre de foret [mm] \u00f8 5,5 &#8211; 13<br \/>\n\u00c9nergie d\u2019impact (EPTA) (J) 1,2<br \/>\n\u00c9nergie d\u2019impact (J) 1,2<br \/>\nTension (V) 18<br \/>\nLa livraison comprend :<\/p>\n<p>Poign\u00e9e suppl\u00e9mentaire avec but\u00e9e de profondeur de per\u00e7age<br \/>\nsans batterie<br \/>\nsans chargeur<br \/>\nsans mallette de transport<\/p>\n","protected":false},"excerpt":{"rendered":"<p>La combinaison id\u00e9ale de puissance et de maniabilit\u00e9 avec une \u00e9nergie d\u2019impact de 1,2 Jule pour un poids de seulement<\/p>\n","protected":false},"featured_media":57118,"template":"","meta":{"_seopress_robots_primary_cat":"","_seopress_titles_title":"","_seopress_titles_desc":"","_seopress_robots_index":""},"product_brand":[3658],"product_cat":[1453,167,1552],"product_tag":[],"class_list":{"0":"post-419914","1":"product","2":"type-product","3":"status-publish","4":"has-post-thumbnail","6":"product_brand-milwaukee-fr","7":"product_cat-autres-appareils","8":"product_cat-machines","9":"product_cat-perceuses-et-tournevis","11":"first","12":"onbackorder","13":"shipping-taxable","14":"purchasable","15":"product-type-simple"},"_links":{"self":[{"href":"https:\/\/lucacastelli.com\/fr\/wp-json\/wp\/v2\/product\/419914","targetHints":{"allow":["GET"]}}],"collection":[{"href":"https:\/\/lucacastelli.com\/fr\/wp-json\/wp\/v2\/product"}],"about":[{"href":"https:\/\/lucacastelli.com\/fr\/wp-json\/wp\/v2\/types\/product"}],"wp:featuredmedia":[{"embeddable":true,"href":"https:\/\/lucacastelli.com\/fr\/wp-json\/wp\/v2\/media\/57118"}],"wp:attachment":[{"href":"https:\/\/lucacastelli.com\/fr\/wp-json\/wp\/v2\/media?parent=419914"}],"wp:term":[{"taxonomy":"product_brand","embeddable":true,"href":"https:\/\/lucacastelli.com\/fr\/wp-json\/wp\/v2\/product_brand?post=419914"},{"taxonomy":"product_cat","embeddable":true,"href":"https:\/\/lucacastelli.com\/fr\/wp-json\/wp\/v2\/product_cat?post=419914"},{"taxonomy":"product_tag","embeddable":true,"href":"https:\/\/lucacastelli.com\/fr\/wp-json\/wp\/v2\/product_tag?post=419914"}],"curies":[{"name":"wp","href":"https:\/\/api.w.org\/{rel}","templated":true}]}}