{"id":419913,"date":"2023-07-02T16:18:03","date_gmt":"2023-07-02T14:18:03","guid":{"rendered":"https:\/\/lucacastelli.com\/prodotto\/carburant-akku-ratsche-3-8-m12fir38-201b\/"},"modified":"2025-06-29T08:11:27","modified_gmt":"2025-06-29T06:11:27","slug":"carburant-akku-ratsche-3-8-m12fir38-201b","status":"publish","type":"product","link":"https:\/\/lucacastelli.com\/fr\/produit\/carburant-akku-ratsche-3-8-m12fir38-201b\/","title":{"rendered":"CARBURANT\u2122 Akku-Ratsche 3\/8&#8243; M12FIR38-201B"},"content":{"rendered":"<p>Jusqu\u2019\u00e0 75 Nm de couple et 200 minutes<br \/>\nConception compacte pour un acc\u00e8s rapide dans toutes les applications, par exemple lors de travaux sur des moteurs ou des bo\u00eetes de vitesses.<br \/>\nMoteur brushless POWERSTATE\u2122 avec bo\u00eete de vitesses et carter renforc\u00e9s pour une longue dur\u00e9e de vie.<br \/>\nL\u2019\u00e9lectronique REDLINK PLUS\u2122 offre une protection num\u00e9rique avanc\u00e9e contre la surcharge de la machine et de la batterie, en maintenant une puissance constante sous charge.<br \/>\nLa batterie REDLITHIUM-ION\u2122 offre une conception parfaitement calibr\u00e9e, une \u00e9lectronique de pointe et une alimentation sans perte pour une dur\u00e9e de vie et une endurance plus longues que les mod\u00e8les pr\u00e9c\u00e9dents<br \/>\nInterrupteur d\u2019acc\u00e9l\u00e9rateur en m\u00e9tal plus long pour une utilisation facile<br \/>\nPoign\u00e9e rembourr\u00e9e souple pour une bonne prise en main<br \/>\n\u00c9clairage LED de la zone de travail<br \/>\nLivr\u00e9 avec adaptateur 1\/4<br \/>\n100&nbsp;% compatible avec la gamme de produits Milwaukee\u00ae M12\u2122<\/p>\n<p>Caract\u00e9ristiques techniques&nbsp;:<\/p>\n<p>Batterie lithium-ion<br \/>\nCapacit\u00e9 de la batterie (Ah) 2.0<br \/>\nNombre de batteries fournies 1<br \/>\nR\u00e9f\u00e9rence 4933459798<br \/>\nLivr\u00e9 dans un sac \u00e0 outils<br \/>\nPoids avec batterie (kg) 1.4<br \/>\nLongueur (mm) 307<br \/>\nChargeur (temps de charge) 40 min<br \/>\nVitesse \u00e0 vide (min-1) 0 &#8211; 200<br \/>\nCouple max. Couple (Nm) 75<br \/>\nTension (V) 12 <\/p>\n<p>Contenu de la livraison&nbsp;:<br \/>\n1 batterie 2,0 Ah, chargeur, sac.<\/p>\n","protected":false},"excerpt":{"rendered":"<p>Jusqu\u2019\u00e0 75 Nm de couple et 200 minutes Conception compacte pour un acc\u00e8s rapide dans toutes les applications, par exemple<\/p>\n","protected":false},"featured_media":57054,"template":"","meta":{"_seopress_robots_primary_cat":"","_seopress_titles_title":"","_seopress_titles_desc":"","_seopress_robots_index":""},"product_brand":[3658],"product_cat":[1453,167,1552],"product_tag":[],"class_list":{"0":"post-419913","1":"product","2":"type-product","3":"status-publish","4":"has-post-thumbnail","6":"product_brand-milwaukee-fr","7":"product_cat-autres-appareils","8":"product_cat-machines","9":"product_cat-perceuses-et-tournevis","11":"first","12":"onbackorder","13":"shipping-taxable","14":"purchasable","15":"product-type-simple"},"_links":{"self":[{"href":"https:\/\/lucacastelli.com\/fr\/wp-json\/wp\/v2\/product\/419913","targetHints":{"allow":["GET"]}}],"collection":[{"href":"https:\/\/lucacastelli.com\/fr\/wp-json\/wp\/v2\/product"}],"about":[{"href":"https:\/\/lucacastelli.com\/fr\/wp-json\/wp\/v2\/types\/product"}],"wp:featuredmedia":[{"embeddable":true,"href":"https:\/\/lucacastelli.com\/fr\/wp-json\/wp\/v2\/media\/57054"}],"wp:attachment":[{"href":"https:\/\/lucacastelli.com\/fr\/wp-json\/wp\/v2\/media?parent=419913"}],"wp:term":[{"taxonomy":"product_brand","embeddable":true,"href":"https:\/\/lucacastelli.com\/fr\/wp-json\/wp\/v2\/product_brand?post=419913"},{"taxonomy":"product_cat","embeddable":true,"href":"https:\/\/lucacastelli.com\/fr\/wp-json\/wp\/v2\/product_cat?post=419913"},{"taxonomy":"product_tag","embeddable":true,"href":"https:\/\/lucacastelli.com\/fr\/wp-json\/wp\/v2\/product_tag?post=419913"}],"curies":[{"name":"wp","href":"https:\/\/api.w.org\/{rel}","templated":true}]}}