{"id":419908,"date":"2023-07-02T16:30:17","date_gmt":"2023-07-02T14:30:17","guid":{"rendered":"https:\/\/lucacastelli.com\/prodotto\/carburant-akku-reifenaufraugerat-m12ftb-0\/"},"modified":"2025-06-29T08:11:25","modified_gmt":"2025-06-29T06:11:25","slug":"carburant-akku-reifenaufraugerat-m12ftb-0","status":"publish","type":"product","link":"https:\/\/lucacastelli.com\/fr\/produit\/carburant-akku-reifenaufraugerat-m12ftb-0\/","title":{"rendered":"CARBURANT\u2122 Akku-Reifenaufrauger\u00e4t M12FTB-0"},"content":{"rendered":"<p>Le d\u00e9grossisseur de pneus sans fil M12 FUEL\u2122 est \u00e9quip\u00e9 d\u2019une commande de vitesse \u00e0 deux vitesses pour l\u2019\u00e9bauche et le per\u00e7age.<br \/>\nR\u00e9glages de vitesse optimaux de 1200 min-1 en premi\u00e8re vitesse et 2500 min-1 en deuxi\u00e8me vitesse pour \u00e9viter de br\u00fbler ou d\u2019endommager le pneu.<br \/>\nPuissance de l\u2019air comprim\u00e9 et confort sans fil pour une meilleure accessibilit\u00e9 et maniabilit\u00e9 dans les espaces restreints.<br \/>\n\u2077\u2044\u2081\u2086&#8221; Entra\u00eenement direct hexagonal pour un remplacement rapide des accessoires<br \/>\nPuissance<br \/>\nsoutenue sans entrave La g\u00e2chette \u00e0 vitesse variable offre un excellent contr\u00f4le de l\u2019outil<br \/>\nLe verrouillage de la g\u00e2chette prolonge la dur\u00e9e de vie de l\u2019outil et de la batterie<br \/>\nIndicateur de charge de la batterie et \u00e9clairage LED de la zone de travail<br \/>\nLe M18 FUEL\u2122 est con\u00e7u pour les utilisateurs les plus exigeants. La technologie offre une puissance maximale et combine trois \u00e9l\u00e9ments cl\u00e9s : le moteur brushless POWERSTATE\u2122, la batterie REDLITHIUM\u2122 et l\u2019\u00e9lectronique REDLINK PLUS. \u2122 En combinant de mani\u00e8re optimale ces trois technologies MILWAUKEE\u00ae, nous obtenons des performances maximales avec la dur\u00e9e de vie la plus longue possible.<br \/>\n100&nbsp;% compatible avec la gamme de produits MILWAUKEE\u00ae M12\u2122.<br \/>\nCaract\u00e9ristiques techniques&nbsp;:  <\/p>\n<p>Accessoires de per\u00e7age Diam\u00e8tre max. (mm) : 9,5<br \/>\nPoids avec batterie (EPTA) (kg) : 1,1 (M12 B2)<br \/>\nVitesse de ralenti en 1\u00e8re vitesse (min-\u00b9) : 0-1200<br \/>\nVitesse de ralenti en 2\u00e8me vitesse (min-\u00b9) : 0-2500<br \/>\nAccessoires de polissage Diam\u00e8tre max. (mm) : 80<br \/>\nTension (V) : 12<br \/>\nPorte-outils : \u2077\u2044\u2081\u2086&#8221; Hexagone<br \/>\nContenu de la livraison :<\/p>\n<p>Adaptateur<br \/>\nsans piles, sans chargeur, sans \u00e9tui<\/p>\n","protected":false},"excerpt":{"rendered":"<p>Le d\u00e9grossisseur de pneus sans fil M12 FUEL\u2122 est \u00e9quip\u00e9 d\u2019une commande de vitesse \u00e0 deux vitesses pour l\u2019\u00e9bauche et<\/p>\n","protected":false},"featured_media":57059,"template":"","meta":{"_seopress_robots_primary_cat":"","_seopress_titles_title":"","_seopress_titles_desc":"","_seopress_robots_index":""},"product_brand":[3658],"product_cat":[1453,167,1552],"product_tag":[],"class_list":{"0":"post-419908","1":"product","2":"type-product","3":"status-publish","4":"has-post-thumbnail","6":"product_brand-milwaukee-fr","7":"product_cat-autres-appareils","8":"product_cat-machines","9":"product_cat-perceuses-et-tournevis","11":"first","12":"onbackorder","13":"shipping-taxable","14":"purchasable","15":"product-type-simple"},"_links":{"self":[{"href":"https:\/\/lucacastelli.com\/fr\/wp-json\/wp\/v2\/product\/419908","targetHints":{"allow":["GET"]}}],"collection":[{"href":"https:\/\/lucacastelli.com\/fr\/wp-json\/wp\/v2\/product"}],"about":[{"href":"https:\/\/lucacastelli.com\/fr\/wp-json\/wp\/v2\/types\/product"}],"wp:featuredmedia":[{"embeddable":true,"href":"https:\/\/lucacastelli.com\/fr\/wp-json\/wp\/v2\/media\/57059"}],"wp:attachment":[{"href":"https:\/\/lucacastelli.com\/fr\/wp-json\/wp\/v2\/media?parent=419908"}],"wp:term":[{"taxonomy":"product_brand","embeddable":true,"href":"https:\/\/lucacastelli.com\/fr\/wp-json\/wp\/v2\/product_brand?post=419908"},{"taxonomy":"product_cat","embeddable":true,"href":"https:\/\/lucacastelli.com\/fr\/wp-json\/wp\/v2\/product_cat?post=419908"},{"taxonomy":"product_tag","embeddable":true,"href":"https:\/\/lucacastelli.com\/fr\/wp-json\/wp\/v2\/product_tag?post=419908"}],"curies":[{"name":"wp","href":"https:\/\/api.w.org\/{rel}","templated":true}]}}