{"id":419903,"date":"2024-02-28T20:32:24","date_gmt":"2024-02-28T19:32:24","guid":{"rendered":"https:\/\/lucacastelli.com\/prodotto\/fuel-akku-schlagschrauber-1-2-vierkant-sprengring-m18fmtiw2f12-0x\/"},"modified":"2025-11-01T14:26:46","modified_gmt":"2025-11-01T13:26:46","slug":"fuel-akku-schlagschrauber-1-2-vierkant-sprengring-m18fmtiw2f12-0x","status":"publish","type":"product","link":"https:\/\/lucacastelli.com\/fr\/produit\/fuel-akku-schlagschrauber-1-2-vierkant-sprengring-m18fmtiw2f12-0x\/","title":{"rendered":"FUEL\u2122 Akku-Schlagschrauber 1\/2&#8243; Vierkant Sprengring M18FMTIW2F12-0X"},"content":{"rendered":"<p>Cl\u00e9 \u00e0 chocs M18\u2122FUEL\u2122 avec un couple de desserrage de 881 Nm et un couple de 745 Nm<br \/>\nConception extr\u00eamement compacte avec une longueur de seulement 152 mm, id\u00e9ale pour les applications dans les zones difficiles d\u2019acc\u00e8s<br \/>\nDRIVE CONTROL\u2122 permet \u00e0 l\u2019utilisateur de passer d\u2019une vitesse \u00e0 l\u2019autre et de r\u00e9gler le couple.<br \/>\nTravail pr\u00e9cis, permet d\u2019\u00e9viter d\u2019endommager la vis et le mat\u00e9riau, pour des performances maximales et les applications les plus difficiles et pour un travail intelligent, l\u2019outil s\u2019arr\u00eate automatiquement d\u00e8s que le raccordement de la vis<br \/>\nest effectu\u00e9 La commande d\u2019arr\u00eat automatique applique un couple de serrage ne d\u00e9passant pas 47 Nm lors de la fixation manuelle,  pour \u00e9viter un serrage excessif.<br \/>\nTrois LED assurent un \u00e9clairage optimal de la zone de travail<br \/>\nUn anneau \u00e9lastique carr\u00e9 de 1\/2 pouce<br \/>\nLe clip de ceinture<br \/>\nM18\u2122FUEL\u2122 a \u00e9t\u00e9 d\u00e9velopp\u00e9 pour les utilisateurs les plus exigeants. La technologie offre des performances maximales et combine trois composants centraux : le moteur brushless POWERSTATE\u2122, la batterie REDLITHIUM\u2122 et l\u2019\u00e9lectronique\u2122 REDLINK PLUS. En optimisant ces trois technologies MILWAUKEE\u00ae, nous obtenons des performances maximales avec la dur\u00e9e de vie la plus longue possible.<br \/>\n100&nbsp;% compatible avec la gamme de produits MILWAUKEE-M18\u00ae  <\/p>\n<p>Contenu de la livraison&nbsp;:<br \/>\nPas de batterie incluse dans la livraison<br \/>\nPas de chargeur inclus dans la bo\u00eete HD de livraison<\/p>\n","protected":false},"excerpt":{"rendered":"<p>Cl\u00e9 \u00e0 chocs M18\u2122FUEL\u2122 avec un couple de desserrage de 881 Nm et un couple de 745 Nm Conception extr\u00eamement<\/p>\n","protected":false},"featured_media":57726,"template":"","meta":{"_seopress_robots_primary_cat":"","_seopress_titles_title":"","_seopress_titles_desc":"","_seopress_robots_index":""},"product_brand":[3407],"product_cat":[29,514,549],"product_tag":[],"class_list":{"0":"post-419903","1":"product","2":"type-product","3":"status-publish","4":"has-post-thumbnail","6":"product_brand-milwaukee","7":"product_cat-macchinari","8":"product_cat-altri-dispositivi","9":"product_cat-trapani-e-avvitatori","10":"sws-gruppo-macchinari-fr","11":"sws-conto-ricavi-merci-rivendita-macchinari-fr","12":"sws-gruppo-iva-iva81-fr","14":"first","15":"onbackorder","16":"shipping-taxable","17":"purchasable","18":"product-type-simple"},"_links":{"self":[{"href":"https:\/\/lucacastelli.com\/fr\/wp-json\/wp\/v2\/product\/419903","targetHints":{"allow":["GET"]}}],"collection":[{"href":"https:\/\/lucacastelli.com\/fr\/wp-json\/wp\/v2\/product"}],"about":[{"href":"https:\/\/lucacastelli.com\/fr\/wp-json\/wp\/v2\/types\/product"}],"wp:featuredmedia":[{"embeddable":true,"href":"https:\/\/lucacastelli.com\/fr\/wp-json\/wp\/v2\/media\/57726"}],"wp:attachment":[{"href":"https:\/\/lucacastelli.com\/fr\/wp-json\/wp\/v2\/media?parent=419903"}],"wp:term":[{"taxonomy":"product_brand","embeddable":true,"href":"https:\/\/lucacastelli.com\/fr\/wp-json\/wp\/v2\/product_brand?post=419903"},{"taxonomy":"product_cat","embeddable":true,"href":"https:\/\/lucacastelli.com\/fr\/wp-json\/wp\/v2\/product_cat?post=419903"},{"taxonomy":"product_tag","embeddable":true,"href":"https:\/\/lucacastelli.com\/fr\/wp-json\/wp\/v2\/product_tag?post=419903"}],"curies":[{"name":"wp","href":"https:\/\/api.w.org\/{rel}","templated":true}]}}