{"id":419899,"date":"2024-02-28T20:32:53","date_gmt":"2024-02-28T19:32:53","guid":{"rendered":"https:\/\/lucacastelli.com\/prodotto\/une-cle-akku-schlagschrauber-1-2-vierkant-pin-m18onefhiwp12-0x\/"},"modified":"2025-12-01T14:45:45","modified_gmt":"2025-12-01T13:45:45","slug":"une-cle-akku-schlagschrauber-1-2-vierkant-pin-m18onefhiwp12-0x","status":"publish","type":"product","link":"https:\/\/lucacastelli.com\/fr\/produit\/une-cle-akku-schlagschrauber-1-2-vierkant-pin-m18onefhiwp12-0x\/","title":{"rendered":"UNE CL\u00c9 \u2122 Akku-Schlagschrauber 1\/2&#8243; Vierkant PIN M18ONEFHIWP12-0X"},"content":{"rendered":"<p>Couple puissant de 1 017 Nm dans un design compact : seulement 206 mm de longueur<br \/>\nDRIVE CONTROL vous permet de basculer rapidement entre les niveaux de commutation avec diff\u00e9rents r\u00e9glages de vitesse et de couple<br \/>\nNiveau 4 &#8211; pour un m\u00e9lange optimal de puissance et de pr\u00e9cision lors du desserrage des vis<br \/>\nContr\u00f4le individuel de la vitesse et du couple<br \/>\nONE-KEY\u2122 Tool-Tracking and Tool-Security offre une plateforme gratuite de suivi et de gestion des stocks bas\u00e9e sur le cloud pour vos outils. ONE-KEY\u2122 propose \u00e9galement une serrure \u00e0 outils t\u00e9l\u00e9command\u00e9e. La commande de l\u2019outil permet d\u2019adapter pr\u00e9cis\u00e9ment l\u2019outil \u00e0 l\u2019application respective.<br \/>\nM18\u2122FUEL\u2122 a \u00e9t\u00e9 d\u00e9velopp\u00e9 pour les utilisateurs les plus exigeants. La technologie offre des performances maximales et combine trois composants centraux : le moteur brushless POWERSTATE\u2122, la batterie REDLITHIUM\u2122 et l\u2019\u00e9lectronique\u2122 REDLINK PLUS. En optimisant ces trois technologies MILWAUKEE\u00ae, nous obtenons des performances maximales avec la dur\u00e9e de vie la plus longue possible.<br \/>\nSupport PIN 1\/2 pouce<br \/>\n100&nbsp;% compatible avec la gamme de produits MILWAUKEE-M18\u00ae    <\/p>\n<p>Contenu de la livraison&nbsp;:<br \/>\nPas de batterie incluse dans la livraison<br \/>\nChargeur non inclus dans la bo\u00eete HD de livraison<\/p>\n","protected":false},"excerpt":{"rendered":"<p>Couple puissant de 1 017 Nm dans un design compact : seulement 206 mm de longueur DRIVE CONTROL vous permet<\/p>\n","protected":false},"featured_media":57731,"template":"","meta":{"_seopress_robots_primary_cat":"","_seopress_titles_title":"","_seopress_titles_desc":"","_seopress_robots_index":""},"product_brand":[3407],"product_cat":[29,514,549],"product_tag":[],"class_list":{"0":"post-419899","1":"product","2":"type-product","3":"status-publish","4":"has-post-thumbnail","6":"product_brand-milwaukee","7":"product_cat-macchinari","8":"product_cat-altri-dispositivi","9":"product_cat-trapani-e-avvitatori","10":"sws-gruppo-macchinari-fr","11":"sws-conto-ricavi-merci-rivendita-macchinari-fr","12":"sws-gruppo-iva-iva81-fr","14":"first","15":"instock","16":"shipping-taxable","17":"purchasable","18":"product-type-simple"},"_links":{"self":[{"href":"https:\/\/lucacastelli.com\/fr\/wp-json\/wp\/v2\/product\/419899","targetHints":{"allow":["GET"]}}],"collection":[{"href":"https:\/\/lucacastelli.com\/fr\/wp-json\/wp\/v2\/product"}],"about":[{"href":"https:\/\/lucacastelli.com\/fr\/wp-json\/wp\/v2\/types\/product"}],"wp:featuredmedia":[{"embeddable":true,"href":"https:\/\/lucacastelli.com\/fr\/wp-json\/wp\/v2\/media\/57731"}],"wp:attachment":[{"href":"https:\/\/lucacastelli.com\/fr\/wp-json\/wp\/v2\/media?parent=419899"}],"wp:term":[{"taxonomy":"product_brand","embeddable":true,"href":"https:\/\/lucacastelli.com\/fr\/wp-json\/wp\/v2\/product_brand?post=419899"},{"taxonomy":"product_cat","embeddable":true,"href":"https:\/\/lucacastelli.com\/fr\/wp-json\/wp\/v2\/product_cat?post=419899"},{"taxonomy":"product_tag","embeddable":true,"href":"https:\/\/lucacastelli.com\/fr\/wp-json\/wp\/v2\/product_tag?post=419899"}],"curies":[{"name":"wp","href":"https:\/\/api.w.org\/{rel}","templated":true}]}}