{"id":419896,"date":"2023-12-19T14:20:12","date_gmt":"2023-12-19T13:20:12","guid":{"rendered":"https:\/\/lucacastelli.com\/prodotto\/akku-astschere-m12blprs-202\/"},"modified":"2025-08-01T00:00:11","modified_gmt":"2025-07-31T22:00:11","slug":"akku-astschere-m12blprs-202","status":"publish","type":"product","link":"https:\/\/lucacastelli.com\/fr\/produit\/akku-astschere-m12blprs-202\/","title":{"rendered":"Akku-Astschere M12BLPRS-202"},"content":{"rendered":"<p>Performance pour la coupe de branches jusqu\u2019\u00e0 32 mm<br \/>\nTechnologie de suivi de la g\u00e2chette qui permet au mouvement de la lame de suivre le mouvement de la g\u00e2chette pour un meilleur contr\u00f4le pendant l\u2019utilisation<br \/>\nAucun effort manuel n\u2019est requis, particuli\u00e8rement pratique pour les applications plus longues<br \/>\nLe panneau de s\u00e9lection de mode offre la possibilit\u00e9 de verrouiller les lames \u00e0 la moiti\u00e9 de la capacit\u00e9 de 16 mm,  permettant une vitesse de coupe plus \u00e9lev\u00e9e.<br \/>\nPuissance pour plus de 1 000 coupes dans des mat\u00e9riaux de 1,25 cm d\u2019\u00e9paisseur avec une batterie M12 B2<br \/>\nComprend une dragonne et un point d\u2019attache pour une meilleure manipulation de l\u2019appareil<br \/>\n100&nbsp;% compatible avec la gamme de produits MILWAUKEE-M12\u00ae<br \/>\nCoupes rapides<br \/>\nContr\u00f4le total<br \/>\nMoins de fatigue<\/p>\n","protected":false},"excerpt":{"rendered":"<p>Performance pour la coupe de branches jusqu\u2019\u00e0 32 mm Technologie de suivi de la g\u00e2chette qui permet au mouvement de<\/p>\n","protected":false},"featured_media":57671,"template":"","meta":{"_seopress_robots_primary_cat":"","_seopress_titles_title":"","_seopress_titles_desc":"","_seopress_robots_index":""},"product_brand":[3407],"product_cat":[29,268,282,267],"product_tag":[],"class_list":{"0":"post-419896","1":"product","2":"type-product","3":"status-publish","4":"has-post-thumbnail","6":"product_brand-milwaukee","7":"product_cat-macchinari","8":"product_cat-motoseghe","9":"product_cat-tosasiepi-e-potatori-a-batteria","10":"product_cat-tosasiepi-e-potatori","11":"sws-gruppo-macchinari-fr","12":"sws-conto-ricavi-merci-rivendita-macchinari-fr","13":"sws-gruppo-iva-iva81-fr","15":"first","16":"instock","17":"shipping-taxable","18":"purchasable","19":"product-type-simple"},"_links":{"self":[{"href":"https:\/\/lucacastelli.com\/fr\/wp-json\/wp\/v2\/product\/419896","targetHints":{"allow":["GET"]}}],"collection":[{"href":"https:\/\/lucacastelli.com\/fr\/wp-json\/wp\/v2\/product"}],"about":[{"href":"https:\/\/lucacastelli.com\/fr\/wp-json\/wp\/v2\/types\/product"}],"wp:featuredmedia":[{"embeddable":true,"href":"https:\/\/lucacastelli.com\/fr\/wp-json\/wp\/v2\/media\/57671"}],"wp:attachment":[{"href":"https:\/\/lucacastelli.com\/fr\/wp-json\/wp\/v2\/media?parent=419896"}],"wp:term":[{"taxonomy":"product_brand","embeddable":true,"href":"https:\/\/lucacastelli.com\/fr\/wp-json\/wp\/v2\/product_brand?post=419896"},{"taxonomy":"product_cat","embeddable":true,"href":"https:\/\/lucacastelli.com\/fr\/wp-json\/wp\/v2\/product_cat?post=419896"},{"taxonomy":"product_tag","embeddable":true,"href":"https:\/\/lucacastelli.com\/fr\/wp-json\/wp\/v2\/product_tag?post=419896"}],"curies":[{"name":"wp","href":"https:\/\/api.w.org\/{rel}","templated":true}]}}