{"id":419891,"date":"2023-11-21T20:59:23","date_gmt":"2023-11-21T19:59:23","guid":{"rendered":"https:\/\/lucacastelli.com\/prodotto\/fuel-basisgerat-rasentrimmer-aufsatz-m18fophltkit-0\/"},"modified":"2025-06-29T08:07:54","modified_gmt":"2025-06-29T06:07:54","slug":"fuel-basisgerat-rasentrimmer-aufsatz-m18fophltkit-0","status":"publish","type":"product","link":"https:\/\/lucacastelli.com\/fr\/produit\/fuel-basisgerat-rasentrimmer-aufsatz-m18fophltkit-0\/","title":{"rendered":"FUEL\u2122 Basisger\u00e4t + Rasentrimmer-Aufsatz M18FOPHLTKIT-0"},"content":{"rendered":"<p>Le syst\u00e8me d\u2019intelligence REDLINK PLUS\u2122 offre une protection num\u00e9rique avanc\u00e9e contre les surcharges de l\u2019outil et de la batterie et am\u00e9liore de mani\u00e8re unique les performances de l\u2019outil.<br \/>\nPleine puissance en moins d\u2019une seconde<br \/>\nA la puissance n\u00e9cessaire pour couper des buissons denses<br \/>\nJusqu\u2019\u00e0 une heure d\u2019autonomie avec une batterie<br \/>\nM9.0 de 18 Ah\u2122 Deux r\u00e9glages de vitesse avec interrupteur r\u00e9glable<br \/>\nCapuchon de protection \u00e0 135 \u00b0<br \/>\nCompatible avec tous les accessoires du syst\u00e8me ext\u00e9rieur MILWAUKEE\u00ae.<br \/>\n100&nbsp;% compatible avec la gamme de produits MILWAUKEE-M18\u00ae<br \/>\nLa poign\u00e9e suppl\u00e9mentaire r\u00e9glable, la sangle de transport et l\u2019anneau de transport assurent un contr\u00f4le et un confort maximaux<br \/>\nMoteur brushless POWERSTATE\u2122 con\u00e7u et fabriqu\u00e9 par MILWAUKEE\u00ae pour une dur\u00e9e de vie plus longue et une puissance accrue<\/p>\n<p>Livr\u00e9 dans une bo\u00eete en carton<\/p>\n<p>Capacit\u00e9 de la batterie (Ah) : Batteries et chargeur non inclus dans la livraison<\/p>\n","protected":false},"excerpt":{"rendered":"<p>Le syst\u00e8me d\u2019intelligence REDLINK PLUS\u2122 offre une protection num\u00e9rique avanc\u00e9e contre les surcharges de l\u2019outil et de la batterie et<\/p>\n","protected":false},"featured_media":57602,"template":"","meta":{"_seopress_robots_primary_cat":"","_seopress_titles_title":"","_seopress_titles_desc":"","_seopress_robots_index":""},"product_brand":[3407],"product_cat":[29,270,281],"product_tag":[],"class_list":{"0":"post-419891","1":"product","2":"type-product","3":"status-publish","4":"has-post-thumbnail","6":"product_brand-milwaukee","7":"product_cat-macchinari","8":"product_cat-decespugliatori-e-tagliabordi","9":"product_cat-decespugliatori-e-tagliabordi-a-batteria","11":"first","12":"onbackorder","13":"shipping-taxable","14":"purchasable","15":"product-type-simple"},"_links":{"self":[{"href":"https:\/\/lucacastelli.com\/fr\/wp-json\/wp\/v2\/product\/419891","targetHints":{"allow":["GET"]}}],"collection":[{"href":"https:\/\/lucacastelli.com\/fr\/wp-json\/wp\/v2\/product"}],"about":[{"href":"https:\/\/lucacastelli.com\/fr\/wp-json\/wp\/v2\/types\/product"}],"wp:featuredmedia":[{"embeddable":true,"href":"https:\/\/lucacastelli.com\/fr\/wp-json\/wp\/v2\/media\/57602"}],"wp:attachment":[{"href":"https:\/\/lucacastelli.com\/fr\/wp-json\/wp\/v2\/media?parent=419891"}],"wp:term":[{"taxonomy":"product_brand","embeddable":true,"href":"https:\/\/lucacastelli.com\/fr\/wp-json\/wp\/v2\/product_brand?post=419891"},{"taxonomy":"product_cat","embeddable":true,"href":"https:\/\/lucacastelli.com\/fr\/wp-json\/wp\/v2\/product_cat?post=419891"},{"taxonomy":"product_tag","embeddable":true,"href":"https:\/\/lucacastelli.com\/fr\/wp-json\/wp\/v2\/product_tag?post=419891"}],"curies":[{"name":"wp","href":"https:\/\/api.w.org\/{rel}","templated":true}]}}