{"id":419888,"date":"2023-10-17T10:05:25","date_gmt":"2023-10-17T08:05:25","guid":{"rendered":"https:\/\/lucacastelli.com\/prodotto\/carburant-akku-geblase-m18fbl-0\/"},"modified":"2025-09-01T00:00:52","modified_gmt":"2025-08-31T22:00:52","slug":"carburant-akku-geblase-m18fbl-0","status":"publish","type":"product","link":"https:\/\/lucacastelli.com\/fr\/produit\/carburant-akku-geblase-m18fbl-0\/","title":{"rendered":"CARBURANT\u2122 Akku-Gebl\u00e4se M18FBL-0"},"content":{"rendered":"<p>Le moteur sans balais Milwaukee\u00ae POWERSTATE \u2122 augmente l\u2019efficacit\u00e9, dure plus longtemps et offre des performances maximales.<br \/>\nLe syst\u00e8me d\u2019intelligence REDLINK PLUS \u2122 offre une protection num\u00e9rique avanc\u00e9e contre la surcharge de l\u2019outil et de la batterie, am\u00e9liorant ainsi de mani\u00e8re unique les performances de l\u2019outil sous charge.<br \/>\nLa conception ergonomique en ligne \u00e9limine la salet\u00e9 et les d\u00e9bris dans les espaces restreints<br \/>\nVolume d\u2019air jusqu\u2019\u00e0 12,74 m\u00b3\/min \u00e0 193 km\/h pour \u00e9liminer les<br \/>\nd\u00e9bris G\u00e2chette variable et verrouillage de la vitesse pour un contr\u00f4le complet de la puissance<br \/>\nInterrupteur de verrouillage Syst\u00e8me de<br \/>\nbatterie flexible : Fonctionne avec toutes les batteries Milwaukee\u00ae M18\u2122.<\/p>\n<p>Caract\u00e9ristiques techniques&nbsp;:<br \/>\nVitesse de l\u2019air (km\/h) 193<br \/>\nVolume de l\u2019air (l\/s) 212<br \/>\nVolume de l\u2019air (m\u00b3\/min) 12.7<br \/>\nVolume de l\u2019air 1 (m\u00b3\/minute) 8.75<br \/>\nVolume de l\u2019air 2 (m\u00b3\/minute) 12.7<br \/>\nVitesse de l\u2019air 1 (km\/h) 133<br \/>\nVitesse de l\u2019air 2 (km\/h) 193<br \/>\nNum\u00e9ro d\u2019article 4933459825<br \/>\nType de batterie Li-Ion<br \/>\nVitesse du ventilateur (tr\/min) 14 000<br \/>\nLongueur sans buse (mm) 386<br \/>\nTension (V) 18<br \/>\nPoids avec batterie (kg) 4.4<\/p>\n<p>Contenu de la livraison :<\/p>\n<p>1x M18 FBL Fuel<br \/>\nsouffleur de feuilles sans fil sans batterie\/chargeur dans une bo\u00eete en carton<\/p>\n","protected":false},"excerpt":{"rendered":"<p>Le moteur sans balais Milwaukee\u00ae POWERSTATE \u2122 augmente l\u2019efficacit\u00e9, dure plus longtemps et offre des performances maximales. Le syst\u00e8me d\u2019intelligence<\/p>\n","protected":false},"featured_media":57373,"template":"","meta":{"_seopress_robots_primary_cat":"","_seopress_titles_title":"","_seopress_titles_desc":"","_seopress_robots_index":""},"product_brand":[3407],"product_cat":[29,485,489],"product_tag":[],"class_list":{"0":"post-419888","1":"product","2":"type-product","3":"status-publish","4":"has-post-thumbnail","6":"product_brand-milwaukee","7":"product_cat-macchinari","8":"product_cat-soffiatori-e-aspiratori","9":"product_cat-soffiatori-a-batteria","10":"sws-gruppo-macchinari-fr","11":"sws-conto-ricavi-merci-rivendita-macchinari-fr","12":"sws-gruppo-iva-iva81-fr","14":"first","15":"instock","16":"shipping-taxable","17":"purchasable","18":"product-type-simple"},"_links":{"self":[{"href":"https:\/\/lucacastelli.com\/fr\/wp-json\/wp\/v2\/product\/419888","targetHints":{"allow":["GET"]}}],"collection":[{"href":"https:\/\/lucacastelli.com\/fr\/wp-json\/wp\/v2\/product"}],"about":[{"href":"https:\/\/lucacastelli.com\/fr\/wp-json\/wp\/v2\/types\/product"}],"wp:featuredmedia":[{"embeddable":true,"href":"https:\/\/lucacastelli.com\/fr\/wp-json\/wp\/v2\/media\/57373"}],"wp:attachment":[{"href":"https:\/\/lucacastelli.com\/fr\/wp-json\/wp\/v2\/media?parent=419888"}],"wp:term":[{"taxonomy":"product_brand","embeddable":true,"href":"https:\/\/lucacastelli.com\/fr\/wp-json\/wp\/v2\/product_brand?post=419888"},{"taxonomy":"product_cat","embeddable":true,"href":"https:\/\/lucacastelli.com\/fr\/wp-json\/wp\/v2\/product_cat?post=419888"},{"taxonomy":"product_tag","embeddable":true,"href":"https:\/\/lucacastelli.com\/fr\/wp-json\/wp\/v2\/product_tag?post=419888"}],"curies":[{"name":"wp","href":"https:\/\/api.w.org\/{rel}","templated":true}]}}