{"id":419882,"date":"2023-08-30T12:41:06","date_gmt":"2023-08-30T10:41:06","guid":{"rendered":"https:\/\/lucacastelli.com\/prodotto\/une-cle-akku-sabelsage-m18onefsz-0x\/"},"modified":"2025-10-01T12:03:57","modified_gmt":"2025-10-01T10:03:57","slug":"une-cle-akku-sabelsage-m18onefsz-0x","status":"publish","type":"product","link":"https:\/\/lucacastelli.com\/fr\/produit\/une-cle-akku-sabelsage-m18onefsz-0x\/","title":{"rendered":"UNE CL\u00c9 \u2122 Akku-S\u00e4bels\u00e4ge M18ONEFSZ-0X"},"content":{"rendered":"<p>Fonctionnalit\u00e9s:<\/p>\n<p>Se connecte \u00e0 l\u2019application ONE-KEY\u2122 via Bluetooth\u00ae.<br \/>\nPersonnalisation compl\u00e8te des param\u00e8tres de l\u2019outil via l\u2019application ONE-KEY\u2122 pour adapter l\u2019outil \u00e0 vos besoins.<br \/>\nL\u2019application ONE-KEY\u2122 offre \u00e9galement la possibilit\u00e9 de combiner des outils en un seul outil pour une gestion compl\u00e8te des stocks.<br \/>\nD\u00e9marrage progressif contr\u00f4lable pour un contr\u00f4le maximal et une vitesse<br \/>\nmaximale Dur\u00e9e de vie de la lame plus longue gr\u00e2ce \u00e0 l\u2019optimisation de la vitesse de course sp\u00e9cifique<br \/>\nau mat\u00e9riau Le frein moteur arr\u00eate automatiquement la lame lorsqu\u2019elle sort du mat\u00e9riau apr\u00e8s la coupe<br \/>\nStockage de jusqu\u2019\u00e0 3 profils individuels dans la m\u00e9moire interne de l\u2019unit\u00e9 pour des changements rapides tout en travaillant<br \/>\n100&nbsp;% compatible avec la gamme de produits MILWAUKEE-M18\u00ae\u2122.<\/p>\n<p>Caract\u00e9ristiques techniques&nbsp;:<\/p>\n<p>Batterie lithium-ion<br \/>\nCapacit\u00e9 de la batterie (Ah) &#8211;<br \/>\nPoids avec batterie (kg) &#8211;<br \/>\nLongueur de course (mm) 32<br \/>\nVitesse de course \u00e0 vide (min-\u00b9) 0-3000<br \/>\nProfondeur de coupe max. Profondeur de coupe dans l\u2019aluminium (mm) 25<br \/>\nProfondeur de coupe max. dans les m\u00e9taux non ferreux (mm) 25<br \/>\nProfondeur de coupe max. dans les tuyaux m\u00e9talliques (mm) 150<br \/>\nProfondeur de coupe max. dans l\u2019acier (mm) 20<br \/>\nProfondeur de coupe max. dans le bois tendre (mm) 300<br \/>\nTension (V) 18     <\/p>\n<p>Contenu de la livraison :<\/p>\n<p>sans batterie, sans chargeur<br \/>\nbo\u00eetier HD<\/p>\n","protected":false},"excerpt":{"rendered":"<p>Fonctionnalit\u00e9s: Se connecte \u00e0 l\u2019application ONE-KEY\u2122 via Bluetooth\u00ae. Personnalisation compl\u00e8te des param\u00e8tres de l\u2019outil via l\u2019application ONE-KEY\u2122 pour adapter l\u2019outil<\/p>\n","protected":false},"featured_media":57257,"template":"","meta":{"_seopress_robots_primary_cat":"","_seopress_titles_title":"","_seopress_titles_desc":"","_seopress_robots_index":""},"product_brand":[3407],"product_cat":[29,514],"product_tag":[],"class_list":{"0":"post-419882","1":"product","2":"type-product","3":"status-publish","4":"has-post-thumbnail","6":"product_brand-milwaukee","7":"product_cat-macchinari","8":"product_cat-altri-dispositivi","9":"sws-gruppo-macchinari","10":"sws-conto-ricavi-merci-rivendita-macchinari","11":"sws-gruppo-iva-iva81","13":"first","14":"instock","15":"shipping-taxable","16":"purchasable","17":"product-type-simple"},"_links":{"self":[{"href":"https:\/\/lucacastelli.com\/fr\/wp-json\/wp\/v2\/product\/419882","targetHints":{"allow":["GET"]}}],"collection":[{"href":"https:\/\/lucacastelli.com\/fr\/wp-json\/wp\/v2\/product"}],"about":[{"href":"https:\/\/lucacastelli.com\/fr\/wp-json\/wp\/v2\/types\/product"}],"wp:featuredmedia":[{"embeddable":true,"href":"https:\/\/lucacastelli.com\/fr\/wp-json\/wp\/v2\/media\/57257"}],"wp:attachment":[{"href":"https:\/\/lucacastelli.com\/fr\/wp-json\/wp\/v2\/media?parent=419882"}],"wp:term":[{"taxonomy":"product_brand","embeddable":true,"href":"https:\/\/lucacastelli.com\/fr\/wp-json\/wp\/v2\/product_brand?post=419882"},{"taxonomy":"product_cat","embeddable":true,"href":"https:\/\/lucacastelli.com\/fr\/wp-json\/wp\/v2\/product_cat?post=419882"},{"taxonomy":"product_tag","embeddable":true,"href":"https:\/\/lucacastelli.com\/fr\/wp-json\/wp\/v2\/product_tag?post=419882"}],"curies":[{"name":"wp","href":"https:\/\/api.w.org\/{rel}","templated":true}]}}