{"id":419879,"date":"2023-09-21T13:22:03","date_gmt":"2023-09-21T11:22:03","guid":{"rendered":"https:\/\/lucacastelli.com\/prodotto\/snr-33-db-fur-bolt-helm-bolt-kapselgehorschutz\/"},"modified":"2025-06-29T08:13:17","modified_gmt":"2025-06-29T06:13:17","slug":"snr-33-db-fur-bolt-helm-bolt-kapselgehorschutz","status":"publish","type":"product","link":"https:\/\/lucacastelli.com\/fr\/produit\/snr-33-db-fur-bolt-helm-bolt-kapselgehorschutz\/","title":{"rendered":"SNR 33 dB f\u00fcr BOLT Helm BOLT Kapselgeh\u00f6rschutz"},"content":{"rendered":"<p>Syst\u00e8me BOLT\u2122 &#8211; assure la compatibilit\u00e9 entre les accessoires gr\u00e2ce \u00e0 un syst\u00e8me de fixation simple et intuitif.<br \/>\nLes casques BOLT\u2122 LP offrent une att\u00e9nuation efficace du bruit sur le lieu de travail SNR = 30 dB.<br \/>\nLe casque HP BOLT\u2122 offre une att\u00e9nuation efficace du bruit sur le lieu de travail : SNR = 33 dB.<br \/>\nR\u00e9glage vertical et rotation \u00e0 360 degr\u00e9s de la capsule pour un maximum de confort et d\u2019att\u00e9nuation.<br \/>\nRembourrage en mousse extra confortable de la protection auditive pour un confort et une protection maximum.<br \/>\nCompatible avec les casques Milwaukee BOLT\u2122 100 et BOLT\u2122 200 dans les fentes d\u2019accessoires arri\u00e8re et centrales.<br \/>\nProtection auditive certifi\u00e9e au niveau europ\u00e9en : EN 352-3<\/p>\n","protected":false},"excerpt":{"rendered":"<p>Syst\u00e8me BOLT\u2122 &#8211; assure la compatibilit\u00e9 entre les accessoires gr\u00e2ce \u00e0 un syst\u00e8me de fixation simple et intuitif. Les casques<\/p>\n","protected":false},"featured_media":94608,"template":"","meta":{"_seopress_robots_primary_cat":"","_seopress_titles_title":"","_seopress_titles_desc":"","_seopress_robots_index":""},"product_brand":[3407],"product_cat":[33,537,815,816],"product_tag":[],"class_list":{"0":"post-419879","1":"product","2":"type-product","3":"status-publish","4":"has-post-thumbnail","6":"product_brand-milwaukee","7":"product_cat-attrezzature","8":"product_cat-attrezzatura-da-lavoro","9":"product_cat-caschi","10":"product_cat-visiere-e-occhiali-protettivi","12":"first","13":"instock","14":"shipping-taxable","15":"purchasable","16":"product-type-simple"},"_links":{"self":[{"href":"https:\/\/lucacastelli.com\/fr\/wp-json\/wp\/v2\/product\/419879","targetHints":{"allow":["GET"]}}],"collection":[{"href":"https:\/\/lucacastelli.com\/fr\/wp-json\/wp\/v2\/product"}],"about":[{"href":"https:\/\/lucacastelli.com\/fr\/wp-json\/wp\/v2\/types\/product"}],"wp:featuredmedia":[{"embeddable":true,"href":"https:\/\/lucacastelli.com\/fr\/wp-json\/wp\/v2\/media\/94608"}],"wp:attachment":[{"href":"https:\/\/lucacastelli.com\/fr\/wp-json\/wp\/v2\/media?parent=419879"}],"wp:term":[{"taxonomy":"product_brand","embeddable":true,"href":"https:\/\/lucacastelli.com\/fr\/wp-json\/wp\/v2\/product_brand?post=419879"},{"taxonomy":"product_cat","embeddable":true,"href":"https:\/\/lucacastelli.com\/fr\/wp-json\/wp\/v2\/product_cat?post=419879"},{"taxonomy":"product_tag","embeddable":true,"href":"https:\/\/lucacastelli.com\/fr\/wp-json\/wp\/v2\/product_tag?post=419879"}],"curies":[{"name":"wp","href":"https:\/\/api.w.org\/{rel}","templated":true}]}}