{"id":419588,"date":"2022-06-10T04:49:48","date_gmt":"2022-06-10T02:49:48","guid":{"rendered":"https:\/\/lucacastelli.com\/prodotto\/pfanner-stretchflex-canfull-maximus\/"},"modified":"2025-07-27T08:22:00","modified_gmt":"2025-07-27T06:22:00","slug":"pfanner-stretchflex-canfull-maximus","status":"publish","type":"product","link":"https:\/\/lucacastelli.com\/fr\/produit\/pfanner-stretchflex-canfull-maximus\/","title":{"rendered":"PFANNER StretchFlex Canfull Maximus"},"content":{"rendered":"<p>La toile StretchZone\u00ae est l\u2019armure parfaite pour votre travail quotidien. La section du genou renforc\u00e9e en Kevlar est extr\u00eamement robuste. Pour les activit\u00e9s \u00e0 genoux plus longues, une genouill\u00e8re suppl\u00e9mentaire peut \u00eatre ins\u00e9r\u00e9e ici. Le gousset \u00e9lastique dans la zone de l\u2019entrejambe et les multiples verrouillages dans la couture du si\u00e8ge emp\u00eachent les coutures de se d\u00e9chirer et de trop s\u2019\u00e9tirer. La technologie StretchZone\u00ae assure un soutien optimal et la meilleure ventilation pour toutes les activit\u00e9s. La disposition d\u00e9lib\u00e9r\u00e9e des poches pour un usage quotidien, y compris une poche sp\u00e9ciale \u00e0 3 compartiments pour la r\u00e8gle, offre de la place pour tous les ustensiles.     <\/p>\n<p>&#8211; Technologie StretchFlex<br \/>\n&#8211; 3CON Reflex<br \/>\n&#8211; Double fermeture \u00e0 la taille<br \/>\n&#8211; Poche fonctionnelle<br \/>\n&#8211; Poches lat\u00e9rales<br \/>\n int\u00e9rieures- Passepoil r\u00e9fl\u00e9chissant<br \/>\n&#8211; Ceinture \u00e9lastique<\/p>\n","protected":false},"excerpt":{"rendered":"<p>La toile StretchZone\u00ae est l\u2019armure parfaite pour votre travail quotidien. La section du genou renforc\u00e9e en Kevlar est extr\u00eamement robuste.<\/p>\n","protected":false},"featured_media":63950,"template":"","meta":{"_seopress_robots_primary_cat":"","_seopress_titles_title":"","_seopress_titles_desc":"","_seopress_robots_index":""},"product_brand":[3458],"product_cat":[21,189,685],"product_tag":[],"class_list":{"0":"post-419588","1":"product","2":"type-product","3":"status-publish","4":"has-post-thumbnail","6":"product_brand-pfanner","7":"product_cat-abbigliamento","8":"product_cat-abbigliamento-per-il-tempo-libero","9":"product_cat-abbigliamento-da-bambino","10":"sws-gruppo-no-gruppo-fr","11":"sws-categoria-sito-fr","12":"sws-sottocategoria-altro-fr","13":"sws-conto-ricavi-merci-rivendita-abbigliamento-fr","14":"sws-gruppo-iva-iva81-fr","16":"first","17":"instock","18":"shipping-taxable","19":"purchasable","20":"product-type-variable"},"_links":{"self":[{"href":"https:\/\/lucacastelli.com\/fr\/wp-json\/wp\/v2\/product\/419588","targetHints":{"allow":["GET"]}}],"collection":[{"href":"https:\/\/lucacastelli.com\/fr\/wp-json\/wp\/v2\/product"}],"about":[{"href":"https:\/\/lucacastelli.com\/fr\/wp-json\/wp\/v2\/types\/product"}],"wp:featuredmedia":[{"embeddable":true,"href":"https:\/\/lucacastelli.com\/fr\/wp-json\/wp\/v2\/media\/63950"}],"wp:attachment":[{"href":"https:\/\/lucacastelli.com\/fr\/wp-json\/wp\/v2\/media?parent=419588"}],"wp:term":[{"taxonomy":"product_brand","embeddable":true,"href":"https:\/\/lucacastelli.com\/fr\/wp-json\/wp\/v2\/product_brand?post=419588"},{"taxonomy":"product_cat","embeddable":true,"href":"https:\/\/lucacastelli.com\/fr\/wp-json\/wp\/v2\/product_cat?post=419588"},{"taxonomy":"product_tag","embeddable":true,"href":"https:\/\/lucacastelli.com\/fr\/wp-json\/wp\/v2\/product_tag?post=419588"}],"curies":[{"name":"wp","href":"https:\/\/api.w.org\/{rel}","templated":true}]}}