{"id":419499,"date":"2022-06-09T21:38:23","date_gmt":"2022-06-09T19:38:23","guid":{"rendered":"https:\/\/lucacastelli.com\/prodotto\/pfanner-stretchflex-fine-grip\/"},"modified":"2026-04-08T21:12:55","modified_gmt":"2026-04-08T19:12:55","slug":"pfanner-stretchflex-fine-grip","status":"publish","type":"product","link":"https:\/\/lucacastelli.com\/fr\/produit\/pfanner-stretchflex-fine-grip\/","title":{"rendered":"PFANNER StretchFlex Fine Grip"},"content":{"rendered":"<p>Le StretchFlex\u00ae Fine Grip offre une grande r\u00e9sistance aux huiles sur les paumes et le rev\u00eatement en nitrile assure une manipulation antid\u00e9rapante. La technologie StretchFlex\u00ae rend le mat\u00e9riau sur le dos de la main tr\u00e8s flexible et extr\u00eamement respirant. Un poignet en tricot fin qui se ferme confortablement emp\u00eache la p\u00e9n\u00e9tration de corps \u00e9trangers.  <\/p>\n<p>&#8211; Technologie StretchFlex<br \/>\n&#8211; Paume en nitrile perm\u00e9able \u00e0<br \/>\n l\u2019huile- Respirant et absorbant<br \/>\n la transpiration- Manipulation antid\u00e9rapante<\/p>\n<p>Mat\u00e9riau sup\u00e9rieur : Nylon\/mousse nitrile<\/p>\n","protected":false},"excerpt":{"rendered":"<p>Le StretchFlex\u00ae Fine Grip offre une grande r\u00e9sistance aux huiles sur les paumes et le rev\u00eatement en nitrile assure une<\/p>\n","protected":false},"featured_media":38791,"template":"","meta":{"_seopress_robots_primary_cat":"none","_seopress_titles_title":"","_seopress_titles_desc":"","_seopress_robots_index":""},"product_brand":[3669],"product_cat":[81,1381],"product_tag":[],"class_list":{"0":"post-419499","1":"product","2":"type-product","3":"status-publish","4":"has-post-thumbnail","6":"product_brand-pfanner-fr","7":"product_cat-vetements","8":"product_cat-vetements-de-travail","9":"sws-gruppo-no-gruppo","10":"sws-categoria-sito","11":"sws-sottocategoria-altro","12":"sws-conto-ricavi-merci-rivendita-abbigliamento","13":"sws-gruppo-iva-iva81","15":"first","16":"instock","17":"shipping-taxable","18":"purchasable","19":"product-type-variable"},"_links":{"self":[{"href":"https:\/\/lucacastelli.com\/fr\/wp-json\/wp\/v2\/product\/419499","targetHints":{"allow":["GET"]}}],"collection":[{"href":"https:\/\/lucacastelli.com\/fr\/wp-json\/wp\/v2\/product"}],"about":[{"href":"https:\/\/lucacastelli.com\/fr\/wp-json\/wp\/v2\/types\/product"}],"wp:featuredmedia":[{"embeddable":true,"href":"https:\/\/lucacastelli.com\/fr\/wp-json\/wp\/v2\/media\/38791"}],"wp:attachment":[{"href":"https:\/\/lucacastelli.com\/fr\/wp-json\/wp\/v2\/media?parent=419499"}],"wp:term":[{"taxonomy":"product_brand","embeddable":true,"href":"https:\/\/lucacastelli.com\/fr\/wp-json\/wp\/v2\/product_brand?post=419499"},{"taxonomy":"product_cat","embeddable":true,"href":"https:\/\/lucacastelli.com\/fr\/wp-json\/wp\/v2\/product_cat?post=419499"},{"taxonomy":"product_tag","embeddable":true,"href":"https:\/\/lucacastelli.com\/fr\/wp-json\/wp\/v2\/product_tag?post=419499"}],"curies":[{"name":"wp","href":"https:\/\/api.w.org\/{rel}","templated":true}]}}