{"id":419259,"date":"2024-03-30T11:26:28","date_gmt":"2024-03-30T10:26:28","guid":{"rendered":"https:\/\/lucacastelli.com\/prodotto\/deuter-ac-lite-28-sl-lagon-atlantique\/"},"modified":"2026-03-01T00:11:09","modified_gmt":"2026-02-28T23:11:09","slug":"deuter-ac-lite-28-sl-lagon-atlantique","status":"publish","type":"product","link":"https:\/\/lucacastelli.com\/fr\/produit\/deuter-ac-lite-28-sl-lagon-atlantique\/","title":{"rendered":"DEUTER AC Lite 28 SL &#8211; lagon-atlantique"},"content":{"rendered":"<p>DESCRIPTION  <\/p>\n<p>Ce sac \u00e0 dos confortable est \u00e9quip\u00e9 du syst\u00e8me arri\u00e8re aircomfort ultra-l\u00e9ger de deuter avec une ventilation maximale et offre un excellent rapport confort\/poids. Il dispose d\u2019un compartiment principal spacieux et d\u2019une poche sp\u00e9ciale pour t\u00e9l\u00e9phone portable, de poches lat\u00e9rales \u00e9lastiques, de compartiments avec couvercles et de boucles pour attacher des b\u00e2tons avec des sangles et divers \u00e9quipements \u00e0 l\u2019ext\u00e9rieur du sac \u00e0 dos. De plus, il dispose d\u2019un support de casque en maille, d\u2019un syst\u00e8me d\u2019hydratation (jusqu\u2019\u00e0 3 l) et d\u2019une housse de pluie amovible.  <\/p>\n<p>FONCTIONNALIT\u00c9S<\/p>\n<p>Syst\u00e8me Aircomfort<br \/>\nLumi\u00e8re<br \/>\nCadre \u00e0 profil rond en acier \u00e0 ressort \u00e9lastique en permanence<br \/>\nCeinture de poitrine r\u00e9glable<br \/>\nCompartiment du syst\u00e8me d\u2019hydratation<br \/>\nCompatible avec le syst\u00e8me d\u2019hydratation\/vessie de 3 L<br \/>\nPorte-cannes<br \/>\n\u0152illets de fixation<br \/>\nPorte-lunettes sur la bandouli\u00e8re<br \/>\nHousse de sac \u00e0 dos de pluie<br \/>\n\u00c9tiquette SOS<br \/>\nCompartiment externe du couvercle<br \/>\nCompartiment int\u00e9rieur du couvercle<br \/>\nPoche lat\u00e9rale pour smartphone<br \/>\nChargeur sup\u00e9rieur avec cordon de serrage et couvercle<br \/>\nLe filet du casque peut \u00eatre install\u00e9 ult\u00e9rieurement<br \/>\nClips cl\u00e9s<br \/>\nAilerons ergonomiques et rembourr\u00e9s sur les c\u00f4t\u00e9s<br \/>\nPoches lat\u00e9rales en filet<br \/>\nSans PFAS<br \/>\nTissu recycl\u00e9<br \/>\nProduit certifi\u00e9 ClimatePartner<br \/>\nProduit Bluesign\u00ae<br \/>\nProduit certifi\u00e9 \u00ab&nbsp;Gr\u00fcner Knopf&nbsp;\u00bb<\/p>\n","protected":false},"excerpt":{"rendered":"<p>DESCRIPTION Ce sac \u00e0 dos confortable est \u00e9quip\u00e9 du syst\u00e8me arri\u00e8re aircomfort ultra-l\u00e9ger de deuter avec une ventilation maximale et<\/p>\n","protected":false},"featured_media":94937,"template":"","meta":{"_seopress_robots_primary_cat":"","_seopress_titles_title":"","_seopress_titles_desc":"","_seopress_robots_index":""},"product_brand":[3415],"product_cat":[33,211,212],"product_tag":[],"class_list":{"0":"post-419259","1":"product","2":"type-product","3":"status-publish","4":"has-post-thumbnail","6":"product_brand-deuter","7":"product_cat-attrezzature","8":"product_cat-attrezzatura-per-il-tempo-libero","9":"product_cat-altro","10":"sws-gruppo-no-gruppo","11":"sws-categoria-sito","12":"sws-conto-ricavi-merci-rivendita-abbigliamento","13":"sws-gruppo-iva-iva81","15":"first","16":"instock","17":"shipping-taxable","18":"purchasable","19":"product-type-simple"},"_links":{"self":[{"href":"https:\/\/lucacastelli.com\/fr\/wp-json\/wp\/v2\/product\/419259","targetHints":{"allow":["GET"]}}],"collection":[{"href":"https:\/\/lucacastelli.com\/fr\/wp-json\/wp\/v2\/product"}],"about":[{"href":"https:\/\/lucacastelli.com\/fr\/wp-json\/wp\/v2\/types\/product"}],"wp:featuredmedia":[{"embeddable":true,"href":"https:\/\/lucacastelli.com\/fr\/wp-json\/wp\/v2\/media\/94937"}],"wp:attachment":[{"href":"https:\/\/lucacastelli.com\/fr\/wp-json\/wp\/v2\/media?parent=419259"}],"wp:term":[{"taxonomy":"product_brand","embeddable":true,"href":"https:\/\/lucacastelli.com\/fr\/wp-json\/wp\/v2\/product_brand?post=419259"},{"taxonomy":"product_cat","embeddable":true,"href":"https:\/\/lucacastelli.com\/fr\/wp-json\/wp\/v2\/product_cat?post=419259"},{"taxonomy":"product_tag","embeddable":true,"href":"https:\/\/lucacastelli.com\/fr\/wp-json\/wp\/v2\/product_tag?post=419259"}],"curies":[{"name":"wp","href":"https:\/\/api.w.org\/{rel}","templated":true}]}}