{"id":419197,"date":"2024-03-30T11:37:25","date_gmt":"2024-03-30T10:37:25","guid":{"rendered":"https:\/\/lucacastelli.com\/prodotto\/deuter-overnite-encre-de-mer-profonde\/"},"modified":"2026-04-17T23:47:55","modified_gmt":"2026-04-17T21:47:55","slug":"deuter-overnite-encre-de-mer-profonde","status":"publish","type":"product","link":"https:\/\/lucacastelli.com\/fr\/produit\/deuter-overnite-encre-de-mer-profonde\/","title":{"rendered":"DEUTER Overnite &#8211; deepsea-ink"},"content":{"rendered":"<p>DESCRIPTION<\/p>\n<p>Que ce soit comme couverture ou comme sac de couchage, l&#8217;Overnite avec sa fermeture \u00e9clair bidirectionnelle avec protection anti-pincement et son mat\u00e9riau ext\u00e9rieur robuste peut \u00eatre utilis\u00e9 de diff\u00e9rentes mani\u00e8res. La section de t\u00eate moelleuse avec insert pour oreiller et la r\u00e9partition \u00e0 360\u00b0 du rembourrage assurent un confort de repos agr\u00e9able et un climat thermique \u00e9quilibr\u00e9. Le mat\u00e9riau ext\u00e9rieur de l&#8217;enveloppe sans coutures garantit une bonne performance thermique et prot\u00e8ge de la p\u00e9n\u00e9tration de l&#8217;humidit\u00e9. Le mat\u00e9riau ext\u00e9rieur et int\u00e9rieur offrent une sensation agr\u00e9able au toucher et sont fabriqu\u00e9s avec des tissus 100 % recycl\u00e9s. Gr\u00e2ce au sac de couchage Gymbag, le sac de couchage est rapidement rang\u00e9 et pratique \u00e0 transporter.    <\/p>\n<p>Pour toutes les aventures urbaines o\u00f9 votre prog\u00e9niture peut profiter d&#8217;un sac de couchage confortable et douillet.<\/p>\n<p>CARACT\u00c9RISTIQUES<\/p>\n<p>Grande section de t\u00eate avec insert pour oreiller pour toutes les tailles d&#8217;oreillers courantes jusqu&#8217;\u00e0 80 x 40 cm<br \/>\nLe mat\u00e9riau ext\u00e9rieur de l&#8217;enveloppe, sans coutures, garantit des performances thermiques sup\u00e9rieures et prot\u00e8ge de la p\u00e9n\u00e9tration de l&#8217;humidit\u00e9<br \/>\nConstruction monocouche<br \/>\nRuban anti-pincement de fermeture \u00e9clair<br \/>\nRev\u00eatement int\u00e9rieur douillet et moelleux en tissu m\u00e9lang\u00e9 coton<br \/>\nIsolation thermique \u00e0 360\u00b0<br \/>\nPeut \u00e9galement \u00eatre utilis\u00e9 comme couverture gr\u00e2ce \u00e0 la fermeture \u00e9clair int\u00e9grale<br \/>\nGymbag comme sac de rangement<br \/>\nTaille du corps jusqu&#8217;\u00e0 environ 170 cm<br \/>\nFermeture \u00e9clair bidirectionnelle<br \/>\nCoupe confort momie<br \/>\nProduit certifi\u00e9 ClimatePartner<\/p>\n","protected":false},"excerpt":{"rendered":"<p>DESCRIPTION Que ce soit comme couverture ou comme sac de couchage, l&#8217;Overnite avec sa fermeture \u00e9clair bidirectionnelle avec protection anti-pincement<\/p>\n","protected":false},"featured_media":94942,"template":"","meta":{"_seopress_robots_primary_cat":"none","_seopress_titles_title":"","_seopress_titles_desc":"","_seopress_robots_index":""},"product_brand":[3619],"product_cat":[1702,144,1408],"product_tag":[],"class_list":{"0":"post-419197","1":"product","2":"type-product","3":"status-publish","4":"has-post-thumbnail","6":"product_brand-deuter-fr","7":"product_cat-autres","8":"product_cat-equipement","9":"product_cat-equipements-de-loisirs","10":"sws-gruppo-no-gruppo-fr","11":"sws-categoria-sito-fr","12":"sws-conto-ricavi-merci-rivendita-abbigliamento-fr","13":"sws-gruppo-iva-iva81-fr","15":"first","16":"instock","17":"shipping-taxable","18":"purchasable","19":"product-type-simple"},"_links":{"self":[{"href":"https:\/\/lucacastelli.com\/fr\/wp-json\/wp\/v2\/product\/419197","targetHints":{"allow":["GET"]}}],"collection":[{"href":"https:\/\/lucacastelli.com\/fr\/wp-json\/wp\/v2\/product"}],"about":[{"href":"https:\/\/lucacastelli.com\/fr\/wp-json\/wp\/v2\/types\/product"}],"wp:featuredmedia":[{"embeddable":true,"href":"https:\/\/lucacastelli.com\/fr\/wp-json\/wp\/v2\/media\/94942"}],"wp:attachment":[{"href":"https:\/\/lucacastelli.com\/fr\/wp-json\/wp\/v2\/media?parent=419197"}],"wp:term":[{"taxonomy":"product_brand","embeddable":true,"href":"https:\/\/lucacastelli.com\/fr\/wp-json\/wp\/v2\/product_brand?post=419197"},{"taxonomy":"product_cat","embeddable":true,"href":"https:\/\/lucacastelli.com\/fr\/wp-json\/wp\/v2\/product_cat?post=419197"},{"taxonomy":"product_tag","embeddable":true,"href":"https:\/\/lucacastelli.com\/fr\/wp-json\/wp\/v2\/product_tag?post=419197"}],"curies":[{"name":"wp","href":"https:\/\/api.w.org\/{rel}","templated":true}]}}