{"id":419123,"date":"2024-03-30T13:16:27","date_gmt":"2024-03-30T12:16:27","guid":{"rendered":"https:\/\/lucacastelli.com\/prodotto\/meindl-power-walker-homme-3-5-boa\/"},"modified":"2025-06-29T00:50:41","modified_gmt":"2025-06-28T22:50:41","slug":"meindl-power-walker-homme-3-5-boa","status":"publish","type":"product","link":"https:\/\/lucacastelli.com\/fr\/produit\/meindl-power-walker-homme-3-5-boa\/","title":{"rendered":"MEINDL POWER WALKER HOMME 3.5 (BOA\u00ae)"},"content":{"rendered":"<p>La Power Walker 3.5 convainc aussi bien comme chaussure de sport de tous les jours que pour les balades de loisirs sportives. Les mod\u00e8les se caract\u00e9risent par la coupe\u00ae confortable Comfort. Par rapport \u00e0 une forme classique, les formes Comfort Fit\u00ae offrent une plus grande empreinte au sol \u00e0 l\u2019avant-pied et plus d\u2019espace \u00e0 l\u2019avant-pied. Le gros orteil est ainsi redress\u00e9 et peut bouger librement. Le syst\u00e8me BOA\u00ae facilite l\u2019enfilage et le d\u00e9collage. La semelle Meindl Comfort fit\u00ae Wellness Soft-Step sp\u00e9cialement d\u00e9velopp\u00e9e se caract\u00e9rise par un roulement solide et une semelle compens\u00e9e en EVA extr\u00eamement douce et absorbant les chocs. La bande de roulement est l\u00e9g\u00e8rement profil\u00e9e et n\u2019a pas de talon prononc\u00e9 pour assurer une grande stabilit\u00e9 lors de la marche. Gr\u00e2ce au GORE-TEX, les chaussures sont garanties imperm\u00e9ables et respirantes.       <\/p>\n","protected":false},"excerpt":{"rendered":"<p>La Power Walker 3.5 convainc aussi bien comme chaussure de sport de tous les jours que pour les balades de<\/p>\n","protected":false},"featured_media":101330,"template":"","meta":{"_seopress_robots_primary_cat":"","_seopress_titles_title":"","_seopress_titles_desc":"","_seopress_robots_index":""},"product_brand":[3427],"product_cat":[28,568,569],"product_tag":[],"class_list":{"0":"post-419123","1":"product","2":"type-product","3":"status-publish","4":"has-post-thumbnail","6":"product_brand-meindl","7":"product_cat-calzature","8":"product_cat-calzature-per-il-tempo-libero","9":"product_cat-calzature-da-uomo","10":"sws-gruppo-no-gruppo-fr","11":"sws-categoria-sito-fr","12":"sws-gruppo-iva-iva81-fr","14":"first","15":"instock","16":"shipping-taxable","17":"purchasable","18":"product-type-variable"},"_links":{"self":[{"href":"https:\/\/lucacastelli.com\/fr\/wp-json\/wp\/v2\/product\/419123","targetHints":{"allow":["GET"]}}],"collection":[{"href":"https:\/\/lucacastelli.com\/fr\/wp-json\/wp\/v2\/product"}],"about":[{"href":"https:\/\/lucacastelli.com\/fr\/wp-json\/wp\/v2\/types\/product"}],"wp:featuredmedia":[{"embeddable":true,"href":"https:\/\/lucacastelli.com\/fr\/wp-json\/wp\/v2\/media\/101330"}],"wp:attachment":[{"href":"https:\/\/lucacastelli.com\/fr\/wp-json\/wp\/v2\/media?parent=419123"}],"wp:term":[{"taxonomy":"product_brand","embeddable":true,"href":"https:\/\/lucacastelli.com\/fr\/wp-json\/wp\/v2\/product_brand?post=419123"},{"taxonomy":"product_cat","embeddable":true,"href":"https:\/\/lucacastelli.com\/fr\/wp-json\/wp\/v2\/product_cat?post=419123"},{"taxonomy":"product_tag","embeddable":true,"href":"https:\/\/lucacastelli.com\/fr\/wp-json\/wp\/v2\/product_tag?post=419123"}],"curies":[{"name":"wp","href":"https:\/\/api.w.org\/{rel}","templated":true}]}}