{"id":419065,"date":"2024-03-30T11:50:12","date_gmt":"2024-03-30T10:50:12","guid":{"rendered":"https:\/\/lucacastelli.com\/prodotto\/meindl-top-trail-lady-gtx\/"},"modified":"2026-03-02T22:29:56","modified_gmt":"2026-03-02T21:29:56","slug":"meindl-top-trail-lady-gtx","status":"publish","type":"product","link":"https:\/\/lucacastelli.com\/fr\/produit\/meindl-top-trail-lady-gtx\/","title":{"rendered":"MEINDL TOP TRAIL LADY GTX"},"content":{"rendered":"<p>La Top Trail Lady GTX de la collection Trail Activity est un v\u00e9ritable appel visuel. Le fil libre \u00ab Speedwire \u00bb du syst\u00e8me variofix\u00ae s&#8217;enroule uniform\u00e9ment et \u00e9troitement autour du talon, offrant ainsi le meilleur maintien dans la chaussure. Le la\u00e7age, tir\u00e9 tr\u00e8s en avant, permet un ajustement personnalis\u00e9 et sans pression au pied. Gr\u00e2ce au GORE-TEX, la chaussure est garantie imperm\u00e9able et respirante. Cela fait de la chaussure un compagnon efficace pour un large \u00e9ventail d&#8217;activit\u00e9s de loisirs.    <\/p>\n","protected":false},"excerpt":{"rendered":"<p>La Top Trail Lady GTX de la collection Trail Activity est un v\u00e9ritable appel visuel. Le fil libre \u00ab Speedwire<\/p>\n","protected":false},"featured_media":101295,"template":"","meta":{"_seopress_robots_primary_cat":"none","_seopress_titles_title":"","_seopress_titles_desc":"","_seopress_robots_index":""},"product_brand":[3654],"product_cat":[173,1420,1429],"product_tag":[],"class_list":{"0":"post-419065","1":"product","2":"type-product","3":"status-publish","4":"has-post-thumbnail","6":"product_brand-meindl-fr","7":"product_cat-chaussures","8":"product_cat-chaussures-de-loisirs","9":"product_cat-chaussures-pour-femmes","10":"sws-gruppo-no-gruppo-fr","11":"sws-categoria-sito-fr","12":"sws-gruppo-iva-iva81-fr","14":"first","15":"instock","16":"shipping-taxable","17":"purchasable","18":"product-type-variable"},"_links":{"self":[{"href":"https:\/\/lucacastelli.com\/fr\/wp-json\/wp\/v2\/product\/419065","targetHints":{"allow":["GET"]}}],"collection":[{"href":"https:\/\/lucacastelli.com\/fr\/wp-json\/wp\/v2\/product"}],"about":[{"href":"https:\/\/lucacastelli.com\/fr\/wp-json\/wp\/v2\/types\/product"}],"wp:featuredmedia":[{"embeddable":true,"href":"https:\/\/lucacastelli.com\/fr\/wp-json\/wp\/v2\/media\/101295"}],"wp:attachment":[{"href":"https:\/\/lucacastelli.com\/fr\/wp-json\/wp\/v2\/media?parent=419065"}],"wp:term":[{"taxonomy":"product_brand","embeddable":true,"href":"https:\/\/lucacastelli.com\/fr\/wp-json\/wp\/v2\/product_brand?post=419065"},{"taxonomy":"product_cat","embeddable":true,"href":"https:\/\/lucacastelli.com\/fr\/wp-json\/wp\/v2\/product_cat?post=419065"},{"taxonomy":"product_tag","embeddable":true,"href":"https:\/\/lucacastelli.com\/fr\/wp-json\/wp\/v2\/product_tag?post=419065"}],"curies":[{"name":"wp","href":"https:\/\/api.w.org\/{rel}","templated":true}]}}