{"id":419041,"date":"2024-03-30T12:33:19","date_gmt":"2024-03-30T11:33:19","guid":{"rendered":"https:\/\/lucacastelli.com\/prodotto\/meindl-marcheur-electrique-femme-3-0\/"},"modified":"2025-06-29T00:51:14","modified_gmt":"2025-06-28T22:51:14","slug":"meindl-marcheur-electrique-femme-3-0","status":"publish","type":"product","link":"https:\/\/lucacastelli.com\/fr\/produit\/meindl-marcheur-electrique-femme-3-0\/","title":{"rendered":"MEINDL MARCHEUR \u00c9LECTRIQUE FEMME 3.0"},"content":{"rendered":"<p>Avec le Power Walker Lady 3.0, les longues promenades et les randonn\u00e9es en ville ou \u00e0 la campagne sont deux fois plus amusantes. Les mod\u00e8les impressionnent par leur coupe confortable et\u00ae confortable. Par rapport \u00e0 une forme classique, les formes Comfort Fit\u00ae offrent une plus grande empreinte au sol \u00e0 l\u2019avant-pied et plus d\u2019espace \u00e0 l\u2019avant-pied. Le gros orteil est alors redress\u00e9 et peut bouger librement. Le syst\u00e8me de la\u00e7age rapide avec stoppeur facilite l\u2019enfilage et le retrait. La semelle Meindl Comfort fit\u00ae Wellness Soft-Step sp\u00e9cialement d\u00e9velopp\u00e9e se distingue par un roulement solide et une cale EVA extr\u00eamement douce et absorbant les chocs. La bande de roulement est l\u00e9g\u00e8rement profil\u00e9e et n\u2019a pas de talon prononc\u00e9 pour assurer une grande stabilit\u00e9 lors de la marche. Gr\u00e2ce au GORE-TEX, le Power Walker Lady 3.0 est garanti imperm\u00e9able et respirant.       <\/p>\n","protected":false},"excerpt":{"rendered":"<p>Avec le Power Walker Lady 3.0, les longues promenades et les randonn\u00e9es en ville ou \u00e0 la campagne sont deux<\/p>\n","protected":false},"featured_media":101308,"template":"","meta":{"_seopress_robots_primary_cat":"","_seopress_titles_title":"","_seopress_titles_desc":"","_seopress_robots_index":""},"product_brand":[3654],"product_cat":[173,1420,1429],"product_tag":[],"class_list":{"0":"post-419041","1":"product","2":"type-product","3":"status-publish","4":"has-post-thumbnail","6":"product_brand-meindl-fr","7":"product_cat-chaussures","8":"product_cat-chaussures-de-loisirs","9":"product_cat-chaussures-pour-femmes","10":"sws-gruppo-no-gruppo","11":"sws-categoria-sito","12":"sws-gruppo-iva-iva81","14":"first","15":"instock","16":"shipping-taxable","17":"purchasable","18":"product-type-variable"},"_links":{"self":[{"href":"https:\/\/lucacastelli.com\/fr\/wp-json\/wp\/v2\/product\/419041","targetHints":{"allow":["GET"]}}],"collection":[{"href":"https:\/\/lucacastelli.com\/fr\/wp-json\/wp\/v2\/product"}],"about":[{"href":"https:\/\/lucacastelli.com\/fr\/wp-json\/wp\/v2\/types\/product"}],"wp:featuredmedia":[{"embeddable":true,"href":"https:\/\/lucacastelli.com\/fr\/wp-json\/wp\/v2\/media\/101308"}],"wp:attachment":[{"href":"https:\/\/lucacastelli.com\/fr\/wp-json\/wp\/v2\/media?parent=419041"}],"wp:term":[{"taxonomy":"product_brand","embeddable":true,"href":"https:\/\/lucacastelli.com\/fr\/wp-json\/wp\/v2\/product_brand?post=419041"},{"taxonomy":"product_cat","embeddable":true,"href":"https:\/\/lucacastelli.com\/fr\/wp-json\/wp\/v2\/product_cat?post=419041"},{"taxonomy":"product_tag","embeddable":true,"href":"https:\/\/lucacastelli.com\/fr\/wp-json\/wp\/v2\/product_tag?post=419041"}],"curies":[{"name":"wp","href":"https:\/\/api.w.org\/{rel}","templated":true}]}}