{"id":419032,"date":"2022-11-08T08:14:25","date_gmt":"2022-11-08T07:14:25","guid":{"rendered":"https:\/\/lucacastelli.com\/prodotto\/meindl-owl-lady-gtx\/"},"modified":"2026-03-02T22:29:14","modified_gmt":"2026-03-02T21:29:14","slug":"meindl-owl-lady-gtx","status":"publish","type":"product","link":"https:\/\/lucacastelli.com\/fr\/produit\/meindl-owl-lady-gtx\/","title":{"rendered":"MEINDL Civetta Lady GTX"},"content":{"rendered":"<p>L\u2019\u00e9l\u00e9gant mod\u00e8le Civetta Lady GTX est id\u00e9al pour la saison froide. L\u2019association du GORE-TEX et de la fourrure tiss\u00e9e garde les pieds au chaud et au sec. La semelle profil\u00e9e en caoutchouc Grip garantit une adh\u00e9rence parfaite sur diverses surfaces et un amorti optimal gr\u00e2ce \u00e0 la cale en EVA int\u00e9gr\u00e9e.  <\/p>\n","protected":false},"excerpt":{"rendered":"<p>L\u2019\u00e9l\u00e9gant mod\u00e8le Civetta Lady GTX est id\u00e9al pour la saison froide. L\u2019association du GORE-TEX et de la fourrure tiss\u00e9e garde<\/p>\n","protected":false},"featured_media":83530,"template":"","meta":{"_seopress_robots_primary_cat":"none","_seopress_titles_title":"","_seopress_titles_desc":"","_seopress_robots_index":""},"product_brand":[3654],"product_cat":[173,1420,1429],"product_tag":[],"class_list":{"0":"post-419032","1":"product","2":"type-product","3":"status-publish","4":"has-post-thumbnail","6":"product_brand-meindl-fr","7":"product_cat-chaussures","8":"product_cat-chaussures-de-loisirs","9":"product_cat-chaussures-pour-femmes","11":"first","12":"instock","13":"shipping-taxable","14":"purchasable","15":"product-type-variable"},"_links":{"self":[{"href":"https:\/\/lucacastelli.com\/fr\/wp-json\/wp\/v2\/product\/419032","targetHints":{"allow":["GET"]}}],"collection":[{"href":"https:\/\/lucacastelli.com\/fr\/wp-json\/wp\/v2\/product"}],"about":[{"href":"https:\/\/lucacastelli.com\/fr\/wp-json\/wp\/v2\/types\/product"}],"wp:featuredmedia":[{"embeddable":true,"href":"https:\/\/lucacastelli.com\/fr\/wp-json\/wp\/v2\/media\/83530"}],"wp:attachment":[{"href":"https:\/\/lucacastelli.com\/fr\/wp-json\/wp\/v2\/media?parent=419032"}],"wp:term":[{"taxonomy":"product_brand","embeddable":true,"href":"https:\/\/lucacastelli.com\/fr\/wp-json\/wp\/v2\/product_brand?post=419032"},{"taxonomy":"product_cat","embeddable":true,"href":"https:\/\/lucacastelli.com\/fr\/wp-json\/wp\/v2\/product_cat?post=419032"},{"taxonomy":"product_tag","embeddable":true,"href":"https:\/\/lucacastelli.com\/fr\/wp-json\/wp\/v2\/product_tag?post=419032"}],"curies":[{"name":"wp","href":"https:\/\/api.w.org\/{rel}","templated":true}]}}