{"id":418996,"date":"2022-05-31T10:09:45","date_gmt":"2022-05-31T08:09:45","guid":{"rendered":"https:\/\/lucacastelli.com\/prodotto\/meindl-mid-gtx-amplificateur-de-puissance\/"},"modified":"2026-03-02T22:30:46","modified_gmt":"2026-03-02T21:30:46","slug":"meindl-mid-gtx-amplificateur-de-puissance","status":"publish","type":"product","link":"https:\/\/lucacastelli.com\/fr\/produit\/meindl-mid-gtx-amplificateur-de-puissance\/","title":{"rendered":"MEINDL Finale Mid GTX"},"content":{"rendered":"<p>La Finale Mid GTX de la collection Trail Activity s\u00e9duit par sa semelle en gomme Vibram\u00ae Hiking Grip, adh\u00e9rente et stable, avec un intercalaire en EVA soft-tread pour une accroche s\u00fbre. Gr\u00e2ce au GORE-TEX, la chaussure est garantie imperm\u00e9able et respirante. Cela fait de cette chaussure un compagnon efficace pour une large gamme d&#8217;activit\u00e9s sportives de loisirs. Visuellement, les couleurs fra\u00eeches attirent tous les regards.   <\/p>\n","protected":false},"excerpt":{"rendered":"<p>La Finale Mid GTX de la collection Trail Activity s\u00e9duit par sa semelle en gomme Vibram\u00ae Hiking Grip, adh\u00e9rente et<\/p>\n","protected":false},"featured_media":58656,"template":"","meta":{"_seopress_robots_primary_cat":"none","_seopress_titles_title":"","_seopress_titles_desc":"","_seopress_robots_index":""},"product_brand":[3654],"product_cat":[173,1420,1432],"product_tag":[],"class_list":{"0":"post-418996","1":"product","2":"type-product","3":"status-publish","4":"has-post-thumbnail","6":"product_brand-meindl-fr","7":"product_cat-chaussures","8":"product_cat-chaussures-de-loisirs","9":"product_cat-chaussures-pour-hommes","10":"sws-gruppo-abb-libero-fr","11":"sws-conto-ricavi-merci-rivendita-abbigliamento-fr","12":"sws-gruppo-iva-iva81-fr","14":"first","15":"instock","16":"shipping-taxable","17":"purchasable","18":"product-type-variable"},"_links":{"self":[{"href":"https:\/\/lucacastelli.com\/fr\/wp-json\/wp\/v2\/product\/418996","targetHints":{"allow":["GET"]}}],"collection":[{"href":"https:\/\/lucacastelli.com\/fr\/wp-json\/wp\/v2\/product"}],"about":[{"href":"https:\/\/lucacastelli.com\/fr\/wp-json\/wp\/v2\/types\/product"}],"wp:featuredmedia":[{"embeddable":true,"href":"https:\/\/lucacastelli.com\/fr\/wp-json\/wp\/v2\/media\/58656"}],"wp:attachment":[{"href":"https:\/\/lucacastelli.com\/fr\/wp-json\/wp\/v2\/media?parent=418996"}],"wp:term":[{"taxonomy":"product_brand","embeddable":true,"href":"https:\/\/lucacastelli.com\/fr\/wp-json\/wp\/v2\/product_brand?post=418996"},{"taxonomy":"product_cat","embeddable":true,"href":"https:\/\/lucacastelli.com\/fr\/wp-json\/wp\/v2\/product_cat?post=418996"},{"taxonomy":"product_tag","embeddable":true,"href":"https:\/\/lucacastelli.com\/fr\/wp-json\/wp\/v2\/product_tag?post=418996"}],"curies":[{"name":"wp","href":"https:\/\/api.w.org\/{rel}","templated":true}]}}