{"id":418959,"date":"2025-02-24T14:37:25","date_gmt":"2025-02-24T13:37:25","guid":{"rendered":"https:\/\/lucacastelli.com\/prodotto\/eder-mechanischer-fallkeil-titan-80-proeder\/"},"modified":"2025-08-14T13:16:46","modified_gmt":"2025-08-14T11:16:46","slug":"eder-mechanischer-fallkeil-titan-80-proeder","status":"publish","type":"product","link":"https:\/\/lucacastelli.com\/fr\/produit\/eder-mechanischer-fallkeil-titan-80-proeder\/","title":{"rendered":"EDER Titan 80 Proeder coin de d\u00e9molition m\u00e9canique"},"content":{"rendered":"<p>La cale d\u2019abattage m\u00e9canique EDER Eder Titan 80 Pro est utilis\u00e9e comme alternative aux cales lourdes dans l\u2019abattage de bois lourd.<\/p>\n<p>Description du produit<br \/>\nLa cale d\u2019abattage m\u00e9canique EDER Eder Titan 80 est utilis\u00e9e comme alternative au travail avec des cales dans l\u2019abattage de bois lourd. Le Titan 80 Pro est la continuation de l\u2019EDER Titan 80 qui a fait ses preuves. <\/p>\n<p>Les avantages de l\u2019utilisation de la cale d\u2019abattage m\u00e9canique Titan 80 Pro par rapport aux cales traditionnelles sont les suivants<\/p>\n<p>Il peut \u00eatre utilis\u00e9 avec une cl\u00e9 \u00e0 chocs jusqu\u2019\u00e0 1300 Nm.<br \/>\nLa cale peut \u00eatre reviss\u00e9e et repositionn\u00e9e si la hauteur de levage est trop basse.<br \/>\nTravail ergonomique et sans effort gr\u00e2ce \u00e0 des forces de levage et des rapports \u00e9lev\u00e9s.<br \/>\nPlus de s\u00e9curit\u00e9 lors de l\u2019abattage sur les pentes.<br \/>\nLe risque de chute de bois mort est r\u00e9duit gr\u00e2ce \u00e0 la cale sans vibrations.<br \/>\nCaract\u00e9ristiques techniques<br \/>\nPoids : 5,6 kg<br \/>\nLxlxH : 410 mm x 90 x 170 mm<br \/>\nAlimentation du coin : 160 mm<br \/>\nCourse\/r\u00e9gime : 3 mm<br \/>\nForce de levage max. Force de levage : 25 tonnes<br \/>\nHauteur de levage maximale : 80 mm Hauteur de levage : 80 mm <\/p>\n","protected":false},"excerpt":{"rendered":"<p>La cale d\u2019abattage m\u00e9canique EDER Eder Titan 80 Pro est utilis\u00e9e comme alternative aux cales lourdes dans l\u2019abattage de bois<\/p>\n","protected":false},"featured_media":102706,"template":"","meta":{"_seopress_robots_primary_cat":"","_seopress_titles_title":"","_seopress_titles_desc":"","_seopress_robots_index":""},"product_brand":[3627],"product_cat":[1642,167,1604],"product_tag":[],"class_list":{"0":"post-418959","1":"product","2":"type-product","3":"status-publish","4":"has-post-thumbnail","6":"product_brand-eder-fr","7":"product_cat-accessoires-et-consommables-fr-5","8":"product_cat-machines","9":"product_cat-tronconneuses","10":"sws-gruppo-attrezz-fr","11":"sws-categoria-sito-fr","12":"sws-conto-ricavi-merci-rivendita-macchinari-fr","13":"sws-gruppo-iva-iva81-fr","15":"first","16":"instock","17":"sale","18":"shipping-taxable","19":"purchasable","20":"product-type-variable"},"_links":{"self":[{"href":"https:\/\/lucacastelli.com\/fr\/wp-json\/wp\/v2\/product\/418959","targetHints":{"allow":["GET"]}}],"collection":[{"href":"https:\/\/lucacastelli.com\/fr\/wp-json\/wp\/v2\/product"}],"about":[{"href":"https:\/\/lucacastelli.com\/fr\/wp-json\/wp\/v2\/types\/product"}],"wp:featuredmedia":[{"embeddable":true,"href":"https:\/\/lucacastelli.com\/fr\/wp-json\/wp\/v2\/media\/102706"}],"wp:attachment":[{"href":"https:\/\/lucacastelli.com\/fr\/wp-json\/wp\/v2\/media?parent=418959"}],"wp:term":[{"taxonomy":"product_brand","embeddable":true,"href":"https:\/\/lucacastelli.com\/fr\/wp-json\/wp\/v2\/product_brand?post=418959"},{"taxonomy":"product_cat","embeddable":true,"href":"https:\/\/lucacastelli.com\/fr\/wp-json\/wp\/v2\/product_cat?post=418959"},{"taxonomy":"product_tag","embeddable":true,"href":"https:\/\/lucacastelli.com\/fr\/wp-json\/wp\/v2\/product_tag?post=418959"}],"curies":[{"name":"wp","href":"https:\/\/api.w.org\/{rel}","templated":true}]}}