{"id":418935,"date":"2025-02-24T14:29:57","date_gmt":"2025-02-24T13:29:57","guid":{"rendered":"https:\/\/lucacastelli.com\/prodotto\/eder-borkenkaferfrase-kettenantriebeder\/"},"modified":"2025-06-28T22:33:59","modified_gmt":"2025-06-28T20:33:59","slug":"eder-borkenkaferfrase-kettenantriebeder","status":"publish","type":"product","link":"https:\/\/lucacastelli.com\/fr\/produit\/eder-borkenkaferfrase-kettenantriebeder\/","title":{"rendered":"Eder Borkenk\u00e4ferfr\u00e4se Kettenantriebeder"},"content":{"rendered":"<p>La b\u00fbcheron est \u00e9quip\u00e9e de 4 lames qui coupent le tronc \u00e0 des intervalles de 24 mm, ce qui vous permet de sculpter rapidement l\u2019ensemble du tronc. Le b\u00fbcheron peut \u00eatre mont\u00e9 sur diff\u00e9rentes tron\u00e7onneuses. Gr\u00e2ce \u00e0 l\u2019entra\u00eenement par cha\u00eene, l\u2019op\u00e9ration peut \u00eatre r\u00e9alis\u00e9e en quelques \u00e9tapes simples.  <\/p>\n<p>Cependant, l\u2019\u00e9cor\u00e7age du bois emp\u00eache la renaturalisation de la for\u00eat et s\u2019accompagne d\u2019une perte massive de biodiversit\u00e9.<br \/>\nComme compromis pour terminer l\u2019\u00e9cor\u00e7age, les rondins peuvent \u00eatre marqu\u00e9s. Le scolyte a besoin d\u2019une surface d\u2019environ 5 cm\u00b2 pour se sentir \u00e0 l\u2019aise. En \u00e9cor\u00e7ant le tronc, le scolyte est priv\u00e9 de son habitat sans limiter s\u00e9v\u00e8rement la renaturalisation de la for\u00eat.  <\/p>\n<p>Poids sans moteur 2,5 kg<br \/>\nPuissance d\u2019entra\u00eenement min. 1,2 kW<br \/>\nLargeur de travail 120 mm<br \/>\nLargeur de la lame 4,5 mm<br \/>\nNombre de couteaux 4<\/p>\n<p>Description des lames Types de<br \/>\nlames :<\/p>\n<p>Largeur de la rainure de la lame 8mm<br \/>\nStihl 170\/180\/211\/231\/241\/251 &#8221;<br \/>\nHusqvarna 340\/345\/346\/350\/353\/357\/362\/242\/254\/435\/440\/543\/545\/545II\/550\/550II\/560<br \/>\nDolmar PS-460\/PS-500\/PS-5000\/PS-5105\/PS-6100<\/p>\n<p>Lame \u00e0 fente 12mm<br \/>\nStihl 240\/260\/261\/362\/440\/441\/442\/462\/500\/660\/661<br \/>\nHusqvarna 365\/372\/385\/390\/395\/562\/570\/572\/575\/576<br \/>\nDolmar PS-6400\/PS-7300\/PS-7310\/PS-7900\/PS-7910<br \/>\nAdaptateur inclus<\/p>\n","protected":false},"excerpt":{"rendered":"<p>La b\u00fbcheron est \u00e9quip\u00e9e de 4 lames qui coupent le tronc \u00e0 des intervalles de 24 mm, ce qui vous<\/p>\n","protected":false},"featured_media":102685,"template":"","meta":{"_seopress_robots_primary_cat":"","_seopress_titles_title":"","_seopress_titles_desc":"","_seopress_robots_index":""},"product_brand":[3627],"product_cat":[167,1604,1642],"product_tag":[],"class_list":{"0":"post-418935","1":"product","2":"type-product","3":"status-publish","4":"has-post-thumbnail","6":"product_brand-eder-fr","7":"product_cat-machines","8":"product_cat-tronconneuses","9":"product_cat-accessoires-et-consommables-fr-5","10":"sws-gruppo-macchinari-fr","11":"sws-categoria-sito-fr","12":"sws-conto-ricavi-merci-rivendita-macchinari-fr","13":"sws-gruppo-iva-iva81-fr","15":"first","16":"instock","17":"sale","18":"shipping-taxable","19":"purchasable","20":"product-type-variable"},"_links":{"self":[{"href":"https:\/\/lucacastelli.com\/fr\/wp-json\/wp\/v2\/product\/418935","targetHints":{"allow":["GET"]}}],"collection":[{"href":"https:\/\/lucacastelli.com\/fr\/wp-json\/wp\/v2\/product"}],"about":[{"href":"https:\/\/lucacastelli.com\/fr\/wp-json\/wp\/v2\/types\/product"}],"wp:featuredmedia":[{"embeddable":true,"href":"https:\/\/lucacastelli.com\/fr\/wp-json\/wp\/v2\/media\/102685"}],"wp:attachment":[{"href":"https:\/\/lucacastelli.com\/fr\/wp-json\/wp\/v2\/media?parent=418935"}],"wp:term":[{"taxonomy":"product_brand","embeddable":true,"href":"https:\/\/lucacastelli.com\/fr\/wp-json\/wp\/v2\/product_brand?post=418935"},{"taxonomy":"product_cat","embeddable":true,"href":"https:\/\/lucacastelli.com\/fr\/wp-json\/wp\/v2\/product_cat?post=418935"},{"taxonomy":"product_tag","embeddable":true,"href":"https:\/\/lucacastelli.com\/fr\/wp-json\/wp\/v2\/product_tag?post=418935"}],"curies":[{"name":"wp","href":"https:\/\/api.w.org\/{rel}","templated":true}]}}