{"id":418916,"date":"2025-02-24T14:21:35","date_gmt":"2025-02-24T13:21:35","guid":{"rendered":"https:\/\/lucacastelli.com\/prodotto\/eder-mechanischer-fallkeil-titan-50eder\/"},"modified":"2025-08-14T13:17:36","modified_gmt":"2025-08-14T11:17:36","slug":"eder-mechanischer-fallkeil-titan-50eder","status":"publish","type":"product","link":"https:\/\/lucacastelli.com\/fr\/produit\/eder-mechanischer-fallkeil-titan-50eder\/","title":{"rendered":"EDER D\u00e9molition m\u00e9canique Titan 50eder"},"content":{"rendered":"<p>La cale m\u00e9canique EDER Titan 50 est la version plus petite de l\u2019EDER Titan 80 Pro qui a fait ses preuves. Il est utilis\u00e9 dans la r\u00e9colte de bois lourd et constitue une alternative aux travaux lourds avec des cales. <\/p>\n<p>Description du produit<br \/>\nLa cale m\u00e9canique EDER Titan 50 est la version plus petite de l\u2019EDER Titan 80 Pro qui a fait ses preuves. Il est utilis\u00e9 dans la r\u00e9colte de bois lourd et constitue une alternative aux travaux lourds avec des cales. L\u2019EDER &#8211; Titan 50 pr\u00e9sente les avantages suivants par rapport aux variantes de wedge classiques :  <\/p>\n<p>Il peut \u00eatre utilis\u00e9 avec une cl\u00e9 \u00e0 chocs jusqu\u2019\u00e0 750 Nm.<br \/>\nLa cale peut \u00eatre reviss\u00e9e et repositionn\u00e9e si la hauteur de levage est trop basse.<br \/>\nUtilisation ergonomique et sans effort gr\u00e2ce \u00e0 des forces de levage et des rapports \u00e9lev\u00e9s.<br \/>\nPlus de s\u00e9curit\u00e9 lors de l\u2019abattage sur les pentes.<br \/>\nLe risque de chute de bois mort est r\u00e9duit gr\u00e2ce \u00e0 la cale sans vibrations.<br \/>\nL\u2019arbre de transmission encapsul\u00e9 emp\u00eache la salet\u00e9 et les dommages ult\u00e9rieurs \u00e0 la transmission.<\/p>\n<p>&nbsp;<\/p>\n<p>&nbsp;<\/p>\n<p>Poids : 1,6 kg<br \/>\nLxlxH : 240 mm x 118 mm x 72 mm<br \/>\nAlimentation du coin : 100 mm<br \/>\nCourse\/r\u00e9gime : 2 mm<br \/>\nForce de levage max. Force de levage : 15 tonnes<br \/>\nHauteur de levage maximale : 50 mm Hauteur de levage : 50 mm <\/p>\n","protected":false},"excerpt":{"rendered":"<p>La cale m\u00e9canique EDER Titan 50 est la version plus petite de l\u2019EDER Titan 80 Pro qui a fait ses<\/p>\n","protected":false},"featured_media":102678,"template":"","meta":{"_seopress_robots_primary_cat":"","_seopress_titles_title":"","_seopress_titles_desc":"","_seopress_robots_index":""},"product_brand":[3627],"product_cat":[1642,167,1604],"product_tag":[],"class_list":{"0":"post-418916","1":"product","2":"type-product","3":"status-publish","4":"has-post-thumbnail","6":"product_brand-eder-fr","7":"product_cat-accessoires-et-consommables-fr-5","8":"product_cat-machines","9":"product_cat-tronconneuses","10":"sws-gruppo-attrezz-fr","11":"sws-categoria-sito-fr","12":"sws-conto-ricavi-merci-rivendita-macchinari-fr","13":"sws-gruppo-iva-iva81-fr","15":"first","16":"instock","17":"sale","18":"shipping-taxable","19":"purchasable","20":"product-type-variable"},"_links":{"self":[{"href":"https:\/\/lucacastelli.com\/fr\/wp-json\/wp\/v2\/product\/418916","targetHints":{"allow":["GET"]}}],"collection":[{"href":"https:\/\/lucacastelli.com\/fr\/wp-json\/wp\/v2\/product"}],"about":[{"href":"https:\/\/lucacastelli.com\/fr\/wp-json\/wp\/v2\/types\/product"}],"wp:featuredmedia":[{"embeddable":true,"href":"https:\/\/lucacastelli.com\/fr\/wp-json\/wp\/v2\/media\/102678"}],"wp:attachment":[{"href":"https:\/\/lucacastelli.com\/fr\/wp-json\/wp\/v2\/media?parent=418916"}],"wp:term":[{"taxonomy":"product_brand","embeddable":true,"href":"https:\/\/lucacastelli.com\/fr\/wp-json\/wp\/v2\/product_brand?post=418916"},{"taxonomy":"product_cat","embeddable":true,"href":"https:\/\/lucacastelli.com\/fr\/wp-json\/wp\/v2\/product_cat?post=418916"},{"taxonomy":"product_tag","embeddable":true,"href":"https:\/\/lucacastelli.com\/fr\/wp-json\/wp\/v2\/product_tag?post=418916"}],"curies":[{"name":"wp","href":"https:\/\/api.w.org\/{rel}","templated":true}]}}