{"id":418911,"date":"2025-02-23T16:38:10","date_gmt":"2025-02-23T15:38:10","guid":{"rendered":"https:\/\/lucacastelli.com\/prodotto\/eder-frasaufsatz-scheibenfraseeder\/"},"modified":"2025-06-28T22:33:42","modified_gmt":"2025-06-28T20:33:42","slug":"eder-frasaufsatz-scheibenfraseeder","status":"publish","type":"product","link":"https:\/\/lucacastelli.com\/fr\/produit\/eder-frasaufsatz-scheibenfraseeder\/","title":{"rendered":"EDER Fr\u00e4saufsatz Scheibenfr\u00e4seeder"},"content":{"rendered":"<p>La fraiseuse \u00e0 disques EDER peut donc \u00eatre utilis\u00e9e pour la production de r\u00e9servoirs, pour des travaux sculpturaux ou m\u00eame pour la chirurgie d\u2019arbres. La disposition des lames permet un usinage longitudinal et transversal de la t\u00eate de fraisage. Un guide est disponible pour le fraisage de rainures droites dans le sens longitudinal. Il y a 2 lames sur la t\u00eate de fraisage qui cr\u00e9ent une surface lisse sans vibrations.   <\/p>\n<p>Sp\u00e9cifications:<\/p>\n<ul>\n<li>Poids (sans moteur) 2,0 kg<\/li>\n<li>Puissance du moteur min. 1,2 kW<\/li>\n<li>Diam\u00e8tre du disque de coupe 95 mm<\/li>\n<li>Largeur du disque de coupe 30 mm<\/li>\n<li>Longueur de la barre 320 mm<\/li>\n<li>Nombre de lames 2,<\/li>\n<li>Vitesse max. 13 000 1\/min<\/li>\n<li>Rapport de d\u00e9multiplication 1:1<\/li>\n<\/ul>\n<p>Sp\u00e9cifiez le type de tron\u00e7onneuse<\/p>\n<p>Prix sans scie<\/p>\n","protected":false},"excerpt":{"rendered":"<p>La fraiseuse \u00e0 disques EDER peut donc \u00eatre utilis\u00e9e pour la production de r\u00e9servoirs, pour des travaux sculpturaux ou m\u00eame<\/p>\n","protected":false},"featured_media":102638,"template":"","meta":{"_seopress_robots_primary_cat":"","_seopress_titles_title":"","_seopress_titles_desc":"","_seopress_robots_index":""},"product_brand":[3417],"product_cat":[29,268,297],"product_tag":[],"class_list":{"0":"post-418911","1":"product","2":"type-product","3":"status-publish","4":"has-post-thumbnail","6":"product_brand-eder","7":"product_cat-macchinari","8":"product_cat-motoseghe","9":"product_cat-accessori-e-materiale-di-consumo-sistemi-kombi-e-multi","10":"sws-gruppo-macchinari-fr","11":"sws-categoria-sito-fr","12":"sws-conto-ricavi-merci-rivendita-macchinari-fr","13":"sws-gruppo-iva-iva81-fr","15":"first","16":"instock","17":"sale","18":"shipping-taxable","19":"purchasable","20":"product-type-simple"},"_links":{"self":[{"href":"https:\/\/lucacastelli.com\/fr\/wp-json\/wp\/v2\/product\/418911","targetHints":{"allow":["GET"]}}],"collection":[{"href":"https:\/\/lucacastelli.com\/fr\/wp-json\/wp\/v2\/product"}],"about":[{"href":"https:\/\/lucacastelli.com\/fr\/wp-json\/wp\/v2\/types\/product"}],"wp:featuredmedia":[{"embeddable":true,"href":"https:\/\/lucacastelli.com\/fr\/wp-json\/wp\/v2\/media\/102638"}],"wp:attachment":[{"href":"https:\/\/lucacastelli.com\/fr\/wp-json\/wp\/v2\/media?parent=418911"}],"wp:term":[{"taxonomy":"product_brand","embeddable":true,"href":"https:\/\/lucacastelli.com\/fr\/wp-json\/wp\/v2\/product_brand?post=418911"},{"taxonomy":"product_cat","embeddable":true,"href":"https:\/\/lucacastelli.com\/fr\/wp-json\/wp\/v2\/product_cat?post=418911"},{"taxonomy":"product_tag","embeddable":true,"href":"https:\/\/lucacastelli.com\/fr\/wp-json\/wp\/v2\/product_tag?post=418911"}],"curies":[{"name":"wp","href":"https:\/\/api.w.org\/{rel}","templated":true}]}}