{"id":418910,"date":"2025-02-24T14:14:01","date_gmt":"2025-02-24T13:14:01","guid":{"rendered":"https:\/\/lucacastelli.com\/prodotto\/eder-scheibenfrase-kettenantriebeder\/"},"modified":"2025-06-28T22:33:57","modified_gmt":"2025-06-28T20:33:57","slug":"eder-scheibenfrase-kettenantriebeder","status":"publish","type":"product","link":"https:\/\/lucacastelli.com\/fr\/produit\/eder-scheibenfrase-kettenantriebeder\/","title":{"rendered":"Eder Scheibenfr\u00e4se Kettenantriebeder"},"content":{"rendered":"<p>Le coupe-disque EDER \u00e0 cha\u00eene peut \u00eatre utilis\u00e9 pour la production de r\u00e9servoirs, la sculpture ou la chirurgie des arbres. Gr\u00e2ce \u00e0 la disposition des lames de scie, l\u2019usinage est possible \u00e0 la fois longitudinalement et transversalement \u00e0 la t\u00eate de fraisage. Un guide est fourni pour le fraisage de canaux droits dans le sens longitudinal. Il y a 2 lames sur la t\u00eate de fraisage qui produisent une surface lisse sans vibrations. Gr\u00e2ce \u00e0 l\u2019entra\u00eenement par cha\u00eene, l\u2019op\u00e9ration peut \u00eatre r\u00e9alis\u00e9e en quelques \u00e9tapes simples.    <\/p>\n<p>Poids sans moteur 1,8 kg<\/p>\n<p>Largeur de travail par outil 30 mm (2 lames demi-rondes)<\/p>\n<p>&nbsp;<\/p>\n<p>Description des lames Types de<br \/>\nlames :<\/p>\n<p>Lame \u00e0 fente 8mm<br \/>\nStihl 170\/180\/211\/231\/241\/251 &#8221;<br \/>\nHusqvarna 340\/345\/346\/350\/353\/357\/362\/242\/254\/435\/440\/543\/545\/545II\/550\/550II\/560<br \/>\nDolmar PS-460\/PS-500\/PS-5000\/PS-5105\/PS-6100<\/p>\n<p>Lame \u00e0 fente 12mm<br \/>\nStihl 240\/260\/261\/362\/440\/441\/442\/462\/500\/660\/661<br \/>\nHusqvarna 365\/372\/385\/390\/395\/562\/570\/572\/575\/576<br \/>\nDolmar PS-6400\/PS-7300\/PS-7310\/PS-7900\/PS-7910<br \/>\nAdaptateur inclus<\/p>\n<p>Traduit par DeepL.com (version gratuite)<\/p>\n","protected":false},"excerpt":{"rendered":"<p>Le coupe-disque EDER \u00e0 cha\u00eene peut \u00eatre utilis\u00e9 pour la production de r\u00e9servoirs, la sculpture ou la chirurgie des arbres.<\/p>\n","protected":false},"featured_media":102661,"template":"","meta":{"_seopress_robots_primary_cat":"","_seopress_titles_title":"","_seopress_titles_desc":"","_seopress_robots_index":""},"product_brand":[3627],"product_cat":[1642,167,1604],"product_tag":[],"class_list":{"0":"post-418910","1":"product","2":"type-product","3":"status-publish","4":"has-post-thumbnail","6":"product_brand-eder-fr","7":"product_cat-accessoires-et-consommables-fr-5","8":"product_cat-machines","9":"product_cat-tronconneuses","10":"sws-gruppo-macchinari-fr","11":"sws-categoria-sito-fr","12":"sws-conto-ricavi-merci-rivendita-macchinari-fr","13":"sws-gruppo-iva-iva81-fr","15":"first","16":"instock","17":"sale","18":"shipping-taxable","19":"purchasable","20":"product-type-variable"},"_links":{"self":[{"href":"https:\/\/lucacastelli.com\/fr\/wp-json\/wp\/v2\/product\/418910","targetHints":{"allow":["GET"]}}],"collection":[{"href":"https:\/\/lucacastelli.com\/fr\/wp-json\/wp\/v2\/product"}],"about":[{"href":"https:\/\/lucacastelli.com\/fr\/wp-json\/wp\/v2\/types\/product"}],"wp:featuredmedia":[{"embeddable":true,"href":"https:\/\/lucacastelli.com\/fr\/wp-json\/wp\/v2\/media\/102661"}],"wp:attachment":[{"href":"https:\/\/lucacastelli.com\/fr\/wp-json\/wp\/v2\/media?parent=418910"}],"wp:term":[{"taxonomy":"product_brand","embeddable":true,"href":"https:\/\/lucacastelli.com\/fr\/wp-json\/wp\/v2\/product_brand?post=418910"},{"taxonomy":"product_cat","embeddable":true,"href":"https:\/\/lucacastelli.com\/fr\/wp-json\/wp\/v2\/product_cat?post=418910"},{"taxonomy":"product_tag","embeddable":true,"href":"https:\/\/lucacastelli.com\/fr\/wp-json\/wp\/v2\/product_tag?post=418910"}],"curies":[{"name":"wp","href":"https:\/\/api.w.org\/{rel}","templated":true}]}}