{"id":418898,"date":"2022-07-27T15:33:22","date_gmt":"2022-07-27T13:33:22","guid":{"rendered":"https:\/\/lucacastelli.com\/prodotto\/kask-sc1-casques-anti-bruit\/"},"modified":"2025-07-29T18:06:52","modified_gmt":"2025-07-29T16:06:52","slug":"kask-sc1-casques-anti-bruit","status":"publish","type":"product","link":"https:\/\/lucacastelli.com\/fr\/produit\/kask-sc1-casques-anti-bruit\/","title":{"rendered":"KASK SC1 Casques anti-bruit"},"content":{"rendered":"<p>Les prot\u00e8ge-oreilles verts SC1 conviennent \u00e0 une utilisation dans les zones de travail g\u00e9n\u00e9rales. Convient aux situations avec un niveau sonore faible \u00e0 moyen (dB) et des fr\u00e9quences moyennes \u00e0 \u00e9lev\u00e9es. Fixation au casque via un adaptateur universel de 30 mm. Performances diff\u00e9renci\u00e9es en fonction des couleurs. R\u00e9glage de la taille t\u00e9lescopique en continu. Mat\u00e9riau non conducteur. Certifi\u00e9 pour une utilisation avec le casque KASK.     <\/p>\n","protected":false},"excerpt":{"rendered":"<p>Les prot\u00e8ge-oreilles verts SC1 conviennent \u00e0 une utilisation dans les zones de travail g\u00e9n\u00e9rales. Convient aux situations avec un niveau<\/p>\n","protected":false},"featured_media":76919,"template":"","meta":{"_seopress_robots_primary_cat":"","_seopress_titles_title":"","_seopress_titles_desc":"","_seopress_robots_index":""},"product_brand":[3642],"product_cat":[1496,144,1397],"product_tag":[],"class_list":{"0":"post-418898","1":"product","2":"type-product","3":"status-publish","4":"has-post-thumbnail","6":"product_brand-kask-fr","7":"product_cat-autres-equipements-de-travail","8":"product_cat-equipement","9":"product_cat-equipement-de-travail","10":"sws-gruppo-abb-libero-fr","11":"sws-conto-ricavi-merci-rivendita-abbigliamento-fr","12":"sws-gruppo-iva-iva81-fr","14":"first","15":"onbackorder","16":"shipping-taxable","17":"purchasable","18":"product-type-simple"},"_links":{"self":[{"href":"https:\/\/lucacastelli.com\/fr\/wp-json\/wp\/v2\/product\/418898","targetHints":{"allow":["GET"]}}],"collection":[{"href":"https:\/\/lucacastelli.com\/fr\/wp-json\/wp\/v2\/product"}],"about":[{"href":"https:\/\/lucacastelli.com\/fr\/wp-json\/wp\/v2\/types\/product"}],"wp:featuredmedia":[{"embeddable":true,"href":"https:\/\/lucacastelli.com\/fr\/wp-json\/wp\/v2\/media\/76919"}],"wp:attachment":[{"href":"https:\/\/lucacastelli.com\/fr\/wp-json\/wp\/v2\/media?parent=418898"}],"wp:term":[{"taxonomy":"product_brand","embeddable":true,"href":"https:\/\/lucacastelli.com\/fr\/wp-json\/wp\/v2\/product_brand?post=418898"},{"taxonomy":"product_cat","embeddable":true,"href":"https:\/\/lucacastelli.com\/fr\/wp-json\/wp\/v2\/product_cat?post=418898"},{"taxonomy":"product_tag","embeddable":true,"href":"https:\/\/lucacastelli.com\/fr\/wp-json\/wp\/v2\/product_tag?post=418898"}],"curies":[{"name":"wp","href":"https:\/\/api.w.org\/{rel}","templated":true}]}}