{"id":418894,"date":"2022-07-27T15:33:51","date_gmt":"2022-07-27T13:33:51","guid":{"rendered":"https:\/\/lucacastelli.com\/prodotto\/casques-anti-bruit-kask-sc2\/"},"modified":"2025-07-29T18:06:49","modified_gmt":"2025-07-29T16:06:49","slug":"casques-anti-bruit-kask-sc2","status":"publish","type":"product","link":"https:\/\/lucacastelli.com\/fr\/produit\/casques-anti-bruit-kask-sc2\/","title":{"rendered":"Casques anti-bruit KASK SC2"},"content":{"rendered":"<p>Les protections auditives jaunes SC2 conviennent aux environnements avec un niveau sonore (dB) moyen-\u00e9lev\u00e9. C\u2019est le choix optimal dans les situations de bruit \u00e0 haute fr\u00e9quence. Convient \u00e0 une grande vari\u00e9t\u00e9 d\u2019applications telles que&nbsp;: b\u00e2timent et construction, utilisation foresti\u00e8re, zones industrielles, zones de production, agriculture, etc. Fixation au casque \u00e0 l\u2019aide d\u2019un adaptateur universel de 30 mm Performance diff\u00e9renci\u00e9e en couleur R\u00e9glage t\u00e9lescopique en continu de la taille Mat\u00e9riau non conducteur Certifi\u00e9 pour une utilisation avec le casque KASK  <\/p>\n","protected":false},"excerpt":{"rendered":"<p>Les protections auditives jaunes SC2 conviennent aux environnements avec un niveau sonore (dB) moyen-\u00e9lev\u00e9. C\u2019est le choix optimal dans les<\/p>\n","protected":false},"featured_media":76924,"template":"","meta":{"_seopress_robots_primary_cat":"","_seopress_titles_title":"","_seopress_titles_desc":"","_seopress_robots_index":""},"product_brand":[3642],"product_cat":[144,1397,1496],"product_tag":[],"class_list":{"0":"post-418894","1":"product","2":"type-product","3":"status-publish","4":"has-post-thumbnail","6":"product_brand-kask-fr","7":"product_cat-equipement","8":"product_cat-equipement-de-travail","9":"product_cat-autres-equipements-de-travail","10":"sws-gruppo-abb-libero-fr","11":"sws-conto-ricavi-merci-rivendita-abbigliamento","12":"sws-gruppo-iva-iva81","14":"first","15":"onbackorder","16":"shipping-taxable","17":"purchasable","18":"product-type-simple"},"_links":{"self":[{"href":"https:\/\/lucacastelli.com\/fr\/wp-json\/wp\/v2\/product\/418894","targetHints":{"allow":["GET"]}}],"collection":[{"href":"https:\/\/lucacastelli.com\/fr\/wp-json\/wp\/v2\/product"}],"about":[{"href":"https:\/\/lucacastelli.com\/fr\/wp-json\/wp\/v2\/types\/product"}],"wp:featuredmedia":[{"embeddable":true,"href":"https:\/\/lucacastelli.com\/fr\/wp-json\/wp\/v2\/media\/76924"}],"wp:attachment":[{"href":"https:\/\/lucacastelli.com\/fr\/wp-json\/wp\/v2\/media?parent=418894"}],"wp:term":[{"taxonomy":"product_brand","embeddable":true,"href":"https:\/\/lucacastelli.com\/fr\/wp-json\/wp\/v2\/product_brand?post=418894"},{"taxonomy":"product_cat","embeddable":true,"href":"https:\/\/lucacastelli.com\/fr\/wp-json\/wp\/v2\/product_cat?post=418894"},{"taxonomy":"product_tag","embeddable":true,"href":"https:\/\/lucacastelli.com\/fr\/wp-json\/wp\/v2\/product_tag?post=418894"}],"curies":[{"name":"wp","href":"https:\/\/api.w.org\/{rel}","templated":true}]}}