{"id":418892,"date":"2022-07-27T15:22:38","date_gmt":"2022-07-27T13:22:38","guid":{"rendered":"https:\/\/lucacastelli.com\/prodotto\/kask-sc3-casques-anti-bruit\/"},"modified":"2025-07-29T18:06:55","modified_gmt":"2025-07-29T16:06:55","slug":"kask-sc3-casques-anti-bruit","status":"publish","type":"product","link":"https:\/\/lucacastelli.com\/fr\/produit\/kask-sc3-casques-anti-bruit\/","title":{"rendered":"KASK SC3 Casques anti-bruit"},"content":{"rendered":"<p>Les protections auditives SC3 orange sont adapt\u00e9es aux situations de bruit \u00e0 basse fr\u00e9quence. Convient aux environnements extr\u00eamement bruyants tels que : les a\u00e9roports, les courses automobiles, l\u2019utilisation du marteau-piqueur, etc. Fixation au casque \u00e0 l\u2019aide d\u2019un adaptateur universel de 30 mm Performance diff\u00e9renci\u00e9e en couleur R\u00e9glage t\u00e9lescopique en continu de la taille Mat\u00e9riau non conducteur Certifi\u00e9 pour une utilisation avec le casque KASK <\/p>\n","protected":false},"excerpt":{"rendered":"<p>Les protections auditives SC3 orange sont adapt\u00e9es aux situations de bruit \u00e0 basse fr\u00e9quence. Convient aux environnements extr\u00eamement bruyants tels<\/p>\n","protected":false},"featured_media":76914,"template":"","meta":{"_seopress_robots_primary_cat":"","_seopress_titles_title":"","_seopress_titles_desc":"","_seopress_robots_index":""},"product_brand":[3642],"product_cat":[1496,144,1397],"product_tag":[],"class_list":{"0":"post-418892","1":"product","2":"type-product","3":"status-publish","4":"has-post-thumbnail","6":"product_brand-kask-fr","7":"product_cat-autres-equipements-de-travail","8":"product_cat-equipement","9":"product_cat-equipement-de-travail","10":"sws-gruppo-abb-libero-fr","11":"sws-conto-ricavi-merci-rivendita-abbigliamento-fr","12":"sws-gruppo-iva-iva81-fr","14":"first","15":"instock","16":"shipping-taxable","17":"purchasable","18":"product-type-simple"},"_links":{"self":[{"href":"https:\/\/lucacastelli.com\/fr\/wp-json\/wp\/v2\/product\/418892","targetHints":{"allow":["GET"]}}],"collection":[{"href":"https:\/\/lucacastelli.com\/fr\/wp-json\/wp\/v2\/product"}],"about":[{"href":"https:\/\/lucacastelli.com\/fr\/wp-json\/wp\/v2\/types\/product"}],"wp:featuredmedia":[{"embeddable":true,"href":"https:\/\/lucacastelli.com\/fr\/wp-json\/wp\/v2\/media\/76914"}],"wp:attachment":[{"href":"https:\/\/lucacastelli.com\/fr\/wp-json\/wp\/v2\/media?parent=418892"}],"wp:term":[{"taxonomy":"product_brand","embeddable":true,"href":"https:\/\/lucacastelli.com\/fr\/wp-json\/wp\/v2\/product_brand?post=418892"},{"taxonomy":"product_cat","embeddable":true,"href":"https:\/\/lucacastelli.com\/fr\/wp-json\/wp\/v2\/product_cat?post=418892"},{"taxonomy":"product_tag","embeddable":true,"href":"https:\/\/lucacastelli.com\/fr\/wp-json\/wp\/v2\/product_tag?post=418892"}],"curies":[{"name":"wp","href":"https:\/\/api.w.org\/{rel}","templated":true}]}}