{"id":418891,"date":"2022-07-27T14:32:14","date_gmt":"2022-07-27T12:32:14","guid":{"rendered":"https:\/\/lucacastelli.com\/prodotto\/kask-adaptateurs-de-protection-auditive\/"},"modified":"2025-07-29T18:07:01","modified_gmt":"2025-07-29T16:07:01","slug":"kask-adaptateurs-de-protection-auditive","status":"publish","type":"product","link":"https:\/\/lucacastelli.com\/fr\/produit\/kask-adaptateurs-de-protection-auditive\/","title":{"rendered":"KASK Adaptateurs de protection auditive"},"content":{"rendered":"<p>Compatible avec les casques PLASMA<br \/>\nMat\u00e9riau&nbsp;: polycarbonate<br \/>\nCouleur&nbsp;: noir<br \/>\nTaille&nbsp;: universel <\/p>\n<p>CARACT\u00c9RISTIQUES<\/p>\n<p>Adaptateur de protection auditive avec fixation \u00e0 ba\u00efonnette.<br \/>\nL\u00e9ger et facile \u00e0 appliquer.<br \/>\nCompatible avec les grandes marques du march\u00e9 (connexion P3E)<\/p>\n","protected":false},"excerpt":{"rendered":"<p>Compatible avec les casques PLASMA Mat\u00e9riau&nbsp;: polycarbonate Couleur&nbsp;: noir Taille&nbsp;: universel CARACT\u00c9RISTIQUES Adaptateur de protection auditive avec fixation \u00e0 ba\u00efonnette.<\/p>\n","protected":false},"featured_media":76831,"template":"","meta":{"_seopress_robots_primary_cat":"","_seopress_titles_title":"","_seopress_titles_desc":"","_seopress_robots_index":""},"product_brand":[3426],"product_cat":[33,537,815,211,817,816],"product_tag":[],"class_list":{"0":"post-418891","1":"product","2":"type-product","3":"status-publish","4":"has-post-thumbnail","6":"product_brand-kask","7":"product_cat-attrezzature","8":"product_cat-attrezzatura-da-lavoro","9":"product_cat-caschi","10":"product_cat-attrezzatura-per-il-tempo-libero","11":"product_cat-caschi-attrezzatura-per-il-tempo-libero","12":"product_cat-visiere-e-occhiali-protettivi","13":"sws-gruppo-abb-libero-fr","14":"sws-conto-ricavi-merci-rivendita-abbigliamento","15":"sws-gruppo-iva-iva81","17":"first","18":"instock","19":"shipping-taxable","20":"purchasable","21":"product-type-simple"},"_links":{"self":[{"href":"https:\/\/lucacastelli.com\/fr\/wp-json\/wp\/v2\/product\/418891","targetHints":{"allow":["GET"]}}],"collection":[{"href":"https:\/\/lucacastelli.com\/fr\/wp-json\/wp\/v2\/product"}],"about":[{"href":"https:\/\/lucacastelli.com\/fr\/wp-json\/wp\/v2\/types\/product"}],"wp:featuredmedia":[{"embeddable":true,"href":"https:\/\/lucacastelli.com\/fr\/wp-json\/wp\/v2\/media\/76831"}],"wp:attachment":[{"href":"https:\/\/lucacastelli.com\/fr\/wp-json\/wp\/v2\/media?parent=418891"}],"wp:term":[{"taxonomy":"product_brand","embeddable":true,"href":"https:\/\/lucacastelli.com\/fr\/wp-json\/wp\/v2\/product_brand?post=418891"},{"taxonomy":"product_cat","embeddable":true,"href":"https:\/\/lucacastelli.com\/fr\/wp-json\/wp\/v2\/product_cat?post=418891"},{"taxonomy":"product_tag","embeddable":true,"href":"https:\/\/lucacastelli.com\/fr\/wp-json\/wp\/v2\/product_tag?post=418891"}],"curies":[{"name":"wp","href":"https:\/\/api.w.org\/{rel}","templated":true}]}}