{"id":418872,"date":"2025-02-12T07:17:38","date_gmt":"2025-02-12T06:17:38","guid":{"rendered":"https:\/\/lucacastelli.com\/prodotto\/ceinture-noire-arbortec\/"},"modified":"2025-10-24T10:42:15","modified_gmt":"2025-10-24T08:42:15","slug":"ceinture-noire-arbortec","status":"publish","type":"product","link":"https:\/\/lucacastelli.com\/fr\/produit\/ceinture-noire-arbortec\/","title":{"rendered":"Ceinture noire Arbortec"},"content":{"rendered":"<p>DESCRIPTION DU PRODUIT<br \/>\nCette ceinture de 40 mm de large est fabriqu\u00e9e en polyester renforc\u00e9 et en \u00e9lasthanne pour un maximum de confort et comporte une boucle \u00e0 effet rustique.<br \/>\nLa ceinture comporte \u00e9galement un d\u00e9capsuleur.<br \/>\nCARACT\u00c9RISTIQUES<br \/>\nLargeur 4 cm x longueur 125 cm<br \/>\nFabriqu\u00e9e en polyester renforc\u00e9 et en \u00e9lasthanne pour un maximum de confort<br \/>\nBoucle \u00e0 effet rustique.<\/p>\n","protected":false},"excerpt":{"rendered":"<p>DESCRIPTION DU PRODUIT Cette ceinture de 40 mm de large est fabriqu\u00e9e en polyester renforc\u00e9 et en \u00e9lasthanne pour un<\/p>\n","protected":false},"featured_media":97228,"template":"","meta":{"_seopress_robots_primary_cat":"","_seopress_titles_title":"","_seopress_titles_desc":"","_seopress_robots_index":""},"product_brand":[3412],"product_cat":[21,186],"product_tag":[5803],"class_list":{"0":"post-418872","1":"product","2":"type-product","3":"status-publish","4":"has-post-thumbnail","6":"product_brand-arbortec","7":"product_cat-abbigliamento","8":"product_cat-accessori-per-labbigliamento","9":"product_tag-lucerna2025","10":"sws-gruppo-abb-libero-fr","11":"sws-categoria-sito-fr","12":"sws-conto-ricavi-merci-rivendita-abbigliamento-fr","13":"sws-gruppo-iva-iva81-fr","15":"first","16":"instock","17":"sale","18":"shipping-taxable","19":"purchasable","20":"product-type-simple"},"_links":{"self":[{"href":"https:\/\/lucacastelli.com\/fr\/wp-json\/wp\/v2\/product\/418872","targetHints":{"allow":["GET"]}}],"collection":[{"href":"https:\/\/lucacastelli.com\/fr\/wp-json\/wp\/v2\/product"}],"about":[{"href":"https:\/\/lucacastelli.com\/fr\/wp-json\/wp\/v2\/types\/product"}],"wp:featuredmedia":[{"embeddable":true,"href":"https:\/\/lucacastelli.com\/fr\/wp-json\/wp\/v2\/media\/97228"}],"wp:attachment":[{"href":"https:\/\/lucacastelli.com\/fr\/wp-json\/wp\/v2\/media?parent=418872"}],"wp:term":[{"taxonomy":"product_brand","embeddable":true,"href":"https:\/\/lucacastelli.com\/fr\/wp-json\/wp\/v2\/product_brand?post=418872"},{"taxonomy":"product_cat","embeddable":true,"href":"https:\/\/lucacastelli.com\/fr\/wp-json\/wp\/v2\/product_cat?post=418872"},{"taxonomy":"product_tag","embeddable":true,"href":"https:\/\/lucacastelli.com\/fr\/wp-json\/wp\/v2\/product_tag?post=418872"}],"curies":[{"name":"wp","href":"https:\/\/api.w.org\/{rel}","templated":true}]}}