{"id":418839,"date":"2025-02-11T19:44:25","date_gmt":"2025-02-11T18:44:25","guid":{"rendered":"https:\/\/lucacastelli.com\/prodotto\/veste-de-travail-arbortec-breatheflex-performance\/"},"modified":"2025-09-30T11:59:13","modified_gmt":"2025-09-30T09:59:13","slug":"veste-de-travail-arbortec-breatheflex-performance","status":"publish","type":"product","link":"https:\/\/lucacastelli.com\/fr\/produit\/veste-de-travail-arbortec-breatheflex-performance\/","title":{"rendered":"Veste de travail performante Breatheflex d&#8217;Arbortec"},"content":{"rendered":"<p>DESCRIPTION DU PRODUIT :<br \/>\nUne veste \u00e9l\u00e9gante, confortable et durable dans les couleurs \u00e9l\u00e9gantes et distinctives de la gamme Breatheflex. Elle est dot\u00e9e du tissu NB extensible dans 6 directions caract\u00e9ristique de la gamme. Ce v\u00eatement n&#8217;est pas \u00e9quip\u00e9 d&#8217;une protection contre les Tron\u00e7onneuses.<br \/>\nAT4000  <\/p>\n","protected":false},"excerpt":{"rendered":"<p>DESCRIPTION DU PRODUIT : Une veste \u00e9l\u00e9gante, confortable et durable dans les couleurs \u00e9l\u00e9gantes et distinctives de la gamme Breatheflex.<\/p>\n","protected":false},"featured_media":96684,"template":"","meta":{"_seopress_robots_primary_cat":"","_seopress_titles_title":"","_seopress_titles_desc":"","_seopress_robots_index":""},"product_brand":[3613],"product_cat":[81,1381],"product_tag":[5805],"class_list":{"0":"post-418839","1":"product","2":"type-product","3":"status-publish","4":"has-post-thumbnail","6":"product_brand-arbortec-fr-2","7":"product_cat-vetements","8":"product_cat-vetements-de-travail","9":"product_tag-lucerne2025","10":"sws-gruppo-abb-libero-fr","11":"sws-categoria-sito-fr","12":"sws-conto-ricavi-merci-rivendita-abbigliamento-fr","13":"sws-gruppo-iva-iva81-fr","15":"first","16":"instock","17":"shipping-taxable","18":"purchasable","19":"product-type-variable"},"_links":{"self":[{"href":"https:\/\/lucacastelli.com\/fr\/wp-json\/wp\/v2\/product\/418839","targetHints":{"allow":["GET"]}}],"collection":[{"href":"https:\/\/lucacastelli.com\/fr\/wp-json\/wp\/v2\/product"}],"about":[{"href":"https:\/\/lucacastelli.com\/fr\/wp-json\/wp\/v2\/types\/product"}],"wp:featuredmedia":[{"embeddable":true,"href":"https:\/\/lucacastelli.com\/fr\/wp-json\/wp\/v2\/media\/96684"}],"wp:attachment":[{"href":"https:\/\/lucacastelli.com\/fr\/wp-json\/wp\/v2\/media?parent=418839"}],"wp:term":[{"taxonomy":"product_brand","embeddable":true,"href":"https:\/\/lucacastelli.com\/fr\/wp-json\/wp\/v2\/product_brand?post=418839"},{"taxonomy":"product_cat","embeddable":true,"href":"https:\/\/lucacastelli.com\/fr\/wp-json\/wp\/v2\/product_cat?post=418839"},{"taxonomy":"product_tag","embeddable":true,"href":"https:\/\/lucacastelli.com\/fr\/wp-json\/wp\/v2\/product_tag?post=418839"}],"curies":[{"name":"wp","href":"https:\/\/api.w.org\/{rel}","templated":true}]}}