{"id":418826,"date":"2025-02-11T20:46:29","date_gmt":"2025-02-11T19:46:29","guid":{"rendered":"https:\/\/lucacastelli.com\/prodotto\/arbortec-thhv2000-t-shirt-a-manches-courtes-hi-vis\/"},"modified":"2025-09-30T11:59:12","modified_gmt":"2025-09-30T09:59:12","slug":"arbortec-thhv2000-t-shirt-a-manches-courtes-hi-vis","status":"publish","type":"product","link":"https:\/\/lucacastelli.com\/fr\/produit\/arbortec-thhv2000-t-shirt-a-manches-courtes-hi-vis\/","title":{"rendered":"Arbortec THHV2000 T-Shirt \u00e0 manches courtes Hi-Vis"},"content":{"rendered":"<p>THHV2000 est un T-shirt orange \u00e0 manches courtes \u00e0 haute visibilit\u00e9 conforme \u00e0 la norme RIS-TOM-3279 pour l&#8217;industrie ferroviaire. Il est fabriqu\u00e9 dans un tissu fonctionnel avanc\u00e9, respirant et \u00e9vacuant l&#8217;humidit\u00e9, avec des bandes r\u00e9fl\u00e9chissantes extensibles appliqu\u00e9es thermiquement. <\/p>\n","protected":false},"excerpt":{"rendered":"<p>THHV2000 est un T-shirt orange \u00e0 manches courtes \u00e0 haute visibilit\u00e9 conforme \u00e0 la norme RIS-TOM-3279 pour l&#8217;industrie ferroviaire. Il<\/p>\n","protected":false},"featured_media":96704,"template":"","meta":{"_seopress_robots_primary_cat":"","_seopress_titles_title":"","_seopress_titles_desc":"","_seopress_robots_index":""},"product_brand":[3613],"product_cat":[81,1381],"product_tag":[5805],"class_list":{"0":"post-418826","1":"product","2":"type-product","3":"status-publish","4":"has-post-thumbnail","6":"product_brand-arbortec-fr-2","7":"product_cat-vetements","8":"product_cat-vetements-de-travail","9":"product_tag-lucerne2025","10":"sws-gruppo-abb-libero-fr","11":"sws-categoria-sito-fr","12":"sws-conto-ricavi-merci-rivendita-abbigliamento-fr","13":"sws-gruppo-iva-iva81-fr","15":"first","16":"instock","17":"shipping-taxable","18":"purchasable","19":"product-type-variable"},"_links":{"self":[{"href":"https:\/\/lucacastelli.com\/fr\/wp-json\/wp\/v2\/product\/418826","targetHints":{"allow":["GET"]}}],"collection":[{"href":"https:\/\/lucacastelli.com\/fr\/wp-json\/wp\/v2\/product"}],"about":[{"href":"https:\/\/lucacastelli.com\/fr\/wp-json\/wp\/v2\/types\/product"}],"wp:featuredmedia":[{"embeddable":true,"href":"https:\/\/lucacastelli.com\/fr\/wp-json\/wp\/v2\/media\/96704"}],"wp:attachment":[{"href":"https:\/\/lucacastelli.com\/fr\/wp-json\/wp\/v2\/media?parent=418826"}],"wp:term":[{"taxonomy":"product_brand","embeddable":true,"href":"https:\/\/lucacastelli.com\/fr\/wp-json\/wp\/v2\/product_brand?post=418826"},{"taxonomy":"product_cat","embeddable":true,"href":"https:\/\/lucacastelli.com\/fr\/wp-json\/wp\/v2\/product_cat?post=418826"},{"taxonomy":"product_tag","embeddable":true,"href":"https:\/\/lucacastelli.com\/fr\/wp-json\/wp\/v2\/product_tag?post=418826"}],"curies":[{"name":"wp","href":"https:\/\/api.w.org\/{rel}","templated":true}]}}