{"id":418822,"date":"2025-02-11T19:28:15","date_gmt":"2025-02-11T18:28:15","guid":{"rendered":"https:\/\/lucacastelli.com\/prodotto\/arbortec-breatheflex-pro-veste-de-travail\/"},"modified":"2025-10-01T12:04:24","modified_gmt":"2025-10-01T10:04:24","slug":"arbortec-breatheflex-pro-veste-de-travail","status":"publish","type":"product","link":"https:\/\/lucacastelli.com\/fr\/produit\/arbortec-breatheflex-pro-veste-de-travail\/","title":{"rendered":"Veste de travail Arbortec Breatheflex Pro"},"content":{"rendered":"<p>DESCRIPTION DU PRODUIT :<br \/>\nLa veste Breatheflex Pro est con\u00e7ue pour \u00eatre port\u00e9e pendant les mois les plus froids de l&#8217;ann\u00e9e, avec une doublure \u00e0 l&#8217;int\u00e9rieur. La veste est l\u00e9g\u00e8re, respirante et poss\u00e8de des coudes pr\u00e9form\u00e9s. Les tissus r\u00e9sistants \u00e0 l&#8217;abrasion offrent une plus grande mobilit\u00e9 pour faciliter les d\u00e9placements sur le chantier.<br \/>\nCARACT\u00c9RISTIQUES :<br \/>\nManches zipp\u00e9es d\u00e9tachables.<br \/>\nPoches profondes sur le devant.<br \/>\nPoches sur la poitrine.<br \/>\nPoches int\u00e9rieures.  <\/p>\n","protected":false},"excerpt":{"rendered":"<p>DESCRIPTION DU PRODUIT : La veste Breatheflex Pro est con\u00e7ue pour \u00eatre port\u00e9e pendant les mois les plus froids de<\/p>\n","protected":false},"featured_media":96669,"template":"","meta":{"_seopress_robots_primary_cat":"none","_seopress_titles_title":"","_seopress_titles_desc":"","_seopress_robots_index":""},"product_brand":[3613],"product_cat":[81,1381],"product_tag":[5805],"class_list":{"0":"post-418822","1":"product","2":"type-product","3":"status-publish","4":"has-post-thumbnail","6":"product_brand-arbortec-fr-2","7":"product_cat-vetements","8":"product_cat-vetements-de-travail","9":"product_tag-lucerne2025","10":"sws-gruppo-abb-libero-fr","11":"sws-categoria-sito-fr","12":"sws-conto-ricavi-merci-rivendita-abbigliamento-fr","13":"sws-gruppo-iva-iva81-fr","15":"first","16":"instock","17":"shipping-taxable","18":"purchasable","19":"product-type-variable"},"_links":{"self":[{"href":"https:\/\/lucacastelli.com\/fr\/wp-json\/wp\/v2\/product\/418822","targetHints":{"allow":["GET"]}}],"collection":[{"href":"https:\/\/lucacastelli.com\/fr\/wp-json\/wp\/v2\/product"}],"about":[{"href":"https:\/\/lucacastelli.com\/fr\/wp-json\/wp\/v2\/types\/product"}],"wp:featuredmedia":[{"embeddable":true,"href":"https:\/\/lucacastelli.com\/fr\/wp-json\/wp\/v2\/media\/96669"}],"wp:attachment":[{"href":"https:\/\/lucacastelli.com\/fr\/wp-json\/wp\/v2\/media?parent=418822"}],"wp:term":[{"taxonomy":"product_brand","embeddable":true,"href":"https:\/\/lucacastelli.com\/fr\/wp-json\/wp\/v2\/product_brand?post=418822"},{"taxonomy":"product_cat","embeddable":true,"href":"https:\/\/lucacastelli.com\/fr\/wp-json\/wp\/v2\/product_cat?post=418822"},{"taxonomy":"product_tag","embeddable":true,"href":"https:\/\/lucacastelli.com\/fr\/wp-json\/wp\/v2\/product_tag?post=418822"}],"curies":[{"name":"wp","href":"https:\/\/api.w.org\/{rel}","templated":true}]}}