{"id":418741,"date":"2025-02-11T10:39:36","date_gmt":"2025-02-11T09:39:36","guid":{"rendered":"https:\/\/lucacastelli.com\/prodotto\/arbortec-breatheflex-pro-pantalon-non-protecteur-bleu\/"},"modified":"2025-09-30T11:59:14","modified_gmt":"2025-09-30T09:59:14","slug":"arbortec-breatheflex-pro-pantalon-non-protecteur-bleu","status":"publish","type":"product","link":"https:\/\/lucacastelli.com\/fr\/produit\/arbortec-breatheflex-pro-pantalon-non-protecteur-bleu\/","title":{"rendered":"ARBORTEC Pantalon Breatheflex Pro Non Protecteur &#8211; Bleu"},"content":{"rendered":"<p>Pantalon id\u00e9al pour les arboriculteurs, convient \u00e9galement aux grimpeurs.<br \/>\nTissus Climasphere respirants pour un confort maximal.<br \/>\nR\u00e9sistance suppl\u00e9mentaire \u00e0 l&#8217;abrasion sur les genoux et les mollets.<br \/>\nPoches cargo avec double rabat repliable.<br \/>\nPoche t\u00e9l\u00e9phone zipp\u00e9e.<br \/>\nSyst\u00e8me de fermeture \u00e0 glissi\u00e8re con\u00e7u pour r\u00e9sister \u00e0 une utilisation intensive.<\/p>\n","protected":false},"excerpt":{"rendered":"<p>Pantalon id\u00e9al pour les arboriculteurs, convient \u00e9galement aux grimpeurs. Tissus Climasphere respirants pour un confort maximal. R\u00e9sistance suppl\u00e9mentaire \u00e0 l&#8217;abrasion<\/p>\n","protected":false},"featured_media":96611,"template":"","meta":{"_seopress_robots_primary_cat":"","_seopress_titles_title":"","_seopress_titles_desc":"","_seopress_robots_index":""},"product_brand":[3613],"product_cat":[81,1381],"product_tag":[5805],"class_list":{"0":"post-418741","1":"product","2":"type-product","3":"status-publish","4":"has-post-thumbnail","6":"product_brand-arbortec-fr-2","7":"product_cat-vetements","8":"product_cat-vetements-de-travail","9":"product_tag-lucerne2025","10":"sws-gruppo-abb-libero-fr","11":"sws-categoria-sito-fr","12":"sws-conto-ricavi-merci-rivendita-abbigliamento-fr","13":"sws-gruppo-iva-iva81-fr","15":"first","16":"instock","17":"shipping-taxable","18":"purchasable","19":"product-type-variable"},"_links":{"self":[{"href":"https:\/\/lucacastelli.com\/fr\/wp-json\/wp\/v2\/product\/418741","targetHints":{"allow":["GET"]}}],"collection":[{"href":"https:\/\/lucacastelli.com\/fr\/wp-json\/wp\/v2\/product"}],"about":[{"href":"https:\/\/lucacastelli.com\/fr\/wp-json\/wp\/v2\/types\/product"}],"wp:featuredmedia":[{"embeddable":true,"href":"https:\/\/lucacastelli.com\/fr\/wp-json\/wp\/v2\/media\/96611"}],"wp:attachment":[{"href":"https:\/\/lucacastelli.com\/fr\/wp-json\/wp\/v2\/media?parent=418741"}],"wp:term":[{"taxonomy":"product_brand","embeddable":true,"href":"https:\/\/lucacastelli.com\/fr\/wp-json\/wp\/v2\/product_brand?post=418741"},{"taxonomy":"product_cat","embeddable":true,"href":"https:\/\/lucacastelli.com\/fr\/wp-json\/wp\/v2\/product_cat?post=418741"},{"taxonomy":"product_tag","embeddable":true,"href":"https:\/\/lucacastelli.com\/fr\/wp-json\/wp\/v2\/product_tag?post=418741"}],"curies":[{"name":"wp","href":"https:\/\/api.w.org\/{rel}","templated":true}]}}