{"id":418733,"date":"2025-02-10T19:43:31","date_gmt":"2025-02-10T18:43:31","guid":{"rendered":"https:\/\/lucacastelli.com\/prodotto\/arbortec-breatheflex-pro-pastel-multi\/"},"modified":"2025-09-30T11:59:15","modified_gmt":"2025-09-30T09:59:15","slug":"arbortec-breatheflex-pro-pastel-multi","status":"publish","type":"product","link":"https:\/\/lucacastelli.com\/fr\/produit\/arbortec-breatheflex-pro-pastel-multi\/","title":{"rendered":"ARBORTEC Breatheflex Pro Pastel Multi"},"content":{"rendered":"<p>Voici le pantalon multicolore Arbortec Breatheflex Pro Pastel pour les tron\u00e7onneuses ! Le premier lot de pantalons multicolores est fabriqu\u00e9 \u00e0 partir de mat\u00e9riaux recycl\u00e9s. Forts du succ\u00e8s de notre ligne originale Breatheflex Pro multicolore, nous sommes fiers de pr\u00e9senter une nouvelle collection pr\u00e9sentant d&#8217;\u00e9l\u00e9gantes nuances pastel de violet, d&#8217;olive, de beige et de bleu. Ces pantalons h\u00e9ritent des m\u00eames caract\u00e9ristiques avanc\u00e9es de la s\u00e9rie Breatheflex Pro, garantissant un confort et une protection optimaux.<br \/>\nRemarque : la combinaison de couleurs de ce produit peut varier.<br \/>\nCaract\u00e9ristiques du Breatheflex Pro<br \/>\nConstruction en polym\u00e8re haute t\u00e9nacit\u00e9 et en Kevlar\u00ae : cette combinaison assure une durabilit\u00e9 l\u00e9g\u00e8re pour te prot\u00e9ger sans t&#8217;alourdir.<br \/>\nCavit\u00e9 en Kevlar\u00ae : \u00e9limine les d\u00e9chirures et offre une incroyable \u00e9lasticit\u00e9 pour des mouvements et une flexibilit\u00e9 illimit\u00e9s lors de l&#8217;escalade.<br \/>\nConception respirante : les a\u00e9rations zipp\u00e9es et la coupe confortable permettent une circulation optimale de l&#8217;air, ce qui te permet de rester au frais et au sec tout au long de la journ\u00e9e.<br \/>\nFermetures \u00e9clair des poches orient\u00e9es vers le bas : compatibles avec le port d&#8217;un harnais d&#8217;escalade.<br \/>\nDoublure renforc\u00e9e autour de la cheville : r\u00e9duit l&#8217;usure caus\u00e9e par les \u00e9pines et les scies.<br \/>\nAjustement : les ajustements lat\u00e9raux en velcro garantissent un ajustement s\u00fbr et confortable pour tous les types de corps.<br \/>\nPoches fonctionnelles : poches cargo et pour t\u00e9l\u00e9phone portable avec fermeture \u00e9clair pour ranger en toute s\u00e9curit\u00e9 l&#8217;\u00e9quipement essentiel.<br \/>\nLacets de bottes \u00e9lastiques : emp\u00eache la sciure de s&#8217;\u00e9chapper des bottes.<\/p>\n<p>L&#8217;AT4060 est un pantalon de conception A (protection contre les scies sur l&#8217;avant des jambes uniquement) et la protection est class\u00e9e dans la cat\u00e9gorie 1 (20 m\/s). EN381-5 Classe 1 (20 m\/s) Mod\u00e8le A. <\/p>\n","protected":false},"excerpt":{"rendered":"<p>Voici le pantalon multicolore Arbortec Breatheflex Pro Pastel pour les tron\u00e7onneuses ! Le premier lot de pantalons multicolores est fabriqu\u00e9<\/p>\n","protected":false},"featured_media":96595,"template":"","meta":{"_seopress_robots_primary_cat":"","_seopress_titles_title":"","_seopress_titles_desc":"","_seopress_robots_index":""},"product_brand":[3412],"product_cat":[21,284],"product_tag":[5803],"class_list":{"0":"post-418733","1":"product","2":"type-product","3":"status-publish","4":"has-post-thumbnail","6":"product_brand-arbortec","7":"product_cat-abbigliamento","8":"product_cat-abbigliamento-da-lavoro","9":"product_tag-lucerna2025","10":"sws-gruppo-abb-libero-fr","11":"sws-categoria-sito-fr","12":"sws-conto-ricavi-merci-rivendita-abbigliamento-fr","13":"sws-gruppo-iva-iva81-fr","15":"first","16":"instock","17":"shipping-taxable","18":"purchasable","19":"product-type-variable"},"_links":{"self":[{"href":"https:\/\/lucacastelli.com\/fr\/wp-json\/wp\/v2\/product\/418733","targetHints":{"allow":["GET"]}}],"collection":[{"href":"https:\/\/lucacastelli.com\/fr\/wp-json\/wp\/v2\/product"}],"about":[{"href":"https:\/\/lucacastelli.com\/fr\/wp-json\/wp\/v2\/types\/product"}],"wp:featuredmedia":[{"embeddable":true,"href":"https:\/\/lucacastelli.com\/fr\/wp-json\/wp\/v2\/media\/96595"}],"wp:attachment":[{"href":"https:\/\/lucacastelli.com\/fr\/wp-json\/wp\/v2\/media?parent=418733"}],"wp:term":[{"taxonomy":"product_brand","embeddable":true,"href":"https:\/\/lucacastelli.com\/fr\/wp-json\/wp\/v2\/product_brand?post=418733"},{"taxonomy":"product_cat","embeddable":true,"href":"https:\/\/lucacastelli.com\/fr\/wp-json\/wp\/v2\/product_cat?post=418733"},{"taxonomy":"product_tag","embeddable":true,"href":"https:\/\/lucacastelli.com\/fr\/wp-json\/wp\/v2\/product_tag?post=418733"}],"curies":[{"name":"wp","href":"https:\/\/api.w.org\/{rel}","templated":true}]}}