{"id":418720,"date":"2025-02-11T10:23:26","date_gmt":"2025-02-11T09:23:26","guid":{"rendered":"https:\/\/lucacastelli.com\/prodotto\/tronconneuse-arbortec-freestyle\/"},"modified":"2025-09-30T11:59:15","modified_gmt":"2025-09-30T09:59:15","slug":"tronconneuse-arbortec-freestyle","status":"publish","type":"product","link":"https:\/\/lucacastelli.com\/fr\/produit\/tronconneuse-arbortec-freestyle\/","title":{"rendered":"Tron\u00e7onneuse ARBORTEC Freestyle"},"content":{"rendered":"<p>Voici la collection Freestyle.<br \/>\nLa collection Freestyle est con\u00e7ue pour faciliter la journ\u00e9e de travail. Elle est durable, respirante et dot\u00e9e de nouvelles caract\u00e9ristiques.<br \/>\nLa collection Freestyle est fabriqu\u00e9e \u00e0 partir de nouveaux mat\u00e9riaux ext\u00e9rieurs et d&#8217;un nouveau mat\u00e9riau durable sur le bas de la jambe. En plus de la r\u00e9sistance, la flexibilit\u00e9 te permettra de te d\u00e9placer facilement sur le chantier et dans la canop\u00e9e des arbres.<br \/>\nLa collection comporte \u00e9galement une taille \u00e9lastiqu\u00e9e, des coutures d\u00e9cal\u00e9es et des genoux articul\u00e9s pour plus de flexibilit\u00e9 et de confort. L&#8217;entrejambe est en Kevlar et en tissu incroyablement \u00e9lastique qui permet une libert\u00e9 de mouvement et une flexibilit\u00e9 maximales sur l&#8217;arbre.<br \/>\nCe mod\u00e8le a \u00e9t\u00e9 con\u00e7u en pensant aux forestiers. Il poss\u00e8de un dos haut avec des points d&#8217;attache pour les bretelles et une poche m\u00e8tre. Toutes les poches ext\u00e9rieures sont zipp\u00e9es pour emp\u00eacher les d\u00e9bris d&#8217;entrer et sont dot\u00e9es d&#8217;a\u00e9rations pour une meilleure respirabilit\u00e9 (mod\u00e8le A uniquement).<br \/>\nChaque paire est fabriqu\u00e9e \u00e0 la main dans notre usine portugaise. Cela nous permet d&#8217;apporter rapidement des modifications aux produits et de nous assurer que l&#8217;article fini est fabriqu\u00e9 selon les normes les plus strictes.<br \/>\nCARACT\u00c9RISTIQUES ET AVANTAGES :<br \/>\nMat\u00e9riaux ext\u00e9rieurs durables et flexibles.<br \/>\nNouvelle coupe ajust\u00e9e.<br \/>\nPoches zipp\u00e9es YKK, compatibles avec les harnais.<br \/>\nPassants de ceinture et points d&#8217;attache pour les bretelles.<br \/>\nDos haut.<br \/>\nPoche pour m\u00e8tre ruban.<br \/>\nTaille r\u00e9glable.<br \/>\nCrochets \u00e9lastiques au bas du pantalon pour l&#8217;attacher aux lacets des bottes.<br \/>\nA\u00e9rations au dos du pantalon (mod\u00e8le A uniquement).<br \/>\nPantalon design A (protection anti-coupures sur l&#8217;avant des jambes uniquement) Protection de classe 1 (20 m\/s).  EN381-5 Classe 1 (20 m\/s) Mod\u00e8le A.<br \/>\nDisponible avec des pieds normaux et hauts.<\/p>\n<p>NORMES POUR LES SCIES \u00c0 CHAINE :<br \/>\nLe AT4061 est un pantalon de type A (protection contre les scies sur le devant de la jambe) et la protection est class\u00e9e comme suit :<br \/>\nAT4061 &#8211; Classe 1 (20 m\/s) EN 381-5 Type A.<\/p>\n","protected":false},"excerpt":{"rendered":"<p>Voici la collection Freestyle. La collection Freestyle est con\u00e7ue pour faciliter la journ\u00e9e de travail. Elle est durable, respirante et<\/p>\n","protected":false},"featured_media":96602,"template":"","meta":{"_seopress_robots_primary_cat":"none","_seopress_titles_title":"","_seopress_titles_desc":"","_seopress_robots_index":""},"product_brand":[3412],"product_cat":[21,284],"product_tag":[5803],"class_list":{"0":"post-418720","1":"product","2":"type-product","3":"status-publish","4":"has-post-thumbnail","6":"product_brand-arbortec","7":"product_cat-abbigliamento","8":"product_cat-abbigliamento-da-lavoro","9":"product_tag-lucerna2025","10":"sws-gruppo-abb-libero-fr","11":"sws-categoria-sito-fr","12":"sws-conto-ricavi-merci-rivendita-abbigliamento-fr","13":"sws-gruppo-iva-iva81-fr","15":"first","16":"instock","17":"shipping-taxable","18":"purchasable","19":"product-type-variable"},"_links":{"self":[{"href":"https:\/\/lucacastelli.com\/fr\/wp-json\/wp\/v2\/product\/418720","targetHints":{"allow":["GET"]}}],"collection":[{"href":"https:\/\/lucacastelli.com\/fr\/wp-json\/wp\/v2\/product"}],"about":[{"href":"https:\/\/lucacastelli.com\/fr\/wp-json\/wp\/v2\/types\/product"}],"wp:featuredmedia":[{"embeddable":true,"href":"https:\/\/lucacastelli.com\/fr\/wp-json\/wp\/v2\/media\/96602"}],"wp:attachment":[{"href":"https:\/\/lucacastelli.com\/fr\/wp-json\/wp\/v2\/media?parent=418720"}],"wp:term":[{"taxonomy":"product_brand","embeddable":true,"href":"https:\/\/lucacastelli.com\/fr\/wp-json\/wp\/v2\/product_brand?post=418720"},{"taxonomy":"product_cat","embeddable":true,"href":"https:\/\/lucacastelli.com\/fr\/wp-json\/wp\/v2\/product_cat?post=418720"},{"taxonomy":"product_tag","embeddable":true,"href":"https:\/\/lucacastelli.com\/fr\/wp-json\/wp\/v2\/product_tag?post=418720"}],"curies":[{"name":"wp","href":"https:\/\/api.w.org\/{rel}","templated":true}]}}