{"id":418711,"date":"2025-02-10T18:38:29","date_gmt":"2025-02-10T17:38:29","guid":{"rendered":"https:\/\/lucacastelli.com\/prodotto\/arbortec-breatheflex-pro-multi-couleur\/"},"modified":"2025-09-30T11:59:16","modified_gmt":"2025-09-30T09:59:16","slug":"arbortec-breatheflex-pro-multi-couleur","status":"publish","type":"product","link":"https:\/\/lucacastelli.com\/fr\/produit\/arbortec-breatheflex-pro-multi-couleur\/","title":{"rendered":"ARBORTEC Breatheflex Pro Multi Colour"},"content":{"rendered":"<p>DESCRIPTION DU PRODUIT :<br \/>\nRemarque : la combinaison de couleurs de ce produit peut varier.  <\/p>\n<p>Les pantalons de tron\u00e7onneuses Breatheflex Pro ont \u00e9t\u00e9 con\u00e7us en pensant aux arboriculteurs. Tout est dans le poids et la performance du pantalon avec des polym\u00e8res \u00e0 haute t\u00e9nacit\u00e9 et du Kevlar\u00ae. <\/p>\n<p>Pour augmenter le confort du pantalon, nous avons inclus des ventilations zipp\u00e9es et des genoux profil\u00e9s. Tout cela rend le pantalon de tron\u00e7onneuse Pro Design A l\u00e9ger, confortable et respirant, parfait pour travailler sur le terrain ou faire de l&#8217;escalade. <\/p>\n<p>Ce pantalon technique a une coupe plus \u00e9troite, mais la taille peut \u00eatre ajust\u00e9e gr\u00e2ce aux ajustements lat\u00e9raux en velcro.  <\/p>\n<p>L&#8217;AT4060 est un pantalon de conception A (protection contre les scies sur l&#8217;avant des jambes uniquement) et la protection est class\u00e9e en classe 1 (20 m\/s). EN381-5 Classe 1 (20 m\/s) Mod\u00e8le A. <\/p>\n<p>CARACT\u00c9RISTIQUES ET AVANTAGES :<br \/>\nCoutures renforc\u00e9es dans les zones de haute tension : construction plus solide pour des pantalons plus durables.<br \/>\nRenforcement en kevlar dans la partie inf\u00e9rieure de la jambe : r\u00e9sistance \u00e0 l&#8217;abrasion.<br \/>\nFermetures \u00e9clair des poches orient\u00e9es vers le bas : compatibles avec le port d&#8217;un harnais d&#8217;escalade.<br \/>\nDoublure renforc\u00e9e autour de la cheville : r\u00e9duit l&#8217;usure des broches et des scies.<br \/>\nPoches cargo et de t\u00e9l\u00e9phone avec fermeture \u00e9clair : garde les copeaux et la poussi\u00e8re \u00e0 l&#8217;\u00e9cart.<br \/>\nR\u00e9glages lat\u00e9raux en velcro : ajuste le tour de taille selon les besoins.<br \/>\nLacets de bottes \u00e9lastiques : r\u00e9duit la sciure de bois qui p\u00e9n\u00e8tre dans les bottes.<br \/>\nOrifices d&#8217;a\u00e9ration : Orifice d&#8217;a\u00e9ration \u00e0 fermeture \u00e9clair situ\u00e9 \u00e0 l&#8217;arri\u00e8re de la jambe pour aider \u00e0 r\u00e9duire la temp\u00e9rature du pantalon pendant le travail.<\/p>\n<p>Taille de jambe suppl\u00e9mentaire : les pantalons de tron\u00e7onneuses Breatheflex Pro Lime sont disponibles avec une jambe normale de 31&#8243; et une jambe haute de 33&#8243;.<\/p>\n<p>Tailles : Les tailles vont de XS \u00e0 3XL. Pour les mesures en pouces\/cm, tu peux te r\u00e9f\u00e9rer au tableau des tailles ci-dessus. <\/p>\n","protected":false},"excerpt":{"rendered":"<p>DESCRIPTION DU PRODUIT : Remarque : la combinaison de couleurs de ce produit peut varier. Les pantalons de tron\u00e7onneuses Breatheflex<\/p>\n","protected":false},"featured_media":96587,"template":"","meta":{"_seopress_robots_primary_cat":"","_seopress_titles_title":"","_seopress_titles_desc":"","_seopress_robots_index":""},"product_brand":[3613],"product_cat":[81,1381],"product_tag":[5805],"class_list":{"0":"post-418711","1":"product","2":"type-product","3":"status-publish","4":"has-post-thumbnail","6":"product_brand-arbortec-fr-2","7":"product_cat-vetements","8":"product_cat-vetements-de-travail","9":"product_tag-lucerne2025","10":"sws-gruppo-abb-libero-fr","11":"sws-categoria-sito-fr","12":"sws-conto-ricavi-merci-rivendita-abbigliamento-fr","13":"sws-gruppo-iva-iva81-fr","15":"first","16":"instock","17":"shipping-taxable","18":"purchasable","19":"product-type-variable"},"_links":{"self":[{"href":"https:\/\/lucacastelli.com\/fr\/wp-json\/wp\/v2\/product\/418711","targetHints":{"allow":["GET"]}}],"collection":[{"href":"https:\/\/lucacastelli.com\/fr\/wp-json\/wp\/v2\/product"}],"about":[{"href":"https:\/\/lucacastelli.com\/fr\/wp-json\/wp\/v2\/types\/product"}],"wp:featuredmedia":[{"embeddable":true,"href":"https:\/\/lucacastelli.com\/fr\/wp-json\/wp\/v2\/media\/96587"}],"wp:attachment":[{"href":"https:\/\/lucacastelli.com\/fr\/wp-json\/wp\/v2\/media?parent=418711"}],"wp:term":[{"taxonomy":"product_brand","embeddable":true,"href":"https:\/\/lucacastelli.com\/fr\/wp-json\/wp\/v2\/product_brand?post=418711"},{"taxonomy":"product_cat","embeddable":true,"href":"https:\/\/lucacastelli.com\/fr\/wp-json\/wp\/v2\/product_cat?post=418711"},{"taxonomy":"product_tag","embeddable":true,"href":"https:\/\/lucacastelli.com\/fr\/wp-json\/wp\/v2\/product_tag?post=418711"}],"curies":[{"name":"wp","href":"https:\/\/api.w.org\/{rel}","templated":true}]}}