{"id":418677,"date":"2025-02-10T17:44:30","date_gmt":"2025-02-10T16:44:30","guid":{"rendered":"https:\/\/lucacastelli.com\/prodotto\/arbortec-breathflex-pro-orange\/"},"modified":"2025-09-30T11:59:17","modified_gmt":"2025-09-30T09:59:17","slug":"arbortec-breathflex-pro-orange","status":"publish","type":"product","link":"https:\/\/lucacastelli.com\/fr\/produit\/arbortec-breathflex-pro-orange\/","title":{"rendered":"ARBORTEC BREATHFLEX PRO ORANGE"},"content":{"rendered":"<p>DESCRIPTION DU PRODUIT :<br \/>\nAvec Breatheflex Pro, tout se joue au niveau du poids et des performances du pantalon. Gr\u00e2ce au polym\u00e8re haute t\u00e9nacit\u00e9, nous pouvons garantir que ce pantalon te gardera bien prot\u00e9g\u00e9 tout en te laissant la souplesse n\u00e9cessaire pour man\u0153uvrer avec aisance sur le chantier et dans la canop\u00e9e des arbres. <\/p>\n<p>Le pantalon est dot\u00e9 d&#8217;un panneau incroyablement r\u00e9silient, r\u00e9sistant \u00e0 l&#8217;abrasion et r\u00e9fl\u00e9chissant sur les genoux et les chevilles.  <\/p>\n<p>L&#8217;entrejambe est en kevlar pour \u00e9liminer les d\u00e9chirures et le tissu est incroyablement \u00e9lastique pour permettre une libert\u00e9 de mouvement et une flexibilit\u00e9 maximales dans les arbres.<\/p>\n<p>En se basant sur les commentaires des clients, les pantalons sont d\u00e9sormais dot\u00e9s d&#8217;une toute nouvelle doublure qui offre un confort in\u00e9gal\u00e9 et n&#8217;emprisonne plus de sciure ou de poils de jambes dans le mat\u00e9riau \u00e0 l&#8217;int\u00e9rieur des jambes du pantalon.<\/p>\n<p>Breatheflex Pro Hi-Vis est conforme \u00e0 la norme EN ISO 20471 RIS &#8211; 3279 -TOM.<\/p>\n<p>CARACT\u00c9RISTIQUES ET AVANTAGES :<br \/>\nCeinture r\u00e9glable.<br \/>\nRembourrage des reins \u00e0 l&#8217;arri\u00e8re du pantalon pour les bretelles.<br \/>\nCrochets \u00e9lastiques au bas du pantalon pour l&#8217;attacher aux lacets des bottes.<br \/>\nZips YKK sur toutes les poches avec coutures \u00e9tanches.<br \/>\nFentes \u00e0 l&#8217;arri\u00e8re du pantalon (uniquement pour le mod\u00e8le A).<br \/>\nLe pantalon de protection de conception A (protection avec des scies uniquement sur le devant des jambes) est class\u00e9 dans la classe 1 (20 m\/s). EN381-5 Classe 1 (20 m\/s) Mod\u00e8le A.<br \/>\nConforme \u00e0 la norme EN ISO 20471 RIS &#8211; 3279 -TOM.<br \/>\nDisponible avec jambe normale et jambe haute.   <\/p>\n<p>NORMES POUR LES Tron\u00e7onneuses :<br \/>\nLe AT4060 est un pantalon de conception A (protection contre les tron\u00e7onneuses sur le devant de la jambe) et la protection est class\u00e9e deuxi\u00e8me :<\/p>\n<p>ATHV4060 &#8211; Classe 1 (20 m\/s) EN 381-5 Design A.<br \/>\nConforme \u00e0 la norme EN ISO 20471 RIS &#8211; 3279 -TOM.<br \/>\nPour voir comment la gamme Breatheflex Pro r\u00e9siste aux Tron\u00e7onneuses \u00e9lectriques et \u00e0 essence, voir les liens ci-dessous.<\/p>\n","protected":false},"excerpt":{"rendered":"<p>DESCRIPTION DU PRODUIT : Avec Breatheflex Pro, tout se joue au niveau du poids et des performances du pantalon. Gr\u00e2ce<\/p>\n","protected":false},"featured_media":96569,"template":"","meta":{"_seopress_robots_primary_cat":"","_seopress_titles_title":"","_seopress_titles_desc":"","_seopress_robots_index":""},"product_brand":[3613],"product_cat":[81,1381],"product_tag":[5805],"class_list":{"0":"post-418677","1":"product","2":"type-product","3":"status-publish","4":"has-post-thumbnail","6":"product_brand-arbortec-fr-2","7":"product_cat-vetements","8":"product_cat-vetements-de-travail","9":"product_tag-lucerne2025","10":"sws-gruppo-abb-libero-fr","11":"sws-categoria-sito-fr","12":"sws-conto-ricavi-merci-rivendita-abbigliamento-fr","13":"sws-gruppo-iva-iva81-fr","15":"first","16":"instock","17":"shipping-taxable","18":"purchasable","19":"product-type-variable"},"_links":{"self":[{"href":"https:\/\/lucacastelli.com\/fr\/wp-json\/wp\/v2\/product\/418677","targetHints":{"allow":["GET"]}}],"collection":[{"href":"https:\/\/lucacastelli.com\/fr\/wp-json\/wp\/v2\/product"}],"about":[{"href":"https:\/\/lucacastelli.com\/fr\/wp-json\/wp\/v2\/types\/product"}],"wp:featuredmedia":[{"embeddable":true,"href":"https:\/\/lucacastelli.com\/fr\/wp-json\/wp\/v2\/media\/96569"}],"wp:attachment":[{"href":"https:\/\/lucacastelli.com\/fr\/wp-json\/wp\/v2\/media?parent=418677"}],"wp:term":[{"taxonomy":"product_brand","embeddable":true,"href":"https:\/\/lucacastelli.com\/fr\/wp-json\/wp\/v2\/product_brand?post=418677"},{"taxonomy":"product_cat","embeddable":true,"href":"https:\/\/lucacastelli.com\/fr\/wp-json\/wp\/v2\/product_cat?post=418677"},{"taxonomy":"product_tag","embeddable":true,"href":"https:\/\/lucacastelli.com\/fr\/wp-json\/wp\/v2\/product_tag?post=418677"}],"curies":[{"name":"wp","href":"https:\/\/api.w.org\/{rel}","templated":true}]}}