{"id":418641,"date":"2025-02-07T20:04:25","date_gmt":"2025-02-07T19:04:25","guid":{"rendered":"https:\/\/lucacastelli.com\/prodotto\/arbortec-breatheflex-pro-schnittschutzhose\/"},"modified":"2026-01-15T12:48:24","modified_gmt":"2026-01-15T11:48:24","slug":"arbortec-breatheflex-pro-schnittschutzhose","status":"publish","type":"product","link":"https:\/\/lucacastelli.com\/fr\/produit\/arbortec-breatheflex-pro-schnittschutzhose\/","title":{"rendered":"ARBORTEC BREATHEFLEX PRO SCHNITTSCHUTZHOSE"},"content":{"rendered":"<p>DESCRIPTION DU PRODUIT :<br \/>\nAvec le pantalon Breatheflex Pro, tout est question de poids et de performance. Gr\u00e2ce au polym\u00e8re haute t\u00e9nacit\u00e9, nous pouvons garantir que ce pantalon te prot\u00e9gera bien tout en te laissant la flexibilit\u00e9 n\u00e9cessaire pour te d\u00e9placer avec aisance sur le lieu de travail et dans la canop\u00e9e des arbres. <\/p>\n<p>Le pantalon est dot\u00e9 d&#8217;un panneau incroyablement durable et r\u00e9sistant \u00e0 l&#8217;abrasion sur le devant et la cheville. Le mat\u00e9riau est tiss\u00e9 avec des fibres de Kevlar, ce qui le rend extr\u00eamement r\u00e9sistant aux impacts et aux \u00e9raflures caus\u00e9s par les arbres et les d\u00e9bris quotidiens. <\/p>\n<p>L&#8217;entrejambe est en Kevlar pour \u00e9liminer les d\u00e9chirures et en tissu incroyablement \u00e9lastique qui permet une libert\u00e9 de mouvement et une flexibilit\u00e9 maximales sur l&#8217;arbre.<\/p>\n<p>En se basant sur les commentaires des clients, les pantalons sont d\u00e9sormais dot\u00e9s d&#8217;une NOUVELLE doublure qui offre un confort in\u00e9gal\u00e9 et qui ne retiendra plus la sciure ou les poils des jambes dans le mat\u00e9riau \u00e0 l&#8217;int\u00e9rieur des jambes du pantalon.<\/p>\n<p>CARACT\u00c9RISTIQUES ET AVANTAGES :<br \/>\nCeinture r\u00e9glable.<br \/>\nProtection des reins \u00e0 l&#8217;arri\u00e8re du pantalon pour les bretelles.<br \/>\nCrochets \u00e9lastiques au bas du pantalon pour l&#8217;attacher aux lacets des bottes.<br \/>\nZips YKK sur toutes les poches avec coutures \u00e9tanches.<br \/>\nFentes d&#8217;a\u00e9ration \u00e0 l&#8217;arri\u00e8re du pantalon (mod\u00e8le A uniquement).<br \/>\nDisponible en plusieurs couleurs.<br \/>\nPantalon mod\u00e8le A (protection anti-coupures sur l&#8217;avant des jambes uniquement) la protection est de classe 1 (20 m\/s). EN381-5 Classe 1 (20 m\/s) Mod\u00e8le A.<br \/>\nDisponible en version courte et longue. <\/p>\n","protected":false},"excerpt":{"rendered":"<p>DESCRIPTION DU PRODUIT : Avec le pantalon Breatheflex Pro, tout est question de poids et de performance. Gr\u00e2ce au polym\u00e8re<\/p>\n","protected":false},"featured_media":49358,"template":"","meta":{"_seopress_robots_primary_cat":"","_seopress_titles_title":"","_seopress_titles_desc":"","_seopress_robots_index":""},"product_brand":[3613],"product_cat":[81,1381],"product_tag":[5805],"class_list":{"0":"post-418641","1":"product","2":"type-product","3":"status-publish","4":"has-post-thumbnail","6":"product_brand-arbortec-fr-2","7":"product_cat-vetements","8":"product_cat-vetements-de-travail","9":"product_tag-lucerne2025","10":"sws-gruppo-abb-libero-fr","11":"sws-categoria-sito-fr","12":"sws-conto-ricavi-merci-rivendita-abbigliamento-fr","13":"sws-gruppo-iva-iva81-fr","15":"first","16":"instock","17":"shipping-taxable","18":"purchasable","19":"product-type-variable"},"_links":{"self":[{"href":"https:\/\/lucacastelli.com\/fr\/wp-json\/wp\/v2\/product\/418641","targetHints":{"allow":["GET"]}}],"collection":[{"href":"https:\/\/lucacastelli.com\/fr\/wp-json\/wp\/v2\/product"}],"about":[{"href":"https:\/\/lucacastelli.com\/fr\/wp-json\/wp\/v2\/types\/product"}],"wp:featuredmedia":[{"embeddable":true,"href":"https:\/\/lucacastelli.com\/fr\/wp-json\/wp\/v2\/media\/49358"}],"wp:attachment":[{"href":"https:\/\/lucacastelli.com\/fr\/wp-json\/wp\/v2\/media?parent=418641"}],"wp:term":[{"taxonomy":"product_brand","embeddable":true,"href":"https:\/\/lucacastelli.com\/fr\/wp-json\/wp\/v2\/product_brand?post=418641"},{"taxonomy":"product_cat","embeddable":true,"href":"https:\/\/lucacastelli.com\/fr\/wp-json\/wp\/v2\/product_cat?post=418641"},{"taxonomy":"product_tag","embeddable":true,"href":"https:\/\/lucacastelli.com\/fr\/wp-json\/wp\/v2\/product_tag?post=418641"}],"curies":[{"name":"wp","href":"https:\/\/api.w.org\/{rel}","templated":true}]}}