{"id":418627,"date":"2025-11-19T13:35:50","date_gmt":"2025-11-19T12:35:50","guid":{"rendered":"https:\/\/lucacastelli.com\/prodotto\/arbortec-kudu-plus-jaune\/"},"modified":"2025-12-22T15:03:01","modified_gmt":"2025-12-22T14:03:01","slug":"arbortec-kudu-plus-jaune","status":"publish","type":"product","link":"https:\/\/lucacastelli.com\/fr\/produit\/arbortec-kudu-plus-jaune\/","title":{"rendered":"ARBORTEC KUDU PLUS JAUNE"},"content":{"rendered":"<p>DESCRIPTION DU PRODUIT<br \/>\nKudu Plus est une veste d\u00e9contract\u00e9e et \u00e9l\u00e9gante avec une fermeture \u00e9clair sur le devant. Une couche suppl\u00e9mentaire id\u00e9ale \u00e0 porter au travail ou \u00e0 l&#8217;ext\u00e9rieur.<br \/>\nLa veste pr\u00e9sente une longueur de dos et de bras g\u00e9n\u00e9reuse pour faciliter les mouvements et des poignets avec des boucles de pouce int\u00e9gr\u00e9es.<br \/>\nUne grande poche de poitrine peut facilement contenir un smartphone et dispose d&#8217;un point d&#8217;acc\u00e8s interne pour les \u00e9couteurs.<br \/>\nCARACT\u00c9RISTIQUES<br \/>\nPoche de t\u00e9l\u00e9phone avec port m\u00e9dia<br \/>\nGrandes poches int\u00e9rieures avec porte-cl\u00e9 int\u00e9gr\u00e9<br \/>\nConception en tricot m\u00e9lang\u00e9. <\/p>\n","protected":false},"excerpt":{"rendered":"<p>DESCRIPTION DU PRODUIT Kudu Plus est une veste d\u00e9contract\u00e9e et \u00e9l\u00e9gante avec une fermeture \u00e9clair sur le devant. Une couche<\/p>\n","protected":false},"featured_media":49261,"template":"","meta":{"_seopress_robots_primary_cat":"","_seopress_titles_title":"","_seopress_titles_desc":"","_seopress_robots_index":""},"product_brand":[3613],"product_cat":[81,981,1381,982],"product_tag":[5805],"class_list":{"0":"post-418627","1":"product","2":"type-product","3":"status-publish","4":"has-post-thumbnail","6":"product_brand-arbortec-fr-2","7":"product_cat-vetements","8":"product_cat-vetements-de-loisirs","9":"product_cat-vetements-de-travail","10":"product_cat-vetements-pour-hommes","11":"product_tag-lucerne2025","12":"sws-gruppo-abb-libero-fr","13":"sws-categoria-sito-fr","14":"sws-conto-ricavi-merci-rivendita-abbigliamento-fr","15":"sws-gruppo-iva-iva81-fr","17":"first","18":"instock","19":"shipping-taxable","20":"purchasable","21":"product-type-variable"},"_links":{"self":[{"href":"https:\/\/lucacastelli.com\/fr\/wp-json\/wp\/v2\/product\/418627","targetHints":{"allow":["GET"]}}],"collection":[{"href":"https:\/\/lucacastelli.com\/fr\/wp-json\/wp\/v2\/product"}],"about":[{"href":"https:\/\/lucacastelli.com\/fr\/wp-json\/wp\/v2\/types\/product"}],"wp:featuredmedia":[{"embeddable":true,"href":"https:\/\/lucacastelli.com\/fr\/wp-json\/wp\/v2\/media\/49261"}],"wp:attachment":[{"href":"https:\/\/lucacastelli.com\/fr\/wp-json\/wp\/v2\/media?parent=418627"}],"wp:term":[{"taxonomy":"product_brand","embeddable":true,"href":"https:\/\/lucacastelli.com\/fr\/wp-json\/wp\/v2\/product_brand?post=418627"},{"taxonomy":"product_cat","embeddable":true,"href":"https:\/\/lucacastelli.com\/fr\/wp-json\/wp\/v2\/product_cat?post=418627"},{"taxonomy":"product_tag","embeddable":true,"href":"https:\/\/lucacastelli.com\/fr\/wp-json\/wp\/v2\/product_tag?post=418627"}],"curies":[{"name":"wp","href":"https:\/\/api.w.org\/{rel}","templated":true}]}}