{"id":418576,"date":"2025-02-11T20:00:46","date_gmt":"2025-02-11T19:00:46","guid":{"rendered":"https:\/\/lucacastelli.com\/prodotto\/arbortec-veste-breathedry-a-fermeture-eclair-integrale\/"},"modified":"2025-09-30T11:59:13","modified_gmt":"2025-09-30T09:59:13","slug":"arbortec-veste-breathedry-a-fermeture-eclair-integrale","status":"publish","type":"product","link":"https:\/\/lucacastelli.com\/fr\/produit\/arbortec-veste-breathedry-a-fermeture-eclair-integrale\/","title":{"rendered":"Arbortec Heavy Duty veste \u00e0 fermeture \u00e0 glissi\u00e8re int\u00e9grale Breathedry\u00ae."},"content":{"rendered":"<p>La veste Arbortec HD est un v\u00eatement technique compos\u00e9 d&#8217;un tissu imperm\u00e9able lamin\u00e9 \u00e0 3 couches en 100 % polyester. Arbortec a collabor\u00e9 avec Porelle Membrane pour cr\u00e9er le v\u00eatement imperm\u00e9able et respirant parfait (imperm\u00e9abilit\u00e9 17 000 mm2). La veste est conforme \u00e0 la norme EN 343:2019, classe 4.3 (imperm\u00e9abilit\u00e9 et respirabilit\u00e9).<br \/>\nNous avons renforc\u00e9 les zones les plus sollicit\u00e9es avec un mat\u00e9riau r\u00e9sistant \u00e0 l&#8217;abrasion pour une plus grande durabilit\u00e9 dans les conditions difficiles. Le mat\u00e9riau renforc\u00e9 est fabriqu\u00e9 avec une structure hexagonale articul\u00e9e pour un ajustement confortable et une plus grande mobilit\u00e9.<br \/>\nLe long dos des vestes permet \u00e0 l&#8217;eau de s&#8217;\u00e9couler par le haut. Le long dos peut \u00e9galement \u00eatre repli\u00e9 derri\u00e8re le harnais pour \u00e9viter que les vestes ne remontent dans le dos.<br \/>\nLa grande capuche est compatible avec le port d&#8217;un casque, avec une visi\u00e8re moulable. La capuche peut \u00eatre enlev\u00e9e ou rang\u00e9e \u00e0 l&#8217;arri\u00e8re de la veste.<br \/>\nGrande poche zipp\u00e9e \u00e0 l&#8217;avant de la veste avec fermetures \u00e9clair \u00e9tanches et rabat coupe-vent. Une poche de poitrine dissimul\u00e9e est incluse, qui est \u00e9galement prot\u00e9g\u00e9e par le grand rabat coupe-vent recouvrant la fermeture \u00e9clair principale de la poitrine.<br \/>\nStyle : veste avec fermeture \u00e9clair compl\u00e8te<br \/>\nCouleurs : rouge<br \/>\nPoids moyen : 1,1 kg<br \/>\nNorme : EN 343:2019, classe 4.3 (imperm\u00e9able et respirant)<br \/>\nTailles : XS &#8211; 5XL<br \/>\nCaract\u00e9ristiques :<br \/>\nMembranes Porell Tissu 3 couches lamin\u00e9 imperm\u00e9able et respirant 100 % polyester. (&gt;17 000 mm2 imperm\u00e9able)<br \/>\nPatchs renforc\u00e9s sur les \u00e9paules, les coudes et les avant-bras en tissu hexagonal [avec motifs g\u00e9om\u00e9triques<br \/>\nGrande capuche r\u00e9glable avec visi\u00e8re moulable. La capuche peut \u00eatre retir\u00e9e ou rang\u00e9e au dos de la veste.<br \/>\nRabats de protection sur les fermetures \u00e9clair et les fermetures \u00e9clair \u00e9tanches. Et des boutons-pression durables.<br \/>\nDos long pour permettre \u00e0 l&#8217;eau de s&#8217;\u00e9couler par le haut. Pour les grimpeurs, la veste peut \u00eatre rentr\u00e9e derri\u00e8re le harnais<br \/>\nCordons int\u00e9rieurs pour un meilleur ajustement de la veste<br \/>\nFermetures \u00e9clair sous les bras pour l&#8217;a\u00e9ration<br \/>\nPoignets en velcro<br \/>\nPassepoils haute visibilit\u00e9<br \/>\nLes vestes haute visibilit\u00e9 sont \u00e9quip\u00e9es d&#8217;autocollants r\u00e9fl\u00e9chissants hexagonaux haute visibilit\u00e9.      <\/p>\n","protected":false},"excerpt":{"rendered":"<p>La veste Arbortec HD est un v\u00eatement technique compos\u00e9 d&#8217;un tissu imperm\u00e9able lamin\u00e9 \u00e0 3 couches en 100 % polyester.<\/p>\n","protected":false},"featured_media":96696,"template":"","meta":{"_seopress_robots_primary_cat":"","_seopress_titles_title":"","_seopress_titles_desc":"","_seopress_robots_index":""},"product_brand":[3613],"product_cat":[81,1381],"product_tag":[5805],"class_list":{"0":"post-418576","1":"product","2":"type-product","3":"status-publish","4":"has-post-thumbnail","6":"product_brand-arbortec-fr-2","7":"product_cat-vetements","8":"product_cat-vetements-de-travail","9":"product_tag-lucerne2025","10":"sws-gruppo-abb-libero-fr","11":"sws-categoria-sito-fr","12":"sws-conto-ricavi-merci-rivendita-abbigliamento-fr","13":"sws-gruppo-iva-iva81-fr","15":"first","16":"instock","17":"shipping-taxable","18":"purchasable","19":"product-type-variable"},"_links":{"self":[{"href":"https:\/\/lucacastelli.com\/fr\/wp-json\/wp\/v2\/product\/418576","targetHints":{"allow":["GET"]}}],"collection":[{"href":"https:\/\/lucacastelli.com\/fr\/wp-json\/wp\/v2\/product"}],"about":[{"href":"https:\/\/lucacastelli.com\/fr\/wp-json\/wp\/v2\/types\/product"}],"wp:featuredmedia":[{"embeddable":true,"href":"https:\/\/lucacastelli.com\/fr\/wp-json\/wp\/v2\/media\/96696"}],"wp:attachment":[{"href":"https:\/\/lucacastelli.com\/fr\/wp-json\/wp\/v2\/media?parent=418576"}],"wp:term":[{"taxonomy":"product_brand","embeddable":true,"href":"https:\/\/lucacastelli.com\/fr\/wp-json\/wp\/v2\/product_brand?post=418576"},{"taxonomy":"product_cat","embeddable":true,"href":"https:\/\/lucacastelli.com\/fr\/wp-json\/wp\/v2\/product_cat?post=418576"},{"taxonomy":"product_tag","embeddable":true,"href":"https:\/\/lucacastelli.com\/fr\/wp-json\/wp\/v2\/product_tag?post=418576"}],"curies":[{"name":"wp","href":"https:\/\/api.w.org\/{rel}","templated":true}]}}