{"id":418573,"date":"2025-02-12T07:15:44","date_gmt":"2025-02-12T06:15:44","guid":{"rendered":"https:\/\/lucacastelli.com\/prodotto\/bretelles-robustes-arbortec-pour-pantalons-de-tronconneuse\/"},"modified":"2025-10-24T10:45:12","modified_gmt":"2025-10-24T08:45:12","slug":"bretelles-robustes-arbortec-pour-pantalons-de-tronconneuse","status":"publish","type":"product","link":"https:\/\/lucacastelli.com\/fr\/produit\/bretelles-robustes-arbortec-pour-pantalons-de-tronconneuse\/","title":{"rendered":"Arbortec Heavy Duty supports pour pantalons de tron\u00e7onneuse."},"content":{"rendered":"<p>Am\u00e9liore ta tenue foresti\u00e8re avec les pantalons de b\u00fbcheronnage d&#8217;Arbortec, con\u00e7us pour offrir un confort et une durabilit\u00e9 in\u00e9gal\u00e9s dans les environnements de travail exigeants. Fabriqu\u00e9es \u00e0 partir de sangles extensibles durables de 5 cm, ces bretelles offrent un soutien solide en r\u00e9partissant efficacement le poids du pantalon de b\u00fbcheron et en minimisant les tensions lors d&#8217;une utilisation prolong\u00e9e.<x id=\"gid_0\"><\/x>Dot\u00e9es d&#8217;une finition douce et confortable, elles am\u00e9liorent le confort g\u00e9n\u00e9ral tout au long de la journ\u00e9e. Les ajustements en acier permettent une personnalisation sans effort, garantissant un ajustement s\u00fbr adapt\u00e9 \u00e0 tes pr\u00e9f\u00e9rences.<x id=\"gid_1\"><\/x>D&#8217;une longueur de 27 cm, la pi\u00e8ce dorsale de ces bretelles offre une couverture et un soutien suffisants. De plus, les bretelles r\u00e9glables, d&#8217;une longueur allant de 45 cm \u00e0 85 cm, offrent une grande polyvalence pour s&#8217;adapter \u00e0 diff\u00e9rents types de corps et de pr\u00e9f\u00e9rences.<br \/>\n\u00c9tudie les harnais Arbortec pour les pantalons d&#8217;abattage pour d\u00e9couvrir la combinaison parfaite de confort, de durabilit\u00e9 et de fonctionnalit\u00e9, te permettant d&#8217;aborder les travaux forestiers avec confiance et facilit\u00e9.<br \/>\nCARACT\u00c9RISTIQUES :<br \/>\nTissu extensible durable de 5 cm.<br \/>\nFinition douce et confortable.<br \/>\nR\u00e9glages en acier.<br \/>\nLongueur du dos : 27 cm.<br \/>\nLongueur de la sangle d&#8217;\u00e9paule : r\u00e9glable de 45 \u00e0 85 cm.   <\/p>\n","protected":false},"excerpt":{"rendered":"<p>Am\u00e9liore ta tenue foresti\u00e8re avec les pantalons de b\u00fbcheronnage d&#8217;Arbortec, con\u00e7us pour offrir un confort et une durabilit\u00e9 in\u00e9gal\u00e9s dans<\/p>\n","protected":false},"featured_media":96715,"template":"","meta":{"_seopress_robots_primary_cat":"","_seopress_titles_title":"","_seopress_titles_desc":"","_seopress_robots_index":""},"product_brand":[3412],"product_cat":[21,284],"product_tag":[5803],"class_list":{"0":"post-418573","1":"product","2":"type-product","3":"status-publish","4":"has-post-thumbnail","6":"product_brand-arbortec","7":"product_cat-abbigliamento","8":"product_cat-abbigliamento-da-lavoro","9":"product_tag-lucerna2025","10":"sws-gruppo-abb-libero-fr","11":"sws-categoria-sito-fr","12":"sws-conto-ricavi-merci-rivendita-abbigliamento-fr","13":"sws-gruppo-iva-iva81-fr","15":"first","16":"instock","17":"sale","18":"shipping-taxable","19":"purchasable","20":"product-type-simple"},"_links":{"self":[{"href":"https:\/\/lucacastelli.com\/fr\/wp-json\/wp\/v2\/product\/418573","targetHints":{"allow":["GET"]}}],"collection":[{"href":"https:\/\/lucacastelli.com\/fr\/wp-json\/wp\/v2\/product"}],"about":[{"href":"https:\/\/lucacastelli.com\/fr\/wp-json\/wp\/v2\/types\/product"}],"wp:featuredmedia":[{"embeddable":true,"href":"https:\/\/lucacastelli.com\/fr\/wp-json\/wp\/v2\/media\/96715"}],"wp:attachment":[{"href":"https:\/\/lucacastelli.com\/fr\/wp-json\/wp\/v2\/media?parent=418573"}],"wp:term":[{"taxonomy":"product_brand","embeddable":true,"href":"https:\/\/lucacastelli.com\/fr\/wp-json\/wp\/v2\/product_brand?post=418573"},{"taxonomy":"product_cat","embeddable":true,"href":"https:\/\/lucacastelli.com\/fr\/wp-json\/wp\/v2\/product_cat?post=418573"},{"taxonomy":"product_tag","embeddable":true,"href":"https:\/\/lucacastelli.com\/fr\/wp-json\/wp\/v2\/product_tag?post=418573"}],"curies":[{"name":"wp","href":"https:\/\/api.w.org\/{rel}","templated":true}]}}