{"id":418511,"date":"2023-11-08T14:20:13","date_gmt":"2023-11-08T13:20:13","guid":{"rendered":"https:\/\/lucacastelli.com\/prodotto\/pfanner-gladiator-keprotec-schnittschutzhose-light-subvariant\/"},"modified":"2026-04-17T23:43:55","modified_gmt":"2026-04-17T21:43:55","slug":"pfanner-gladiator-keprotec-schnittschutzhose-light-subvariant","status":"publish","type":"product","link":"https:\/\/lucacastelli.com\/fr\/produit\/pfanner-gladiator-keprotec-schnittschutzhose-light-subvariant\/","title":{"rendered":"PFANNER Gladiator Pantalon anti-coupures l\u00e9ger Keprotec"},"content":{"rendered":"<p>Le pantalon anti-coupure Gladiator\u00ae Keprotec Light est encore plus l\u00e9ger et confortable \u00e0 porter gr\u00e2ce au tissu respirant \u00e0 l\u2019entrejambe et au fessier. L\u2019objectif du d\u00e9veloppement \u00e9tait de cr\u00e9er un pantalon anti-coupure pratique pour les journ\u00e9es chaudes avec la qualit\u00e9 habituelle de Pfanner \u00e0 un prix attractif. Ce pantalon anti-coupure est destin\u00e9 \u00e0 tous ceux qui ne peuvent pas se passer de protection anti-coupure, m\u00eame en \u00e9t\u00e9. Il est \u00e9quip\u00e9 de renforts Gladiator\u00ae aux genoux, d\u2019une poche arri\u00e8re, de poches lat\u00e9rales et d\u2019une poche pour m\u00e8tre, ainsi que de deux poches avant. Le tissu respirant garantit un confort optimal m\u00eame lors des journ\u00e9es les plus chaudes.<br \/>\n-Protection anti-coupure classe 1<br \/>\n-Tissu Keprotec sur le devant de la cuisse, du mollet et au niveau du talon<br \/>\n-Renforts Gladiator\u00ae aux genoux<br \/>\n-Tissu ind\u00e9chirable 4Way-Stretch<br \/>\n-Poches arri\u00e8re, lat\u00e9rales et pour m\u00e8tre<br \/>\n-Fentes d\u2019a\u00e9ration des deux c\u00f4t\u00e9s<br \/>\n-Partie arri\u00e8re sur\u00e9lev\u00e9e (protection des reins)<br \/>\n-Ic\u00f4ne r\u00e9fl\u00e9chissante sur le mollet gauche<br \/>\n-Version estivale avec tissu respirant \u00e0 l\u2019entrejambe et au fessier    <\/p>\n<p>Mati\u00e8re :<br \/>\nTissu extensible : 92 % polyamide, 8 % \u00e9lasthanne<br \/>\nRenfort aux genoux : 100 % polyamide<br \/>\nDoublure : 100 % polyester Cocona<br \/>\nProtection anti-coupure : Avertic Engtex Pro (classe 1, 20 m\/s)<br \/>\nNormes<br \/>\nEN 381-5 Classe 1 \/ Type A<\/p>\n","protected":false},"excerpt":{"rendered":"<p>Le pantalon anti-coupure Gladiator\u00ae Keprotec Light est encore plus l\u00e9ger et confortable \u00e0 porter gr\u00e2ce au tissu respirant \u00e0 l\u2019entrejambe<\/p>\n","protected":false},"featured_media":45983,"template":"","meta":{"_seopress_robots_primary_cat":"none","_seopress_titles_title":"","_seopress_titles_desc":"","_seopress_robots_index":""},"product_brand":[3669],"product_cat":[81,1381],"product_tag":[],"class_list":{"0":"post-418511","1":"product","2":"type-product","3":"status-publish","4":"has-post-thumbnail","6":"product_brand-pfanner-fr","7":"product_cat-vetements","8":"product_cat-vetements-de-travail","9":"sws-gruppo-no-gruppo-fr","10":"sws-categoria-sito-fr","11":"sws-sottocategoria-altro-fr","12":"sws-conto-ricavi-merci-rivendita-abbigliamento-fr","13":"sws-gruppo-iva-iva81-fr","15":"first","16":"instock","17":"shipping-taxable","18":"purchasable","19":"product-type-variable"},"_links":{"self":[{"href":"https:\/\/lucacastelli.com\/fr\/wp-json\/wp\/v2\/product\/418511","targetHints":{"allow":["GET"]}}],"collection":[{"href":"https:\/\/lucacastelli.com\/fr\/wp-json\/wp\/v2\/product"}],"about":[{"href":"https:\/\/lucacastelli.com\/fr\/wp-json\/wp\/v2\/types\/product"}],"wp:featuredmedia":[{"embeddable":true,"href":"https:\/\/lucacastelli.com\/fr\/wp-json\/wp\/v2\/media\/45983"}],"wp:attachment":[{"href":"https:\/\/lucacastelli.com\/fr\/wp-json\/wp\/v2\/media?parent=418511"}],"wp:term":[{"taxonomy":"product_brand","embeddable":true,"href":"https:\/\/lucacastelli.com\/fr\/wp-json\/wp\/v2\/product_brand?post=418511"},{"taxonomy":"product_cat","embeddable":true,"href":"https:\/\/lucacastelli.com\/fr\/wp-json\/wp\/v2\/product_cat?post=418511"},{"taxonomy":"product_tag","embeddable":true,"href":"https:\/\/lucacastelli.com\/fr\/wp-json\/wp\/v2\/product_tag?post=418511"}],"curies":[{"name":"wp","href":"https:\/\/api.w.org\/{rel}","templated":true}]}}