{"id":418479,"date":"2023-11-08T13:09:07","date_gmt":"2023-11-08T12:09:07","guid":{"rendered":"https:\/\/lucacastelli.com\/prodotto\/pfanner-chemise-en-merinos-tencel-kurzarm\/"},"modified":"2026-04-17T23:43:50","modified_gmt":"2026-04-17T21:43:50","slug":"pfanner-chemise-en-merinos-tencel-kurzarm","status":"publish","type":"product","link":"https:\/\/lucacastelli.com\/fr\/produit\/pfanner-chemise-en-merinos-tencel-kurzarm\/","title":{"rendered":"Chemise PFANNER Merino-Tencel manches courtes"},"content":{"rendered":"<p>Le Tencel\u2122 associ\u00e9 \u00e0 la laine m\u00e9rinos se distingue par sa capacit\u00e9 \u00e0 g\u00e9rer l&#8217;humidit\u00e9 de mani\u00e8re exceptionnelle. Cette combinaison de fibres absorbe davantage d&#8217;eau sans que le tissu ne soit mouill\u00e9, \u00e9vacue efficacement l&#8217;humidit\u00e9 du corps et r\u00e9siste aux odeurs. Les 3 % d&#8217;\u00e9lasthanne garantissent un maintien durable de la forme. Gr\u00e2ce \u00e0 sa coupe sportive et ajust\u00e9e, la chemise Merino-Tencel\u2122 offre une libert\u00e9 de mouvement illimit\u00e9e.   <\/p>\n","protected":false},"excerpt":{"rendered":"<p>Le Tencel\u2122 associ\u00e9 \u00e0 la laine m\u00e9rinos se distingue par sa capacit\u00e9 \u00e0 g\u00e9rer l&#8217;humidit\u00e9 de mani\u00e8re exceptionnelle. Cette combinaison<\/p>\n","protected":false},"featured_media":45920,"template":"","meta":{"_seopress_robots_primary_cat":"","_seopress_titles_title":"","_seopress_titles_desc":"","_seopress_robots_index":""},"product_brand":[3669],"product_cat":[81,1381],"product_tag":[],"class_list":{"0":"post-418479","1":"product","2":"type-product","3":"status-publish","4":"has-post-thumbnail","6":"product_brand-pfanner-fr","7":"product_cat-vetements","8":"product_cat-vetements-de-travail","9":"sws-gruppo-no-gruppo-fr","10":"sws-categoria-sito-fr","11":"sws-sottocategoria-altro-fr","12":"sws-conto-ricavi-merci-rivendita-abbigliamento-fr","13":"sws-gruppo-iva-iva81-fr","15":"first","16":"instock","17":"shipping-taxable","18":"purchasable","19":"product-type-variable"},"_links":{"self":[{"href":"https:\/\/lucacastelli.com\/fr\/wp-json\/wp\/v2\/product\/418479","targetHints":{"allow":["GET"]}}],"collection":[{"href":"https:\/\/lucacastelli.com\/fr\/wp-json\/wp\/v2\/product"}],"about":[{"href":"https:\/\/lucacastelli.com\/fr\/wp-json\/wp\/v2\/types\/product"}],"wp:featuredmedia":[{"embeddable":true,"href":"https:\/\/lucacastelli.com\/fr\/wp-json\/wp\/v2\/media\/45920"}],"wp:attachment":[{"href":"https:\/\/lucacastelli.com\/fr\/wp-json\/wp\/v2\/media?parent=418479"}],"wp:term":[{"taxonomy":"product_brand","embeddable":true,"href":"https:\/\/lucacastelli.com\/fr\/wp-json\/wp\/v2\/product_brand?post=418479"},{"taxonomy":"product_cat","embeddable":true,"href":"https:\/\/lucacastelli.com\/fr\/wp-json\/wp\/v2\/product_cat?post=418479"},{"taxonomy":"product_tag","embeddable":true,"href":"https:\/\/lucacastelli.com\/fr\/wp-json\/wp\/v2\/product_tag?post=418479"}],"curies":[{"name":"wp","href":"https:\/\/api.w.org\/{rel}","templated":true}]}}