{"id":418324,"date":"2022-12-12T10:30:37","date_gmt":"2022-12-12T09:30:37","guid":{"rendered":"https:\/\/lucacastelli.com\/prodotto\/pfanner-stretchflex-ice-grip\/"},"modified":"2026-04-18T00:00:59","modified_gmt":"2026-04-17T22:00:59","slug":"pfanner-stretchflex-ice-grip","status":"publish","type":"product","link":"https:\/\/lucacastelli.com\/fr\/produit\/pfanner-stretchflex-ice-grip\/","title":{"rendered":"PFANNER StretchFlex Ice Grip"},"content":{"rendered":"<p>Le StretchFlex\u00ae Ice Grip est un gant en tricot thermique offrant une bonne prise. Les extr\u00e9mit\u00e9s des doigts et les paumes sont recouvertes d&#8217;un rev\u00eatement acrylique. Ce rev\u00eatement est extr\u00eamement hydrofuge et sa texture rugueuse le rend particuli\u00e8rement adapt\u00e9 aux journ\u00e9es humides et glaciales. Le poignet \u00e9lastique avec velcro emp\u00eache les corps \u00e9trangers de p\u00e9n\u00e9trer dans le gant.   <\/p>\n<p>&#8211; Technologie StretchFlex<br \/>\n&#8211; Haute respirabilit\u00e9<br \/>\n&#8211; Lavable<br \/>\n&#8211; Poignet \u00e9lastique avec velcro<\/p>\n<p>Polyamide, acrylique<\/p>\n","protected":false},"excerpt":{"rendered":"<p>Le StretchFlex\u00ae Ice Grip est un gant en tricot thermique offrant une bonne prise. Les extr\u00e9mit\u00e9s des doigts et les<\/p>\n","protected":false},"featured_media":43951,"template":"","meta":{"_seopress_robots_primary_cat":"","_seopress_titles_title":"","_seopress_titles_desc":"","_seopress_robots_index":""},"product_brand":[3669],"product_cat":[81,1381],"product_tag":[],"class_list":{"0":"post-418324","1":"product","2":"type-product","3":"status-publish","4":"has-post-thumbnail","6":"product_brand-pfanner-fr","7":"product_cat-vetements","8":"product_cat-vetements-de-travail","9":"sws-gruppo-no-gruppo-fr","10":"sws-categoria-sito-fr","11":"sws-sottocategoria-altro-fr","12":"sws-conto-ricavi-merci-rivendita-abbigliamento-fr","13":"sws-gruppo-iva-iva81-fr","15":"first","16":"instock","17":"shipping-taxable","18":"purchasable","19":"product-type-variable"},"_links":{"self":[{"href":"https:\/\/lucacastelli.com\/fr\/wp-json\/wp\/v2\/product\/418324","targetHints":{"allow":["GET"]}}],"collection":[{"href":"https:\/\/lucacastelli.com\/fr\/wp-json\/wp\/v2\/product"}],"about":[{"href":"https:\/\/lucacastelli.com\/fr\/wp-json\/wp\/v2\/types\/product"}],"wp:featuredmedia":[{"embeddable":true,"href":"https:\/\/lucacastelli.com\/fr\/wp-json\/wp\/v2\/media\/43951"}],"wp:attachment":[{"href":"https:\/\/lucacastelli.com\/fr\/wp-json\/wp\/v2\/media?parent=418324"}],"wp:term":[{"taxonomy":"product_brand","embeddable":true,"href":"https:\/\/lucacastelli.com\/fr\/wp-json\/wp\/v2\/product_brand?post=418324"},{"taxonomy":"product_cat","embeddable":true,"href":"https:\/\/lucacastelli.com\/fr\/wp-json\/wp\/v2\/product_cat?post=418324"},{"taxonomy":"product_tag","embeddable":true,"href":"https:\/\/lucacastelli.com\/fr\/wp-json\/wp\/v2\/product_tag?post=418324"}],"curies":[{"name":"wp","href":"https:\/\/api.w.org\/{rel}","templated":true}]}}