{"id":418282,"date":"2022-12-01T09:45:29","date_gmt":"2022-12-01T08:45:29","guid":{"rendered":"https:\/\/lucacastelli.com\/prodotto\/pfanner-stretchflex-thermo\/"},"modified":"2025-11-18T20:00:38","modified_gmt":"2025-11-18T19:00:38","slug":"pfanner-stretchflex-thermo","status":"publish","type":"product","link":"https:\/\/lucacastelli.com\/fr\/produit\/pfanner-stretchflex-thermo\/","title":{"rendered":"PFANNER StretchFlex\u00ae Thermo"},"content":{"rendered":"<p>&#8211; Technologie StretchFlex<br \/>\n&#8211; Surface int\u00e9rieure sans couture<br \/>\n&#8211; Id\u00e9al pour le travail des<br \/>\n m\u00e9taux- Reste \u00e9lastique<br \/>\n&#8211; Poignet \u00e9lastique avec velcro<\/p>\n<p>Le StretchFlex\u00ae Thermo est un gant d\u2019hiver. Il s\u2019adapte parfaitement \u00e0 la forme de la main gr\u00e2ce \u00e0 la technologie \u00e9prouv\u00e9e StrechFlex\u00ae. Gr\u00e2ce \u00e0 la paume sans couture, le gant thermique a une tr\u00e8s bonne adh\u00e9rence. Le StretchFlex\u00ae Thermo est id\u00e9al pour les travaux \u00e0 froid et \u00e0 sec.   <\/p>\n","protected":false},"excerpt":{"rendered":"<p>&#8211; Technologie StretchFlex &#8211; Surface int\u00e9rieure sans couture &#8211; Id\u00e9al pour le travail des m\u00e9taux- Reste \u00e9lastique &#8211; Poignet \u00e9lastique<\/p>\n","protected":false},"featured_media":43918,"template":"","meta":{"_seopress_robots_primary_cat":"","_seopress_titles_title":"","_seopress_titles_desc":"","_seopress_robots_index":""},"product_brand":[3669],"product_cat":[81,1381],"product_tag":[],"class_list":{"0":"post-418282","1":"product","2":"type-product","3":"status-publish","4":"has-post-thumbnail","6":"product_brand-pfanner-fr","7":"product_cat-vetements","8":"product_cat-vetements-de-travail","9":"sws-gruppo-no-gruppo-fr","10":"sws-categoria-sito-fr","11":"sws-sottocategoria-altro-fr","12":"sws-conto-ricavi-merci-rivendita-abbigliamento-fr","13":"sws-gruppo-iva-iva81-fr","15":"first","16":"instock","17":"shipping-taxable","18":"purchasable","19":"product-type-variable"},"_links":{"self":[{"href":"https:\/\/lucacastelli.com\/fr\/wp-json\/wp\/v2\/product\/418282","targetHints":{"allow":["GET"]}}],"collection":[{"href":"https:\/\/lucacastelli.com\/fr\/wp-json\/wp\/v2\/product"}],"about":[{"href":"https:\/\/lucacastelli.com\/fr\/wp-json\/wp\/v2\/types\/product"}],"wp:featuredmedia":[{"embeddable":true,"href":"https:\/\/lucacastelli.com\/fr\/wp-json\/wp\/v2\/media\/43918"}],"wp:attachment":[{"href":"https:\/\/lucacastelli.com\/fr\/wp-json\/wp\/v2\/media?parent=418282"}],"wp:term":[{"taxonomy":"product_brand","embeddable":true,"href":"https:\/\/lucacastelli.com\/fr\/wp-json\/wp\/v2\/product_brand?post=418282"},{"taxonomy":"product_cat","embeddable":true,"href":"https:\/\/lucacastelli.com\/fr\/wp-json\/wp\/v2\/product_cat?post=418282"},{"taxonomy":"product_tag","embeddable":true,"href":"https:\/\/lucacastelli.com\/fr\/wp-json\/wp\/v2\/product_tag?post=418282"}],"curies":[{"name":"wp","href":"https:\/\/api.w.org\/{rel}","templated":true}]}}