{"id":418252,"date":"2022-07-14T08:40:56","date_gmt":"2022-07-14T06:40:56","guid":{"rendered":"https:\/\/lucacastelli.com\/prodotto\/pfanner-protos-klima-air-set\/"},"modified":"2026-03-17T09:35:16","modified_gmt":"2026-03-17T08:35:16","slug":"pfanner-protos-klima-air-set","status":"publish","type":"product","link":"https:\/\/lucacastelli.com\/fr\/produit\/pfanner-protos-klima-air-set\/","title":{"rendered":"PFANNER Protos Klima-AIR-Set"},"content":{"rendered":"<p>L&#8217;ensemble comprenant les \u00e9l\u00e9ments principaux et de soutien de la nuque ainsi que le bandeau est fabriqu\u00e9 en fibres fonctionnelles Cocona de haute qualit\u00e9 en combinaison avec la technologie KlimaAIR. En combinaison avec le coussin principal optimis\u00e9, l&#8217;ensemble assure une circulation optimale de l&#8217;air sur la t\u00eate. L&#8217;ensemble complet est amovible et lavable en machine \u00e0 30\u00b0 C maximum.  <\/p>\n","protected":false},"excerpt":{"rendered":"<p>L&#8217;ensemble comprenant les \u00e9l\u00e9ments principaux et de soutien de la nuque ainsi que le bandeau est fabriqu\u00e9 en fibres fonctionnelles<\/p>\n","protected":false},"featured_media":601649,"template":"","meta":{"_seopress_robots_primary_cat":"none","_seopress_titles_title":"","_seopress_titles_desc":"","_seopress_robots_index":""},"product_brand":[3669,4722],"product_cat":[1405,144,1397,1412],"product_tag":[],"class_list":{"0":"post-418252","1":"product","2":"type-product","3":"status-publish","4":"has-post-thumbnail","6":"product_brand-pfanner-fr","7":"product_brand-protos-fr","8":"product_cat-casques","9":"product_cat-equipement","10":"product_cat-equipement-de-travail","11":"product_cat-visieres-et-lunettes","12":"sws-gruppo-no-gruppo","13":"sws-categoria-sito","14":"sws-sottocategoria-altro","15":"sws-conto-ricavi-merci-rivendita-abbigliamento","16":"sws-gruppo-iva-iva81","18":"first","19":"onbackorder","20":"shipping-taxable","21":"purchasable","22":"product-type-simple"},"_links":{"self":[{"href":"https:\/\/lucacastelli.com\/fr\/wp-json\/wp\/v2\/product\/418252","targetHints":{"allow":["GET"]}}],"collection":[{"href":"https:\/\/lucacastelli.com\/fr\/wp-json\/wp\/v2\/product"}],"about":[{"href":"https:\/\/lucacastelli.com\/fr\/wp-json\/wp\/v2\/types\/product"}],"wp:featuredmedia":[{"embeddable":true,"href":"https:\/\/lucacastelli.com\/fr\/wp-json\/wp\/v2\/media\/601649"}],"wp:attachment":[{"href":"https:\/\/lucacastelli.com\/fr\/wp-json\/wp\/v2\/media?parent=418252"}],"wp:term":[{"taxonomy":"product_brand","embeddable":true,"href":"https:\/\/lucacastelli.com\/fr\/wp-json\/wp\/v2\/product_brand?post=418252"},{"taxonomy":"product_cat","embeddable":true,"href":"https:\/\/lucacastelli.com\/fr\/wp-json\/wp\/v2\/product_cat?post=418252"},{"taxonomy":"product_tag","embeddable":true,"href":"https:\/\/lucacastelli.com\/fr\/wp-json\/wp\/v2\/product_tag?post=418252"}],"curies":[{"name":"wp","href":"https:\/\/api.w.org\/{rel}","templated":true}]}}