{"id":417991,"date":"2023-06-01T07:37:23","date_gmt":"2023-06-01T05:37:23","guid":{"rendered":"https:\/\/lucacastelli.com\/prodotto\/chemise-pfanner-holzer\/"},"modified":"2026-04-17T23:57:53","modified_gmt":"2026-04-17T21:57:53","slug":"chemise-pfanner-holzer","status":"publish","type":"product","link":"https:\/\/lucacastelli.com\/fr\/produit\/chemise-pfanner-holzer\/","title":{"rendered":"T-shirt PFANNER Holzer"},"content":{"rendered":"<p>Les T-shirts \u00e9prouv\u00e9s sont d\u00e9sormais d\u00e9clin\u00e9s en un lot de trois couleurs avec le logo Holzer sur la poitrine \u00e0 gauche.<\/p>\n<p>&#8211; Meilleure tenue de forme gr\u00e2ce au renfort d\u2019\u00e9paule \u00e0 \u00e9paule.<br \/>\n&#8211; Sans coutures lat\u00e9rales<br \/>\n&#8211; Logo Holzer sur la poitrine \u00e0 gauche<\/p>\n<p>Vert fum\u00e9\/for\u00eat : 100 % coton ; noir brillant :<br \/>\n80 % coton, 20 % polyester<\/p>\n","protected":false},"excerpt":{"rendered":"<p>Les T-shirts \u00e9prouv\u00e9s sont d\u00e9sormais d\u00e9clin\u00e9s en un lot de trois couleurs avec le logo Holzer sur la poitrine \u00e0<\/p>\n","protected":false},"featured_media":44644,"template":"","meta":{"_seopress_robots_primary_cat":"","_seopress_titles_title":"","_seopress_titles_desc":"","_seopress_robots_index":""},"product_brand":[3669],"product_cat":[81,1381],"product_tag":[],"class_list":{"0":"post-417991","1":"product","2":"type-product","3":"status-publish","4":"has-post-thumbnail","6":"product_brand-pfanner-fr","7":"product_cat-vetements","8":"product_cat-vetements-de-travail","9":"sws-gruppo-no-gruppo-fr","10":"sws-categoria-sito-fr","11":"sws-sottocategoria-altro-fr","12":"sws-conto-ricavi-merci-rivendita-abbigliamento-fr","13":"sws-gruppo-iva-iva81-fr","15":"first","16":"instock","17":"shipping-taxable","18":"purchasable","19":"product-type-variable"},"_links":{"self":[{"href":"https:\/\/lucacastelli.com\/fr\/wp-json\/wp\/v2\/product\/417991","targetHints":{"allow":["GET"]}}],"collection":[{"href":"https:\/\/lucacastelli.com\/fr\/wp-json\/wp\/v2\/product"}],"about":[{"href":"https:\/\/lucacastelli.com\/fr\/wp-json\/wp\/v2\/types\/product"}],"wp:featuredmedia":[{"embeddable":true,"href":"https:\/\/lucacastelli.com\/fr\/wp-json\/wp\/v2\/media\/44644"}],"wp:attachment":[{"href":"https:\/\/lucacastelli.com\/fr\/wp-json\/wp\/v2\/media?parent=417991"}],"wp:term":[{"taxonomy":"product_brand","embeddable":true,"href":"https:\/\/lucacastelli.com\/fr\/wp-json\/wp\/v2\/product_brand?post=417991"},{"taxonomy":"product_cat","embeddable":true,"href":"https:\/\/lucacastelli.com\/fr\/wp-json\/wp\/v2\/product_cat?post=417991"},{"taxonomy":"product_tag","embeddable":true,"href":"https:\/\/lucacastelli.com\/fr\/wp-json\/wp\/v2\/product_tag?post=417991"}],"curies":[{"name":"wp","href":"https:\/\/api.w.org\/{rel}","templated":true}]}}